{"id":738,"date":"2025-09-08T17:14:27","date_gmt":"2025-09-08T15:14:27","guid":{"rendered":"https:\/\/jungledoc.com\/shop-2\/"},"modified":"2026-02-09T05:36:57","modified_gmt":"2026-02-09T04:36:57","slug":"shop-2","status":"publish","type":"page","link":"https:\/\/jungledoc.com\/en\/shop-2\/","title":{"rendered":"Shop"},"content":{"rendered":"<p>[et_pb_section fb_built=&#8221;1&#8243; _builder_version=&#8221;4.27.4&#8243; _module_preset=&#8221;default&#8221; background_color=&#8221;#000000&#8243; custom_padding=&#8221;||2px|||&#8221; global_colors_info=&#8221;{}&#8221;][et_pb_row _builder_version=&#8221;4.27.4&#8243; _module_preset=&#8221;default&#8221; global_colors_info=&#8221;{}&#8221;][et_pb_column type=&#8221;4_4&#8243; _builder_version=&#8221;4.27.4&#8243; _module_preset=&#8221;default&#8221; global_colors_info=&#8221;{}&#8221;][et_pb_text _builder_version=&#8221;4.27.4&#8243; _module_preset=&#8221;default&#8221; global_colors_info=&#8221;{}&#8221;]<\/p>\n<h1>Shop<\/h1>\n<p>[\/et_pb_text][\/et_pb_column][\/et_pb_row][et_pb_row _builder_version=&#8221;4.27.4&#8243; _module_preset=&#8221;default&#8221; custom_padding=&#8221;5px|||||&#8221; global_colors_info=&#8221;{}&#8221;][et_pb_column type=&#8221;4_4&#8243; _builder_version=&#8221;4.27.4&#8243; _module_preset=&#8221;default&#8221; global_colors_info=&#8221;{}&#8221;][et_pb_text _builder_version=&#8221;4.27.4&#8243; _module_preset=&#8221;default&#8221; text_font_size=&#8221;24px&#8221; global_colors_info=&#8221;{}&#8221;]<\/p>\n<p>Our documentaries on VOD (one-week rental or lifetime viewing) are available <a href=\"https:\/\/jungledoc.com\/en\/vod\/\">HERE<\/a>.<\/p>\n<p>[\/et_pb_text][\/et_pb_column][\/et_pb_row][et_pb_row column_structure=&#8221;1_4,1_2,1_4&#8243; _builder_version=&#8221;4.27.4&#8243; _module_preset=&#8221;default&#8221; global_colors_info=&#8221;{}&#8221;][et_pb_column type=&#8221;1_4&#8243; _builder_version=&#8221;4.27.4&#8243; _module_preset=&#8221;default&#8221; global_colors_info=&#8221;{}&#8221;][et_pb_text _builder_version=&#8221;4.27.4&#8243; _module_preset=&#8221;default&#8221; global_colors_info=&#8221;{}&#8221;]<\/p>\n<h3>DVDs<\/h3>\n<p>[\/et_pb_text][et_pb_shop type=&#8221;product_category&#8221; posts_number=&#8221;1&#8243; include_categories=&#8221;40&#8243; columns_number=&#8221;1&#8243; show_rating=&#8221;off&#8221; show_sale_badge=&#8221;off&#8221; _builder_version=&#8221;4.27.4&#8243; _module_preset=&#8221;default&#8221; custom_padding=&#8221;||0px|||&#8221; global_colors_info=&#8221;{}&#8221;][\/et_pb_shop][\/et_pb_column][et_pb_column type=&#8221;1_2&#8243; _builder_version=&#8221;4.27.4&#8243; _module_preset=&#8221;default&#8221; global_colors_info=&#8221;{}&#8221;][et_pb_text _builder_version=&#8221;4.27.4&#8243; _module_preset=&#8221;default&#8221; global_colors_info=&#8221;{}&#8221;]<\/p>\n<h3>Books \/ Brochures<\/h3>\n<p>[\/et_pb_text][et_pb_shop type=&#8221;product_category&#8221; posts_number=&#8221;2&#8243; include_categories=&#8221;42&#8243; _builder_version=&#8221;4.27.5&#8243; _module_preset=&#8221;default&#8221; hover_enabled=&#8221;0&#8243; global_colors_info=&#8221;{}&#8221; orderby=&#8221;date-desc&#8221; sticky_enabled=&#8221;0&#8243;][\/et_pb_shop][\/et_pb_column][et_pb_column type=&#8221;1_4&#8243; _builder_version=&#8221;4.27.4&#8243; _module_preset=&#8221;default&#8221; global_colors_info=&#8221;{}&#8221;][et_pb_text _builder_version=&#8221;4.27.4&#8243; _module_preset=&#8221;default&#8221; global_colors_info=&#8221;{}&#8221;]<\/p>\n<h3>Goodies<\/h3>\n<p>[\/et_pb_text][et_pb_shop type=&#8221;product_category&#8221; posts_number=&#8221;1&#8243; include_categories=&#8221;38&#8243; _builder_version=&#8221;4.27.4&#8243; _module_preset=&#8221;default&#8221; global_colors_info=&#8221;{}&#8221;][\/et_pb_shop][\/et_pb_column][\/et_pb_row][et_pb_row _builder_version=&#8221;4.27.4&#8243; _module_preset=&#8221;default&#8221; custom_padding=&#8221;5px|||||&#8221; global_colors_info=&#8221;{}&#8221;][et_pb_column type=&#8221;4_4&#8243; _builder_version=&#8221;4.27.4&#8243; _module_preset=&#8221;default&#8221; global_colors_info=&#8221;{}&#8221;][et_pb_text _builder_version=&#8221;4.27.4&#8243; _module_preset=&#8221;default&#8221; global_colors_info=&#8221;{}&#8221;]<\/p>\n<h3>Also&#8230;<\/h3>\n<p>[\/et_pb_text][\/et_pb_column][\/et_pb_row][et_pb_row column_structure=&#8221;1_4,1_4,1_4,1_4&#8243; _builder_version=&#8221;4.27.4&#8243; _module_preset=&#8221;default&#8221; custom_padding=&#8221;5px|||||&#8221; global_colors_info=&#8221;{}&#8221;][et_pb_column type=&#8221;1_4&#8243; _builder_version=&#8221;4.27.4&#8243; _module_preset=&#8221;default&#8221; global_colors_info=&#8221;{}&#8221;][et_pb_blurb title=&#8221;Pa\u00eftiti \u2013 Sur les traces de l&#8217;Eldorado inca.. Tome 1 %22Premi\u00e8res recherches%22 &#8221; image=&#8221;https:\/\/jungledoc.com\/wp-content\/uploads\/2025\/09\/Tome-1-291&#215;450-1.jpg&#8221; _builder_version=&#8221;4.27.5&#8243; _module_preset=&#8221;default&#8221; link_option_url=&#8221;https:\/\/jungledoc.com\/wp-content\/uploads\/2025\/04\/Tome-1-291&#215;450.jpg&#8221; link_option_url_new_window=&#8221;on&#8221; global_colors_info=&#8221;{}&#8221;]<\/p>\n<p>2025 \u2013 \u00c9ditions L&#8217;Harmattan<br \/><span style=\"color: #ff0000;\">Only in French<\/span><\/p>\n<p>[\/et_pb_blurb][\/et_pb_column][et_pb_column type=&#8221;1_4&#8243; _builder_version=&#8221;4.27.4&#8243; _module_preset=&#8221;default&#8221; global_colors_info=&#8221;{}&#8221;][et_pb_blurb title=&#8221;Pa\u00eftiti \u2013 Sur les traces de l&#8217;Eldorado inca. Tome 2 %22Pa\u00eftiti localis\u00e9%22 &#8221; image=&#8221;https:\/\/jungledoc.com\/wp-content\/uploads\/2025\/09\/Tome-2-291&#215;450-1.jpg&#8221; _builder_version=&#8221;4.27.5&#8243; _module_preset=&#8221;default&#8221; link_option_url=&#8221;https:\/\/jungledoc.com\/wp-content\/uploads\/2025\/04\/Tome-2-291&#215;450.jpg&#8221; link_option_url_new_window=&#8221;on&#8221; global_colors_info=&#8221;{}&#8221;]<\/p>\n<p>2025 \u2013 \u00c9ditions L&#8217;Harmattan<br \/><span style=\"color: #ff0000;\">Only in French<\/span><\/p>\n<p>[\/et_pb_blurb][\/et_pb_column][et_pb_column type=&#8221;1_4&#8243; _builder_version=&#8221;4.27.4&#8243; _module_preset=&#8221;default&#8221; global_colors_info=&#8221;{}&#8221;][et_pb_blurb title=&#8221;Lost Paititi and the Non-Human Remains of Nazca&#8221; image=&#8221;https:\/\/jungledoc.com\/wp-content\/uploads\/2025\/09\/Lost-Paititi-and-the-Non-Human-Remains-of-Nazca-300&#215;441-1.jpg&#8221; _builder_version=&#8221;4.27.5&#8243; _module_preset=&#8221;default&#8221; link_option_url=&#8221;https:\/\/www.amazon.fr\/Paititi-Non-Human-Remains-Nazca-English-ebook\/dp\/B0BR8J8W4Z\/ref=sr_1_1?__mk_fr_FR=%C3%85M%C3%85%C5%BD%C3%95%C3%91&#038;crid=348CRFIIWPDWR&#038;dib=eyJ2IjoiMSJ9.1D1qqyJuyfyUPsqciSornw.M_eq5UUUa8W0u-eErEUNnLOwj1rG-ZhlZ8w9SE5D03Y&#038;dib_tag=se&#038;keywords=Lost+Paititi+and+the+Non-Human+Remains+of+Nazca&#038;qid=1745792463&#038;sprefix=lost+paititi+and+the+non-human+remains+of+nazca%2Caps%2C230&#038;sr=8-1&#8243; link_option_url_new_window=&#8221;on&#8221; global_colors_info=&#8221;{}&#8221;]<\/p>\n<p>Adventure Unlimited Press (USA)<br \/><em>(in English)<\/em><\/p>\n<p>[\/et_pb_blurb][\/et_pb_column][et_pb_column type=&#8221;1_4&#8243; _builder_version=&#8221;4.27.4&#8243; _module_preset=&#8221;default&#8221; global_colors_info=&#8221;{}&#8221;][et_pb_blurb title=&#8221;Les momies non humaines de Nazca&#8221; image=&#8221;https:\/\/jungledoc.com\/wp-content\/uploads\/2025\/09\/img95b.jpg&#8221; _builder_version=&#8221;4.27.5&#8243; _module_preset=&#8221;default&#8221; link_option_url=&#8221;https:\/\/www.editions-atlantes.fr\/produit\/les-momies-non-humaines-de-nazca\/&#8221; link_option_url_new_window=&#8221;on&#8221; global_colors_info=&#8221;{}&#8221;]<\/p>\n<p>2020 &#8211; \u00c9ditions Atlantes<br \/><span style=\"color: #ff0000;\">Only in French<\/span><\/p>\n<p>[\/et_pb_blurb][\/et_pb_column][\/et_pb_row][et_pb_row column_structure=&#8221;1_4,1_4,1_4,1_4&#8243; _builder_version=&#8221;4.27.4&#8243; _module_preset=&#8221;default&#8221; global_colors_info=&#8221;{}&#8221;][et_pb_column type=&#8221;1_4&#8243; _builder_version=&#8221;4.27.4&#8243; _module_preset=&#8221;default&#8221; global_colors_info=&#8221;{}&#8221;][et_pb_blurb title=&#8221;Machu Picchu et la chambre secr\u00e8te&#8221; image=&#8221;https:\/\/jungledoc.com\/wp-content\/uploads\/2025\/09\/2020-02-26-MAPI-couverture-vJDP-scaled-e1584032614888-300&#215;450-1.jpg&#8221; _builder_version=&#8221;4.27.5&#8243; _module_preset=&#8221;default&#8221; link_option_url=&#8221;https:\/\/www.amazon.fr\/Machu-Picchu-chambre-secr%C3%A8te-Thierry-ebook\/dp\/B086J9G77J\/ref=sr_1_2?crid=CEYY8UILCWDC&#038;dib=eyJ2IjoiMSJ9.AofJesLGxtdBBzH_1yIoZgVsFRtDwzHygsEjTXOQ9kXtWqyNCrSScM_1-jPbyBlUk8HxDfJLXU-vGSr_xEZKiLFKIJhS7ASwgvlfAyerxcJZwoV42iTl58HzGfQOyX_aletP2UdvWqV6hrWX7mwEcb3Cc6Df5W2MQrAFPH2kHVX0-JX6SC4dcKoIQ8cThXHR7TbLQoHaLO4-v0ZH3StkCQ.Bo_v-TKX8i7rwqCMTDGAx2m0MVkEP2v2eWVIvei57yg&#038;dib_tag=se&#038;keywords=thierry+jamin&#038;qid=1745434567&#038;sprefix=thierry+jamin%2Caps%2C433&#038;sr=8-2&#8243; link_option_url_new_window=&#8221;on&#8221; global_colors_info=&#8221;{}&#8221;]<\/p>\n<p><span style=\"color: #ff0000;\">Only in French or Spanish<\/span><\/p>\n<p>[\/et_pb_blurb][\/et_pb_column][et_pb_column type=&#8221;1_4&#8243; _builder_version=&#8221;4.27.4&#8243; _module_preset=&#8221;default&#8221; global_colors_info=&#8221;{}&#8221;][et_pb_blurb title=&#8221;L&#8217;aventurier de la cit\u00e9 perdue&#8221; image=&#8221;https:\/\/jungledoc.com\/wp-content\/uploads\/2025\/09\/aventurier-de-la-cite-perdue.jpg&#8221; _builder_version=&#8221;4.27.5&#8243; _module_preset=&#8221;default&#8221; link_option_url=&#8221;http:\/\/editionsdutresor.com\/catalogue\/laventurier-de-la-cite-perdue&#8221; link_option_url_new_window=&#8221;on&#8221; global_colors_info=&#8221;{}&#8221;]<\/p>\n<p>2014 &#8211; Editions du Tr\u00e9sor<br \/><span style=\"color: #ff0000;\">Only in French<\/span><\/p>\n<p>[\/et_pb_blurb][\/et_pb_column][et_pb_column type=&#8221;1_4&#8243; _builder_version=&#8221;4.27.4&#8243; _module_preset=&#8221;default&#8221; global_colors_info=&#8221;{}&#8221;][et_pb_blurb title=&#8221;L&#8217;Eldorado inca &#8211; \u00c0 la recherche de Pa\u00eftiti&#8221; image=&#8221;https:\/\/jungledoc.com\/wp-content\/uploads\/2025\/09\/Eldorado-Inca-300&#215;450-1.jpg&#8221; _builder_version=&#8221;4.27.5&#8243; _module_preset=&#8221;default&#8221; link_option_url=&#8221;https:\/\/www.amazon.fr\/LEldorado-Inca-recherche-Pa%C3%AFtiti-Pierre-Albert\/dp\/B0160JF7L6\/ref=sr_1_3&#8243; link_option_url_new_window=&#8221;on&#8221; global_colors_info=&#8221;{}&#8221;]<\/p>\n<p>\u00c9ditions Hugo Co.<br \/><span style=\"color: #ff0000;\">Only in French<\/span><\/p>\n<p>[\/et_pb_blurb][\/et_pb_column][et_pb_column type=&#8221;1_4&#8243; _builder_version=&#8221;4.27.4&#8243; _module_preset=&#8221;default&#8221; global_colors_info=&#8221;{}&#8221;][\/et_pb_column][\/et_pb_row][\/et_pb_section]<\/p>\n","protected":false},"excerpt":{"rendered":"<p>ShopOur documentaries on VOD (one-week rental or lifetime viewing) are available HERE.DVDsBooks \/ BrochuresGoodiesAlso&#8230;2025 \u2013 \u00c9ditions L&#8217;HarmattanOnly in French2025 \u2013 \u00c9ditions L&#8217;HarmattanOnly in FrenchAdventure Unlimited Press (USA)(in English)2020 &#8211; \u00c9ditions AtlantesOnly in FrenchOnly in French or Spanish2014 &#8211; Editions du Tr\u00e9sorOnly in French\u00c9ditions Hugo Co.Only in French<\/p>\n","protected":false},"author":1,"featured_media":0,"parent":0,"menu_order":0,"comment_status":"closed","ping_status":"closed","template":"","meta":{"_et_pb_use_builder":"on","_et_pb_old_content":"","_et_gb_content_width":"","footnotes":""},"class_list":["post-738","page","type-page","status-publish","hentry"],"yoast_head":"<!-- This site is optimized with the Yoast SEO plugin v27.3 - https:\/\/yoast.com\/product\/yoast-seo-wordpress\/ -->\n<title>Shop - Jungle Doc Productions<\/title>\n<meta name=\"robots\" content=\"index, follow, max-snippet:-1, max-image-preview:large, max-video-preview:-1\" \/>\n<link rel=\"canonical\" href=\"https:\/\/jungledoc.com\/en\/shop-2\/\" \/>\n<meta property=\"og:locale\" content=\"en_US\" \/>\n<meta property=\"og:type\" content=\"article\" \/>\n<meta property=\"og:title\" content=\"Shop - Jungle Doc Productions\" \/>\n<meta property=\"og:description\" content=\"ShopOur documentaries on VOD (one-week rental or lifetime viewing) are available HERE.DVDsBooks \/ BrochuresGoodiesAlso...2025 \u2013 \u00c9ditions L&#039;HarmattanOnly in French2025 \u2013 \u00c9ditions L&#039;HarmattanOnly in FrenchAdventure Unlimited Press (USA)(in English)2020 - \u00c9ditions AtlantesOnly in FrenchOnly in French or Spanish2014 - Editions du Tr\u00e9sorOnly in French\u00c9ditions Hugo Co.Only in French\" \/>\n<meta property=\"og:url\" content=\"https:\/\/jungledoc.com\/en\/shop-2\/\" \/>\n<meta property=\"og:site_name\" content=\"Jungle Doc Productions\" \/>\n<meta property=\"article:publisher\" content=\"https:\/\/www.facebook.com\/jungledocprod\/\" \/>\n<meta property=\"article:modified_time\" content=\"2026-02-09T04:36:57+00:00\" \/>\n<meta name=\"twitter:card\" content=\"summary_large_image\" \/>\n<meta name=\"twitter:label1\" content=\"Est. reading time\" \/>\n\t<meta name=\"twitter:data1\" content=\"4 minutes\" \/>\n<script type=\"application\/ld+json\" class=\"yoast-schema-graph\">{\"@context\":\"https:\\\/\\\/schema.org\",\"@graph\":[{\"@type\":\"WebPage\",\"@id\":\"https:\\\/\\\/jungledoc.com\\\/en\\\/shop-2\\\/\",\"url\":\"https:\\\/\\\/jungledoc.com\\\/en\\\/shop-2\\\/\",\"name\":\"Shop - Jungle Doc Productions\",\"isPartOf\":{\"@id\":\"https:\\\/\\\/jungledoc.com\\\/en\\\/#website\"},\"datePublished\":\"2025-09-08T15:14:27+00:00\",\"dateModified\":\"2026-02-09T04:36:57+00:00\",\"breadcrumb\":{\"@id\":\"https:\\\/\\\/jungledoc.com\\\/en\\\/shop-2\\\/#breadcrumb\"},\"inLanguage\":\"en-US\",\"potentialAction\":[{\"@type\":\"ReadAction\",\"target\":[\"https:\\\/\\\/jungledoc.com\\\/en\\\/shop-2\\\/\"]}]},{\"@type\":\"BreadcrumbList\",\"@id\":\"https:\\\/\\\/jungledoc.com\\\/en\\\/shop-2\\\/#breadcrumb\",\"itemListElement\":[{\"@type\":\"ListItem\",\"position\":1,\"name\":\"Accueil\",\"item\":\"https:\\\/\\\/jungledoc.com\\\/en\\\/home\\\/\"},{\"@type\":\"ListItem\",\"position\":2,\"name\":\"Shop\"}]},{\"@type\":\"WebSite\",\"@id\":\"https:\\\/\\\/jungledoc.com\\\/en\\\/#website\",\"url\":\"https:\\\/\\\/jungledoc.com\\\/en\\\/\",\"name\":\"Jungle Doc Productions\",\"description\":\"\",\"publisher\":{\"@id\":\"https:\\\/\\\/jungledoc.com\\\/en\\\/#organization\"},\"potentialAction\":[{\"@type\":\"SearchAction\",\"target\":{\"@type\":\"EntryPoint\",\"urlTemplate\":\"https:\\\/\\\/jungledoc.com\\\/en\\\/?s={search_term_string}\"},\"query-input\":{\"@type\":\"PropertyValueSpecification\",\"valueRequired\":true,\"valueName\":\"search_term_string\"}}],\"inLanguage\":\"en-US\"},{\"@type\":\"Organization\",\"@id\":\"https:\\\/\\\/jungledoc.com\\\/en\\\/#organization\",\"name\":\"Jungle Doc Productions\",\"url\":\"https:\\\/\\\/jungledoc.com\\\/en\\\/\",\"logo\":{\"@type\":\"ImageObject\",\"inLanguage\":\"en-US\",\"@id\":\"https:\\\/\\\/jungledoc.com\\\/en\\\/#\\\/schema\\\/logo\\\/image\\\/\",\"url\":\"https:\\\/\\\/jungledoc.com\\\/wp-content\\\/uploads\\\/2025\\\/09\\\/logo_jungle_doc-200px.png\",\"contentUrl\":\"https:\\\/\\\/jungledoc.com\\\/wp-content\\\/uploads\\\/2025\\\/09\\\/logo_jungle_doc-200px.png\",\"width\":200,\"height\":99,\"caption\":\"Jungle Doc Productions\"},\"image\":{\"@id\":\"https:\\\/\\\/jungledoc.com\\\/en\\\/#\\\/schema\\\/logo\\\/image\\\/\"},\"sameAs\":[\"https:\\\/\\\/www.facebook.com\\\/jungledocprod\\\/\"]}]}<\/script>\n<!-- \/ Yoast SEO plugin. -->","yoast_head_json":{"title":"Shop - Jungle Doc Productions","robots":{"index":"index","follow":"follow","max-snippet":"max-snippet:-1","max-image-preview":"max-image-preview:large","max-video-preview":"max-video-preview:-1"},"canonical":"https:\/\/jungledoc.com\/en\/shop-2\/","og_locale":"en_US","og_type":"article","og_title":"Shop - Jungle Doc Productions","og_description":"ShopOur documentaries on VOD (one-week rental or lifetime viewing) are available HERE.DVDsBooks \/ BrochuresGoodiesAlso...2025 \u2013 \u00c9ditions L'HarmattanOnly in French2025 \u2013 \u00c9ditions L'HarmattanOnly in FrenchAdventure Unlimited Press (USA)(in English)2020 - \u00c9ditions AtlantesOnly in FrenchOnly in French or Spanish2014 - Editions du Tr\u00e9sorOnly in French\u00c9ditions Hugo Co.Only in French","og_url":"https:\/\/jungledoc.com\/en\/shop-2\/","og_site_name":"Jungle Doc Productions","article_publisher":"https:\/\/www.facebook.com\/jungledocprod\/","article_modified_time":"2026-02-09T04:36:57+00:00","twitter_card":"summary_large_image","twitter_misc":{"Est. reading time":"4 minutes"},"schema":{"@context":"https:\/\/schema.org","@graph":[{"@type":"WebPage","@id":"https:\/\/jungledoc.com\/en\/shop-2\/","url":"https:\/\/jungledoc.com\/en\/shop-2\/","name":"Shop - Jungle Doc Productions","isPartOf":{"@id":"https:\/\/jungledoc.com\/en\/#website"},"datePublished":"2025-09-08T15:14:27+00:00","dateModified":"2026-02-09T04:36:57+00:00","breadcrumb":{"@id":"https:\/\/jungledoc.com\/en\/shop-2\/#breadcrumb"},"inLanguage":"en-US","potentialAction":[{"@type":"ReadAction","target":["https:\/\/jungledoc.com\/en\/shop-2\/"]}]},{"@type":"BreadcrumbList","@id":"https:\/\/jungledoc.com\/en\/shop-2\/#breadcrumb","itemListElement":[{"@type":"ListItem","position":1,"name":"Accueil","item":"https:\/\/jungledoc.com\/en\/home\/"},{"@type":"ListItem","position":2,"name":"Shop"}]},{"@type":"WebSite","@id":"https:\/\/jungledoc.com\/en\/#website","url":"https:\/\/jungledoc.com\/en\/","name":"Jungle Doc Productions","description":"","publisher":{"@id":"https:\/\/jungledoc.com\/en\/#organization"},"potentialAction":[{"@type":"SearchAction","target":{"@type":"EntryPoint","urlTemplate":"https:\/\/jungledoc.com\/en\/?s={search_term_string}"},"query-input":{"@type":"PropertyValueSpecification","valueRequired":true,"valueName":"search_term_string"}}],"inLanguage":"en-US"},{"@type":"Organization","@id":"https:\/\/jungledoc.com\/en\/#organization","name":"Jungle Doc Productions","url":"https:\/\/jungledoc.com\/en\/","logo":{"@type":"ImageObject","inLanguage":"en-US","@id":"https:\/\/jungledoc.com\/en\/#\/schema\/logo\/image\/","url":"https:\/\/jungledoc.com\/wp-content\/uploads\/2025\/09\/logo_jungle_doc-200px.png","contentUrl":"https:\/\/jungledoc.com\/wp-content\/uploads\/2025\/09\/logo_jungle_doc-200px.png","width":200,"height":99,"caption":"Jungle Doc Productions"},"image":{"@id":"https:\/\/jungledoc.com\/en\/#\/schema\/logo\/image\/"},"sameAs":["https:\/\/www.facebook.com\/jungledocprod\/"]}]}},"_links":{"self":[{"href":"https:\/\/jungledoc.com\/en\/wp-json\/wp\/v2\/pages\/738","targetHints":{"allow":["GET"]}}],"collection":[{"href":"https:\/\/jungledoc.com\/en\/wp-json\/wp\/v2\/pages"}],"about":[{"href":"https:\/\/jungledoc.com\/en\/wp-json\/wp\/v2\/types\/page"}],"author":[{"embeddable":true,"href":"https:\/\/jungledoc.com\/en\/wp-json\/wp\/v2\/users\/1"}],"replies":[{"embeddable":true,"href":"https:\/\/jungledoc.com\/en\/wp-json\/wp\/v2\/comments?post=738"}],"version-history":[{"count":0,"href":"https:\/\/jungledoc.com\/en\/wp-json\/wp\/v2\/pages\/738\/revisions"}],"wp:attachment":[{"href":"https:\/\/jungledoc.com\/en\/wp-json\/wp\/v2\/media?parent=738"}],"curies":[{"name":"wp","href":"https:\/\/api.w.org\/{rel}","templated":true}]}}