{"id":1004,"date":"2025-09-07T11:14:48","date_gmt":"2025-09-07T09:14:48","guid":{"rendered":"https:\/\/jungledoc.com\/ovni\/"},"modified":"2026-01-11T19:12:28","modified_gmt":"2026-01-11T18:12:28","slug":"ovni","status":"publish","type":"page","link":"https:\/\/jungledoc.com\/es\/ovni\/","title":{"rendered":"OVNI"},"content":{"rendered":"<p>[et_pb_section fb_built=\u00bb1&#8243; _builder_version=\u00bb4.27.4&#8243; _module_preset=\u00bbdefault\u00bb background_color=\u00bb#000000&#8243; custom_padding=\u00bb7px|||||\u00bb global_colors_info=\u00bb{}\u00bb][et_pb_row _builder_version=\u00bb4.27.4&#8243; _module_preset=\u00bbdefault\u00bb global_colors_info=\u00bb{}\u00bb][et_pb_column type=\u00bb4_4&#8243; _builder_version=\u00bb4.27.4&#8243; _module_preset=\u00bbdefault\u00bb global_colors_info=\u00bb{}\u00bb][et_pb_text _builder_version=\u00bb4.27.4&#8243; _module_preset=\u00bbdefault\u00bb global_colors_info=\u00bb{}\u00bb]<\/p>\n<h1>Los archivos OVNI del Per\u00fa<\/h1>\n<h4>Los archivos OVNI del Per\u00fa<\/h4>\n<p>[\/et_pb_text][\/et_pb_column][\/et_pb_row][et_pb_row _builder_version=\u00bb4.27.4&#8243; _module_preset=\u00bbdefault\u00bb global_colors_info=\u00bb{}\u00bb][et_pb_column type=\u00bb4_4&#8243; _builder_version=\u00bb4.27.4&#8243; _module_preset=\u00bbdefault\u00bb global_colors_info=\u00bb{}\u00bb][et_pb_button button_url=\u00bbhttps:\/\/vimeo.com\/ondemand\/ovniperu01es\u00bb url_new_window=\u00bbon\u00bb button_text=\u00bbAlquilar o comprar en VOD\u00bb button_alignment=\u00bbcenter\u00bb _builder_version=\u00bb4.27.4&#8243; _module_preset=\u00bbdefault\u00bb animation_style=\u00bbslide\u00bb animation_direction=\u00bbright\u00bb global_colors_info=\u00bb{}\u00bb][\/et_pb_button][\/et_pb_column][\/et_pb_row][et_pb_row _builder_version=\u00bb4.27.4&#8243; _module_preset=\u00bbdefault\u00bb custom_padding=\u00bb5px|||||\u00bb global_colors_info=\u00bb{}\u00bb][et_pb_column type=\u00bb4_4&#8243; _builder_version=\u00bb4.27.4&#8243; _module_preset=\u00bbdefault\u00bb global_colors_info=\u00bb{}\u00bb][et_pb_video src=\u00bbhttps:\/\/vimeo.com\/781856099\/82870cd34d?fl=ls&#038;fe=ec\u00bb _builder_version=\u00bb4.27.5&#8243; _module_preset=\u00bbdefault\u00bb width=\u00bb100%\u00bb module_alignment=\u00bbcenter\u00bb hover_enabled=\u00bb0&#8243; global_colors_info=\u00bb{}\u00bb sticky_enabled=\u00bb0&#8243;][\/et_pb_video][\/et_pb_column][\/et_pb_row][et_pb_row _builder_version=\u00bb4.27.4&#8243; _module_preset=\u00bbdefault\u00bb global_colors_info=\u00bb{}\u00bb][et_pb_column type=\u00bb4_4&#8243; _builder_version=\u00bb4.27.4&#8243; _module_preset=\u00bbdefault\u00bb global_colors_info=\u00bb{}\u00bb][et_pb_text _builder_version=\u00bb4.27.4&#8243; _module_preset=\u00bbdefault\u00bb global_colors_info=\u00bb{}\u00bb]<\/p>\n<p><strong>Destinado a los apasionados de la ufolog\u00eda, \u00abLos archivos OVNI del Per\u00fa\u00bb ofrece im\u00e1genes y testimonios in\u00e9ditos de contactos antiguos y recientes, observaciones y encuentros extraordinarios realizados en los \u00faltimos a\u00f1os en Per\u00fa y Am\u00e9rica Latina.<\/strong><\/p>\n<p>Basada en una idea original de Edward Valenzuela Gil, esta nueva y excepcional colecci\u00f3n estar\u00e1 compuesta por siete pel\u00edculas de 45 minutos, escritas por el investigador y explorador franc\u00e9s Thierry Jamin y dirigidas por Alain Bonnet.<\/p>\n<p>[\/et_pb_text][\/et_pb_column][\/et_pb_row][et_pb_row column_structure=\u00bb2_5,3_5&#8243; _builder_version=\u00bb4.27.4&#8243; _module_preset=\u00bbdefault\u00bb global_colors_info=\u00bb{}\u00bb][et_pb_column type=\u00bb2_5&#8243; _builder_version=\u00bb4.27.4&#8243; _module_preset=\u00bbdefault\u00bb global_colors_info=\u00bb{}\u00bb][et_pb_image src=\u00bbhttps:\/\/jungledoc.com\/wp-content\/uploads\/2025\/09\/OVNI-PEROU-FR-1500.jpg\u00bb alt=\u00bbLos archivos OVNI de Per\u00fa &#8211; Contactos ancestrales\u00bb title_text=\u00bbLos archivos OVNI de Per\u00fa &#8211; Contactos ancestrales\u00bb align=\u00bbcenter\u00bb _builder_version=\u00bb4.27.4&#8243; _module_preset=\u00bbdefault\u00bb animation_style=\u00bbslide\u00bb animation_direction=\u00bbleft\u00bb global_colors_info=\u00bb{}\u00bb][\/et_pb_image][\/et_pb_column][et_pb_column type=\u00bb3_5&#8243; _builder_version=\u00bb4.27.4&#8243; _module_preset=\u00bbdefault\u00bb global_colors_info=\u00bb{}\u00bb][et_pb_text _builder_version=\u00bb4.27.4&#8243; _module_preset=\u00bbdefault\u00bb global_colors_info=\u00bb{}\u00bb]<\/p>\n<p>Esta es la primera entrega de esta colecci\u00f3n. Titulada \u00ab Contactos Ancestrales \u00bb, esta pel\u00edcula retrocede en el tiempo y presenta numerosos indicios arqueol\u00f3gicos que demuestran los probables contactos, en Per\u00fa y Am\u00e9rica Latina, entre un pueblo venido de las estrellas y ciertas civilizaciones precolombinas. <\/p>\n<p>Algunos casos se han convertido en cl\u00e1sicos: las construcciones cicl\u00f3peas de los antiguos peruanos, las ruinas de Tiawanacu y Puma Punku, los geoglifos y las momias no humanas de Nasca, las piedras grabadas de Ocucaje, los cr\u00e1neos alargados de Paracas, etc.<\/p>\n<p>Sin embargo, muchos de los elementos que se presentan en este documental siguen siendo desconocidos para el gran p\u00fablico. Le sorprender\u00e1n: el misterioso t\u00fanel bajo el Acapana, las antiguas ruinas descubiertas en el Salar de Uyuni, el geoglifo de Ocucaje, \u00abla huella de la serpiente\u00bb, los petroglifos de Pusharo, las \u00abpir\u00e1mides\u00bb de Paratoari y muchos otros. <\/p>\n<p>[\/et_pb_text][et_pb_text _builder_version=\u00bb4.27.4&#8243; _module_preset=\u00bbdefault\u00bb custom_padding=\u00bb|||5px|false|false\u00bb border_width_left=\u00bb5px\u00bb border_color_left=\u00bb#E2007A\u00bb global_colors_info=\u00bb{}\u00bb]<\/p>\n<p><em>Una pel\u00edcula de 45 minutos escrita por Thierry Jamin y dirigida por Alain Bonnet.<\/em><br \/><em>Producida por Jungle Doc Productions.<\/em><\/p>\n<p>[\/et_pb_text][\/et_pb_column][\/et_pb_row][et_pb_row _builder_version=\u00bb4.27.4&#8243; _module_preset=\u00bbdefault\u00bb global_colors_info=\u00bb{}\u00bb][et_pb_column type=\u00bb4_4&#8243; _builder_version=\u00bb4.27.4&#8243; _module_preset=\u00bbdefault\u00bb global_colors_info=\u00bb{}\u00bb][et_pb_button button_url=\u00bbhttps:\/\/vimeo.com\/ondemand\/ovniperu01es\u00bb url_new_window=\u00bbon\u00bb button_text=\u00bbAlquilar o comprar en VOD\u00bb button_alignment=\u00bbcenter\u00bb _builder_version=\u00bb4.27.4&#8243; _module_preset=\u00bbdefault\u00bb animation_style=\u00bbslide\u00bb animation_direction=\u00bbright\u00bb global_colors_info=\u00bb{}\u00bb][\/et_pb_button][\/et_pb_column][\/et_pb_row][\/et_pb_section]<\/p>\n","protected":false},"excerpt":{"rendered":"<p>Los archivos OVNI del Per\u00fa Los archivos OVNI del Per\u00faDestinado a los apasionados de la ufolog\u00eda, \u00abLos archivos OVNI del Per\u00fa\u00bb ofrece im\u00e1genes y testimonios in\u00e9ditos de contactos antiguos y recientes, observaciones y encuentros extraordinarios realizados en los \u00faltimos a\u00f1os en Per\u00fa y Am\u00e9rica Latina. Basada en una idea original de Edward Valenzuela Gil, esta [&hellip;]<\/p>\n","protected":false},"author":1,"featured_media":0,"parent":0,"menu_order":0,"comment_status":"closed","ping_status":"closed","template":"","meta":{"_et_pb_use_builder":"on","_et_pb_old_content":"","_et_gb_content_width":"","footnotes":""},"class_list":["post-1004","page","type-page","status-publish","hentry"],"yoast_head":"<!-- This site is optimized with the Yoast SEO plugin v27.3 - https:\/\/yoast.com\/product\/yoast-seo-wordpress\/ -->\n<title>Los archivos OVNI de Per\u00fa - Contactos ancestrales<\/title>\n<meta name=\"description\" content=\"Los aficionados a la ufolog\u00eda encontrar\u00e1n en los expedientes OVNI de Per\u00fa im\u00e1genes y testimonios in\u00e9ditos de contactos, observaciones y encuentros.\" \/>\n<meta name=\"robots\" content=\"index, follow, max-snippet:-1, max-image-preview:large, max-video-preview:-1\" \/>\n<link rel=\"canonical\" href=\"https:\/\/jungledoc.com\/es\/ovni\/\" \/>\n<meta property=\"og:locale\" content=\"es_ES\" \/>\n<meta property=\"og:type\" content=\"article\" \/>\n<meta property=\"og:title\" content=\"Los archivos OVNI de Per\u00fa - Contactos ancestrales\" \/>\n<meta property=\"og:description\" content=\"Los aficionados a la ufolog\u00eda encontrar\u00e1n en los expedientes OVNI de Per\u00fa im\u00e1genes y testimonios in\u00e9ditos de contactos, observaciones y encuentros.\" \/>\n<meta property=\"og:url\" content=\"https:\/\/jungledoc.com\/es\/ovni\/\" \/>\n<meta property=\"og:site_name\" content=\"Jungle Doc Productions\" \/>\n<meta property=\"article:publisher\" content=\"https:\/\/www.facebook.com\/jungledocprod\/\" \/>\n<meta property=\"article:modified_time\" content=\"2026-01-11T18:12:28+00:00\" \/>\n<meta property=\"og:image\" content=\"https:\/\/jungledoc.com\/wp-content\/uploads\/2025\/09\/OVNI-PEROU-FR-1500-225x300.jpg\" \/>\n<meta name=\"twitter:card\" content=\"summary_large_image\" \/>\n<meta name=\"twitter:title\" content=\"Los archivos OVNI de Per\u00fa - Contactos ancestrales\" \/>\n<meta name=\"twitter:description\" content=\"Los aficionados a la ufolog\u00eda encontrar\u00e1n en los expedientes OVNI de Per\u00fa im\u00e1genes y testimonios in\u00e9ditos de contactos, observaciones y encuentros.\" \/>\n<meta name=\"twitter:image\" content=\"https:\/\/jungledoc.com\/wp-content\/uploads\/2025\/09\/OVNI-PEROU-FR-1500.jpg\" \/>\n<meta name=\"twitter:label1\" content=\"Tiempo de lectura\" \/>\n\t<meta name=\"twitter:data1\" content=\"2 minutos\" \/>\n<script type=\"application\/ld+json\" class=\"yoast-schema-graph\">{\"@context\":\"https:\\\/\\\/schema.org\",\"@graph\":[{\"@type\":\"WebPage\",\"@id\":\"https:\\\/\\\/jungledoc.com\\\/es\\\/ovni\\\/\",\"url\":\"https:\\\/\\\/jungledoc.com\\\/es\\\/ovni\\\/\",\"name\":\"Los archivos OVNI de Per\u00fa - Contactos ancestrales\",\"isPartOf\":{\"@id\":\"https:\\\/\\\/jungledoc.com\\\/es\\\/#website\"},\"datePublished\":\"2025-09-07T09:14:48+00:00\",\"dateModified\":\"2026-01-11T18:12:28+00:00\",\"description\":\"Los aficionados a la ufolog\u00eda encontrar\u00e1n en los expedientes OVNI de Per\u00fa im\u00e1genes y testimonios in\u00e9ditos de contactos, observaciones y encuentros.\",\"breadcrumb\":{\"@id\":\"https:\\\/\\\/jungledoc.com\\\/es\\\/ovni\\\/#breadcrumb\"},\"inLanguage\":\"es\",\"potentialAction\":[{\"@type\":\"ReadAction\",\"target\":[\"https:\\\/\\\/jungledoc.com\\\/es\\\/ovni\\\/\"]}]},{\"@type\":\"BreadcrumbList\",\"@id\":\"https:\\\/\\\/jungledoc.com\\\/es\\\/ovni\\\/#breadcrumb\",\"itemListElement\":[{\"@type\":\"ListItem\",\"position\":1,\"name\":\"Accueil\",\"item\":\"https:\\\/\\\/jungledoc.com\\\/es\\\/portada\\\/\"},{\"@type\":\"ListItem\",\"position\":2,\"name\":\"OVNI\"}]},{\"@type\":\"WebSite\",\"@id\":\"https:\\\/\\\/jungledoc.com\\\/es\\\/#website\",\"url\":\"https:\\\/\\\/jungledoc.com\\\/es\\\/\",\"name\":\"Jungle Doc Productions\",\"description\":\"\",\"publisher\":{\"@id\":\"https:\\\/\\\/jungledoc.com\\\/es\\\/#organization\"},\"potentialAction\":[{\"@type\":\"SearchAction\",\"target\":{\"@type\":\"EntryPoint\",\"urlTemplate\":\"https:\\\/\\\/jungledoc.com\\\/es\\\/?s={search_term_string}\"},\"query-input\":{\"@type\":\"PropertyValueSpecification\",\"valueRequired\":true,\"valueName\":\"search_term_string\"}}],\"inLanguage\":\"es\"},{\"@type\":\"Organization\",\"@id\":\"https:\\\/\\\/jungledoc.com\\\/es\\\/#organization\",\"name\":\"Jungle Doc Productions\",\"url\":\"https:\\\/\\\/jungledoc.com\\\/es\\\/\",\"logo\":{\"@type\":\"ImageObject\",\"inLanguage\":\"es\",\"@id\":\"https:\\\/\\\/jungledoc.com\\\/es\\\/#\\\/schema\\\/logo\\\/image\\\/\",\"url\":\"https:\\\/\\\/jungledoc.com\\\/wp-content\\\/uploads\\\/2025\\\/09\\\/logo_jungle_doc-200px.png\",\"contentUrl\":\"https:\\\/\\\/jungledoc.com\\\/wp-content\\\/uploads\\\/2025\\\/09\\\/logo_jungle_doc-200px.png\",\"width\":200,\"height\":99,\"caption\":\"Jungle Doc Productions\"},\"image\":{\"@id\":\"https:\\\/\\\/jungledoc.com\\\/es\\\/#\\\/schema\\\/logo\\\/image\\\/\"},\"sameAs\":[\"https:\\\/\\\/www.facebook.com\\\/jungledocprod\\\/\"]}]}<\/script>\n<!-- \/ Yoast SEO plugin. -->","yoast_head_json":{"title":"Los archivos OVNI de Per\u00fa - Contactos ancestrales","description":"Los aficionados a la ufolog\u00eda encontrar\u00e1n en los expedientes OVNI de Per\u00fa im\u00e1genes y testimonios in\u00e9ditos de contactos, observaciones y encuentros.","robots":{"index":"index","follow":"follow","max-snippet":"max-snippet:-1","max-image-preview":"max-image-preview:large","max-video-preview":"max-video-preview:-1"},"canonical":"https:\/\/jungledoc.com\/es\/ovni\/","og_locale":"es_ES","og_type":"article","og_title":"Los archivos OVNI de Per\u00fa - Contactos ancestrales","og_description":"Los aficionados a la ufolog\u00eda encontrar\u00e1n en los expedientes OVNI de Per\u00fa im\u00e1genes y testimonios in\u00e9ditos de contactos, observaciones y encuentros.","og_url":"https:\/\/jungledoc.com\/es\/ovni\/","og_site_name":"Jungle Doc Productions","article_publisher":"https:\/\/www.facebook.com\/jungledocprod\/","article_modified_time":"2026-01-11T18:12:28+00:00","og_image":[{"url":"https:\/\/jungledoc.com\/wp-content\/uploads\/2025\/09\/OVNI-PEROU-FR-1500-225x300.jpg","type":"","width":"","height":""}],"twitter_card":"summary_large_image","twitter_title":"Los archivos OVNI de Per\u00fa - Contactos ancestrales","twitter_description":"Los aficionados a la ufolog\u00eda encontrar\u00e1n en los expedientes OVNI de Per\u00fa im\u00e1genes y testimonios in\u00e9ditos de contactos, observaciones y encuentros.","twitter_image":"https:\/\/jungledoc.com\/wp-content\/uploads\/2025\/09\/OVNI-PEROU-FR-1500.jpg","twitter_misc":{"Tiempo de lectura":"2 minutos"},"schema":{"@context":"https:\/\/schema.org","@graph":[{"@type":"WebPage","@id":"https:\/\/jungledoc.com\/es\/ovni\/","url":"https:\/\/jungledoc.com\/es\/ovni\/","name":"Los archivos OVNI de Per\u00fa - Contactos ancestrales","isPartOf":{"@id":"https:\/\/jungledoc.com\/es\/#website"},"datePublished":"2025-09-07T09:14:48+00:00","dateModified":"2026-01-11T18:12:28+00:00","description":"Los aficionados a la ufolog\u00eda encontrar\u00e1n en los expedientes OVNI de Per\u00fa im\u00e1genes y testimonios in\u00e9ditos de contactos, observaciones y encuentros.","breadcrumb":{"@id":"https:\/\/jungledoc.com\/es\/ovni\/#breadcrumb"},"inLanguage":"es","potentialAction":[{"@type":"ReadAction","target":["https:\/\/jungledoc.com\/es\/ovni\/"]}]},{"@type":"BreadcrumbList","@id":"https:\/\/jungledoc.com\/es\/ovni\/#breadcrumb","itemListElement":[{"@type":"ListItem","position":1,"name":"Accueil","item":"https:\/\/jungledoc.com\/es\/portada\/"},{"@type":"ListItem","position":2,"name":"OVNI"}]},{"@type":"WebSite","@id":"https:\/\/jungledoc.com\/es\/#website","url":"https:\/\/jungledoc.com\/es\/","name":"Jungle Doc Productions","description":"","publisher":{"@id":"https:\/\/jungledoc.com\/es\/#organization"},"potentialAction":[{"@type":"SearchAction","target":{"@type":"EntryPoint","urlTemplate":"https:\/\/jungledoc.com\/es\/?s={search_term_string}"},"query-input":{"@type":"PropertyValueSpecification","valueRequired":true,"valueName":"search_term_string"}}],"inLanguage":"es"},{"@type":"Organization","@id":"https:\/\/jungledoc.com\/es\/#organization","name":"Jungle Doc Productions","url":"https:\/\/jungledoc.com\/es\/","logo":{"@type":"ImageObject","inLanguage":"es","@id":"https:\/\/jungledoc.com\/es\/#\/schema\/logo\/image\/","url":"https:\/\/jungledoc.com\/wp-content\/uploads\/2025\/09\/logo_jungle_doc-200px.png","contentUrl":"https:\/\/jungledoc.com\/wp-content\/uploads\/2025\/09\/logo_jungle_doc-200px.png","width":200,"height":99,"caption":"Jungle Doc Productions"},"image":{"@id":"https:\/\/jungledoc.com\/es\/#\/schema\/logo\/image\/"},"sameAs":["https:\/\/www.facebook.com\/jungledocprod\/"]}]}},"_links":{"self":[{"href":"https:\/\/jungledoc.com\/es\/wp-json\/wp\/v2\/pages\/1004","targetHints":{"allow":["GET"]}}],"collection":[{"href":"https:\/\/jungledoc.com\/es\/wp-json\/wp\/v2\/pages"}],"about":[{"href":"https:\/\/jungledoc.com\/es\/wp-json\/wp\/v2\/types\/page"}],"author":[{"embeddable":true,"href":"https:\/\/jungledoc.com\/es\/wp-json\/wp\/v2\/users\/1"}],"replies":[{"embeddable":true,"href":"https:\/\/jungledoc.com\/es\/wp-json\/wp\/v2\/comments?post=1004"}],"version-history":[{"count":0,"href":"https:\/\/jungledoc.com\/es\/wp-json\/wp\/v2\/pages\/1004\/revisions"}],"wp:attachment":[{"href":"https:\/\/jungledoc.com\/es\/wp-json\/wp\/v2\/media?parent=1004"}],"curies":[{"name":"wp","href":"https:\/\/api.w.org\/{rel}","templated":true}]}}