{"id":1082,"date":"2025-09-06T09:30:18","date_gmt":"2025-09-06T07:30:18","guid":{"rendered":"https:\/\/jungledoc.com\/paititi-temporada-1\/"},"modified":"2026-01-12T07:44:18","modified_gmt":"2026-01-12T06:44:18","slug":"paititi-temporada-1","status":"publish","type":"page","link":"https:\/\/jungledoc.com\/es\/paititi-temporada-1\/","title":{"rendered":"Paititi Temporada 1"},"content":{"rendered":"<p>[et_pb_section fb_built=\u00bb1&#8243; _builder_version=\u00bb4.27.4&#8243; _module_preset=\u00bbdefault\u00bb background_color=\u00bb#000000&#8243; custom_padding=\u00bb7px||13px|||\u00bb global_colors_info=\u00bb{}\u00bb][et_pb_row _builder_version=\u00bb4.27.4&#8243; _module_preset=\u00bbdefault\u00bb global_colors_info=\u00bb{}\u00bb collapsed=\u00bbon\u00bb][et_pb_column type=\u00bb4_4&#8243; _builder_version=\u00bb4.27.4&#8243; _module_preset=\u00bbdefault\u00bb global_colors_info=\u00bb{}\u00bb][et_pb_text _builder_version=\u00bb4.27.4&#8243; _module_preset=\u00bbdefault\u00bb global_colors_info=\u00bb{}\u00bb]<\/p>\n<h1>Paititi<\/h1>\n<h4>Temporada 1<\/h4>\n<p>[\/et_pb_text][\/et_pb_column][\/et_pb_row][et_pb_row _builder_version=\u00bb4.27.5&#8243; _module_preset=\u00bbdefault\u00bb hover_enabled=\u00bb0&#8243; global_colors_info=\u00bb{}\u00bb admin_label=\u00bbbouton\u00bb sticky_enabled=\u00bb0&#8243; collapsed=\u00bbon\u00bb disabled_on=\u00bbon|on|on\u00bb disabled=\u00bbon\u00bb][et_pb_column type=\u00bb4_4&#8243; _builder_version=\u00bb4.27.4&#8243; _module_preset=\u00bbdefault\u00bb global_colors_info=\u00bb{}\u00bb][et_pb_button button_url=\u00bbhttps:\/\/vimeo.com\/ondemand\/paititi1&#8243; url_new_window=\u00bbon\u00bb button_text=\u00bbAlquilar o comprar en VOD\u00bb button_alignment=\u00bbcenter\u00bb _builder_version=\u00bb4.27.5&#8243; _module_preset=\u00bbdefault\u00bb animation_style=\u00bbslide\u00bb animation_direction=\u00bbright\u00bb hover_enabled=\u00bb0&#8243; global_colors_info=\u00bb{}\u00bb sticky_enabled=\u00bb0&#8243;][\/et_pb_button][\/et_pb_column][\/et_pb_row][et_pb_row _builder_version=\u00bb4.27.4&#8243; _module_preset=\u00bbdefault\u00bb custom_padding=\u00bb5px|||||\u00bb global_colors_info=\u00bb{}\u00bb collapsed=\u00bbon\u00bb][et_pb_column type=\u00bb4_4&#8243; _builder_version=\u00bb4.27.4&#8243; _module_preset=\u00bbdefault\u00bb global_colors_info=\u00bb{}\u00bb][et_pb_video src=\u00bbhttps:\/\/vimeo.com\/1119817560\/ce95e1a79e?ts=0&#038;share=copy\u00bb _builder_version=\u00bb4.27.4&#8243; _module_preset=\u00bbdefault\u00bb width=\u00bb100%\u00bb module_alignment=\u00bbcenter\u00bb global_colors_info=\u00bb{}\u00bb][\/et_pb_video][\/et_pb_column][\/et_pb_row][et_pb_row column_structure=\u00bb2_5,3_5&#8243; _builder_version=\u00bb4.27.4&#8243; _module_preset=\u00bbdefault\u00bb global_colors_info=\u00bb{}\u00bb collapsed=\u00bbon\u00bb][et_pb_column type=\u00bb2_5&#8243; _builder_version=\u00bb4.27.4&#8243; _module_preset=\u00bbdefault\u00bb global_colors_info=\u00bb{}\u00bb][et_pb_image src=\u00bbhttps:\/\/jungledoc.com\/wp-content\/uploads\/2025\/09\/PAITITI-1-Affiche-3&#215;4-ES.jpg\u00bb alt=\u00bbPaititi Temporada 1&#8243; title_text=\u00bbPaititi Temporada 1&#8243; align=\u00bbcenter\u00bb _builder_version=\u00bb4.27.4&#8243; _module_preset=\u00bbdefault\u00bb animation_style=\u00bbslide\u00bb animation_direction=\u00bbleft\u00bb global_colors_info=\u00bb{}\u00bb][\/et_pb_image][\/et_pb_column][et_pb_column type=\u00bb3_5&#8243; _builder_version=\u00bb4.27.4&#8243; _module_preset=\u00bbdefault\u00bb global_colors_info=\u00bb{}\u00bb][et_pb_text _builder_version=\u00bb4.27.4&#8243; _module_preset=\u00bbdefault\u00bb text_font=\u00bb|700|||||||\u00bb text_font_size=\u00bb20px\u00bb text_line_height=\u00bb0.5em\u00bb text_orientation=\u00bbcenter\u00bb global_colors_info=\u00bb{}\u00bb]<\/p>\n<p>\u00bfTe gusta la <span style=\"color: #ffcc00;\">aventura<\/span>? \u00a1Entonces te encantar\u00e1 <span style=\"color: #ffcc00;\">Paititi<\/span>! <\/p>\n<p>Excepto que en este caso no se trata de ficci\u00f3n.<\/p>\n<p>\u00a1Es la <span style=\"color: #ffcc00;\">historia de una vida<\/span>!<\/p>\n<p>[\/et_pb_text][et_pb_text _builder_version=\u00bb4.27.4&#8243; _module_preset=\u00bbdefault\u00bb global_colors_info=\u00bb{}\u00bb]<\/p>\n<p>Muchos de ustedes lo pidieron. Aqu\u00ed est\u00e1 la primera temporada de la serie \u00abPaititi\u00bb, dedicada a las investigaciones del explorador franc\u00e9s Thierry Jamin.<\/p>\n<p>Ahora que Jamin y su equipo se disponen a hacer oficial el descubrimiento de la \u00abreina de las ciudades perdidas de Sudam\u00e9rica\u00bb, ha llegado el momento de explicar c\u00f3mo Thierry y sus compa\u00f1eros lograron finalmente localizar este inalcanzable Santo Grial de la arqueolog\u00eda moderna.<\/p>\n<p>En esta primera temporada, descubrir\u00e1s los inicios del explorador franc\u00e9s en su b\u00fasqueda de la legendaria ciudad: \u00a1tres pel\u00edculas con im\u00e1genes impresionantes, la mayor\u00eda in\u00e9ditas!<\/p>\n<p><em>3 episodios de aproximadamente 80 minutos escritos por Thierry Jamin.<\/em><br \/><em>Dirigidos por Alain Bonnet.<\/em><br \/><em>Producidos por Jungle Doc Productions.<\/em><\/p>\n<p>[\/et_pb_text][et_pb_text _builder_version=\u00bb4.27.5&#8243; _module_preset=\u00bbdefault\u00bb custom_padding=\u00bb0px|||5px|false|false\u00bb hover_enabled=\u00bb0&#8243; border_width_left=\u00bb5px\u00bb border_color_left=\u00bb#E2007A\u00bb global_colors_info=\u00bb{}\u00bb sticky_enabled=\u00bb0&#8243;]<\/p>\n<p>Versi\u00f3n <img loading=\"lazy\" decoding=\"async\" class=\"wp-image-290 alignnone size-full\" src=\"https:\/\/jungledoc.com\/wp-content\/uploads\/2025\/09\/ES.jpg\" alt=\"\" width=\"30\" height=\"20\" \/> prevista para 2026<\/p>\n<p>[\/et_pb_text][\/et_pb_column][\/et_pb_row][et_pb_row _builder_version=\u00bb4.27.5&#8243; _module_preset=\u00bbdefault\u00bb hover_enabled=\u00bb0&#8243; global_colors_info=\u00bb{}\u00bb admin_label=\u00bbbouton\u00bb sticky_enabled=\u00bb0&#8243; collapsed=\u00bbon\u00bb disabled_on=\u00bbon|on|on\u00bb disabled=\u00bbon\u00bb][et_pb_column type=\u00bb4_4&#8243; _builder_version=\u00bb4.27.4&#8243; _module_preset=\u00bbdefault\u00bb global_colors_info=\u00bb{}\u00bb][et_pb_button button_url=\u00bbhttps:\/\/vimeo.com\/ondemand\/paititi1&#8243; url_new_window=\u00bbon\u00bb button_text=\u00bbAlquilar o comprar en VOD\u00bb button_alignment=\u00bbcenter\u00bb _builder_version=\u00bb4.27.5&#8243; _module_preset=\u00bbdefault\u00bb animation_style=\u00bbslide\u00bb animation_direction=\u00bbright\u00bb hover_enabled=\u00bb0&#8243; global_colors_info=\u00bb{}\u00bb sticky_enabled=\u00bb0&#8243;][\/et_pb_button][\/et_pb_column][\/et_pb_row][et_pb_row _builder_version=\u00bb4.27.4&#8243; _module_preset=\u00bbdefault\u00bb global_colors_info=\u00bb{}\u00bb collapsed=\u00bbon\u00bb][et_pb_column type=\u00bb4_4&#8243; _builder_version=\u00bb4.27.4&#8243; _module_preset=\u00bbdefault\u00bb global_colors_info=\u00bb{}\u00bb][et_pb_text _builder_version=\u00bb4.27.4&#8243; _module_preset=\u00bbdefault\u00bb global_colors_info=\u00bb{}\u00bb]<\/p>\n<h3>Los 3 episodios<\/h3>\n<p>[\/et_pb_text][\/et_pb_column][\/et_pb_row][et_pb_row column_structure=\u00bb1_3,1_3,1_3&#8243; _builder_version=\u00bb4.27.4&#8243; _module_preset=\u00bbdefault\u00bb global_colors_info=\u00bb{}\u00bb collapsed=\u00bbon\u00bb][et_pb_column type=\u00bb1_3&#8243; _builder_version=\u00bb4.27.4&#8243; _module_preset=\u00bbdefault\u00bb global_colors_info=\u00bb{}\u00bb][et_pb_text _builder_version=\u00bb4.27.4&#8243; _module_preset=\u00bbdefault\u00bb header_4_text_align=\u00bbcenter\u00bb global_colors_info=\u00bb{}\u00bb]<\/p>\n<h4>1999 &#8211; 2001 | Las misteriosas pir\u00e1mides de Paratoari<\/h4>\n<p>[\/et_pb_text][et_pb_gallery gallery_ids=\u00bb1073,1074,1075&#8243; fullwidth=\u00bbon\u00bb _builder_version=\u00bb4.27.4&#8243; _module_preset=\u00bbdefault\u00bb animation_style=\u00bbslide\u00bb animation_direction=\u00bbleft\u00bb auto=\u00bbon\u00bb auto_speed=\u00bb4000&#8243; global_colors_info=\u00bb{}\u00bb][\/et_pb_gallery][et_pb_text _builder_version=\u00bb4.27.4&#8243; _module_preset=\u00bbdefault\u00bb global_colors_info=\u00bb{}\u00bb]<\/p>\n<p>En esta primera pel\u00edcula, volvemos a la leyenda de Paititi, en el momento de la conquista del imperio inca. A continuaci\u00f3n, descubrimos a Thierry Jamin. Con solo 14 a\u00f1os, un viaje a Estados Unidos, una lesi\u00f3n en el pie, el descubrimiento de una revista y unas misteriosas im\u00e1genes satelitales cambiar\u00e1n su vida para siempre. A partir de entonces, Jamin solo tendr\u00e1 una idea en mente: desentra\u00f1ar el misterio de las pir\u00e1mides de Paratoari&#8230;   <\/p>\n<p><em>Duraci\u00f3n: 1 h 27 min<\/em><\/p>\n<p>[\/et_pb_text][\/et_pb_column][et_pb_column type=\u00bb1_3&#8243; _builder_version=\u00bb4.27.4&#8243; _module_preset=\u00bbdefault\u00bb global_colors_info=\u00bb{}\u00bb][et_pb_text _builder_version=\u00bb4.27.4&#8243; _module_preset=\u00bbdefault\u00bb header_4_text_align=\u00bbcenter\u00bb global_colors_info=\u00bb{}\u00bb]<\/p>\n<h4>2001 &#8211; 2004 | Tras las huellas de la ciudad de las pir\u00e1mides<\/h4>\n<p>[\/et_pb_text][et_pb_gallery gallery_ids=\u00bb1076,1077,1078&#8243; fullwidth=\u00bbon\u00bb _builder_version=\u00bb4.27.4&#8243; _module_preset=\u00bbdefault\u00bb animation_style=\u00bbslide\u00bb animation_delay=\u00bb250ms\u00bb auto=\u00bbon\u00bb auto_speed=\u00bb4000&#8243; global_colors_info=\u00bb{}\u00bb][\/et_pb_gallery][et_pb_text _builder_version=\u00bb4.27.4&#8243; _module_preset=\u00bbdefault\u00bb global_colors_info=\u00bb{}\u00bb]<\/p>\n<p>En esta segunda parte, seguimos a Thierry Jamin en sus primeras expediciones tras las huellas de las pir\u00e1mides amaz\u00f3nicas. \u00a1No faltan las dificultades! \u00bfQu\u00e9 secretos esconden estas desconcertantes formaciones? \u00bfSon de origen natural o son obra de una civilizaci\u00f3n desaparecida? \u00bfTienen alguna relaci\u00f3n con la legendaria ciudad de Paititi? Thierry investiga.     <\/p>\n<p><em>Duraci\u00f3n: 1 h 15 min<\/em><\/p>\n<p>[\/et_pb_text][\/et_pb_column][et_pb_column type=\u00bb1_3&#8243; _builder_version=\u00bb4.27.4&#8243; _module_preset=\u00bbdefault\u00bb global_colors_info=\u00bb{}\u00bb][et_pb_text _builder_version=\u00bb4.27.4&#8243; _module_preset=\u00bbdefault\u00bb header_4_text_align=\u00bbcenter\u00bb global_colors_info=\u00bb{}\u00bb]<\/p>\n<h4>2001 &#8211; 2006 | Pusharo, el mensaje de piedra<\/h4>\n<p>[\/et_pb_text][et_pb_gallery gallery_ids=\u00bb1079,1080,1081&#8243; fullwidth=\u00bbon\u00bb _builder_version=\u00bb4.27.4&#8243; _module_preset=\u00bbdefault\u00bb animation_style=\u00bbslide\u00bb animation_direction=\u00bbright\u00bb animation_delay=\u00bb500ms\u00bb auto=\u00bbon\u00bb auto_speed=\u00bb4000&#8243; global_colors_info=\u00bb{}\u00bb][\/et_pb_gallery][et_pb_text _builder_version=\u00bb4.27.4&#8243; _module_preset=\u00bbdefault\u00bb global_colors_info=\u00bb{}\u00bb]<\/p>\n<p>A diez kil\u00f3metros al norte de Paratori, unas misteriosas figuras grabadas en pleno coraz\u00f3n del Parque Nacional del Man\u00fa podr\u00edan dar la clave para localizar la inexistente Paititi. Durante varios a\u00f1os, Thierry Jamin y su grupo dedicar\u00e1n m\u00faltiples campa\u00f1as de exploraci\u00f3n a los petroglifos de Pusharo. A nuestros exploradores les esperan descubrimientos tan inesperados como excepcionales. Jamin est\u00e1 convencido: los petroglifos de Pusharo son la clave de Paititi.   <\/p>\n<p><em>Duraci\u00f3n: 1 h 20 min<\/em><\/p>\n<p>[\/et_pb_text][\/et_pb_column][\/et_pb_row][et_pb_row _builder_version=\u00bb4.27.5&#8243; _module_preset=\u00bbdefault\u00bb hover_enabled=\u00bb0&#8243; global_colors_info=\u00bb{}\u00bb admin_label=\u00bbbouton\u00bb sticky_enabled=\u00bb0&#8243; collapsed=\u00bbon\u00bb disabled_on=\u00bbon|on|on\u00bb disabled=\u00bbon\u00bb][et_pb_column type=\u00bb4_4&#8243; _builder_version=\u00bb4.27.4&#8243; _module_preset=\u00bbdefault\u00bb global_colors_info=\u00bb{}\u00bb][et_pb_button button_url=\u00bbhttps:\/\/vimeo.com\/ondemand\/paititi1&#8243; url_new_window=\u00bbon\u00bb button_text=\u00bbAlquilar o comprar en VOD\u00bb button_alignment=\u00bbcenter\u00bb _builder_version=\u00bb4.27.5&#8243; _module_preset=\u00bbdefault\u00bb animation_style=\u00bbslide\u00bb animation_direction=\u00bbright\u00bb hover_enabled=\u00bb0&#8243; global_colors_info=\u00bb{}\u00bb sticky_enabled=\u00bb0&#8243;][\/et_pb_button][\/et_pb_column][\/et_pb_row][\/et_pb_section]<\/p>\n","protected":false},"excerpt":{"rendered":"<p>Paititi Temporada 1\u00bfTe gusta la aventura? \u00a1Entonces te encantar\u00e1 Paititi! Excepto que en este caso no se trata de ficci\u00f3n. \u00a1Es la historia de una vida!Muchos de ustedes lo pidieron. Aqu\u00ed est\u00e1 la primera temporada de la serie \u00abPaititi\u00bb, dedicada a las investigaciones del explorador franc\u00e9s Thierry Jamin. Ahora que Jamin y su equipo se [&hellip;]<\/p>\n","protected":false},"author":1,"featured_media":0,"parent":0,"menu_order":0,"comment_status":"closed","ping_status":"closed","template":"","meta":{"_et_pb_use_builder":"on","_et_pb_old_content":"","_et_gb_content_width":"","footnotes":""},"class_list":["post-1082","page","type-page","status-publish","hentry"],"yoast_head":"<!-- This site is optimized with the Yoast SEO plugin v27.3 - https:\/\/yoast.com\/product\/yoast-seo-wordpress\/ -->\n<title>Pa\u00eftiti Temporada 1 - Las expediciones de Thierry Jamin de 1999 a 2006<\/title>\n<meta name=\"description\" content=\"En esta primera temporada, descubrir\u00e1s los inicios del explorador franc\u00e9s en su b\u00fasqueda de la legendaria ciudad: Paititi.\" \/>\n<meta name=\"robots\" content=\"index, follow, max-snippet:-1, max-image-preview:large, max-video-preview:-1\" \/>\n<link rel=\"canonical\" href=\"https:\/\/jungledoc.com\/es\/paititi-temporada-1\/\" \/>\n<meta property=\"og:locale\" content=\"es_ES\" \/>\n<meta property=\"og:type\" content=\"article\" \/>\n<meta property=\"og:title\" content=\"Pa\u00eftiti Temporada 1 - Las expediciones de Thierry Jamin de 1999 a 2006\" \/>\n<meta property=\"og:description\" content=\"En esta primera temporada, descubrir\u00e1s los inicios del explorador franc\u00e9s en su b\u00fasqueda de la legendaria ciudad: Paititi.\" \/>\n<meta property=\"og:url\" content=\"https:\/\/jungledoc.com\/es\/paititi-temporada-1\/\" \/>\n<meta property=\"og:site_name\" content=\"Jungle Doc Productions\" \/>\n<meta property=\"article:publisher\" content=\"https:\/\/www.facebook.com\/jungledocprod\/\" \/>\n<meta property=\"article:modified_time\" content=\"2026-01-12T06:44:18+00:00\" \/>\n<meta property=\"og:image\" content=\"https:\/\/jungledoc.com\/wp-content\/uploads\/2025\/09\/PAITITI-1-FR-225x300.jpg\" \/>\n<meta name=\"twitter:card\" content=\"summary_large_image\" \/>\n<meta name=\"twitter:title\" content=\"Pa\u00eftiti Temporada 1 - Las expediciones de Thierry Jamin de 1999 a 2006\" \/>\n<meta name=\"twitter:description\" content=\"En esta primera temporada, descubrir\u00e1s los inicios del explorador franc\u00e9s en su b\u00fasqueda de la legendaria ciudad: Paititi.\" \/>\n<meta name=\"twitter:image\" content=\"https:\/\/jungledoc.com\/wp-content\/uploads\/2025\/09\/PAITITI-1-FR.jpg\" \/>\n<meta name=\"twitter:label1\" content=\"Tiempo de lectura\" \/>\n\t<meta name=\"twitter:data1\" content=\"5 minutos\" \/>\n<script type=\"application\/ld+json\" class=\"yoast-schema-graph\">{\"@context\":\"https:\\\/\\\/schema.org\",\"@graph\":[{\"@type\":\"WebPage\",\"@id\":\"https:\\\/\\\/jungledoc.com\\\/es\\\/paititi-temporada-1\\\/\",\"url\":\"https:\\\/\\\/jungledoc.com\\\/es\\\/paititi-temporada-1\\\/\",\"name\":\"Pa\u00eftiti Temporada 1 - Las expediciones de Thierry Jamin de 1999 a 2006\",\"isPartOf\":{\"@id\":\"https:\\\/\\\/jungledoc.com\\\/es\\\/#website\"},\"primaryImageOfPage\":{\"@id\":\"https:\\\/\\\/jungledoc.com\\\/es\\\/paititi-temporada-1\\\/#primaryimage\"},\"image\":{\"@id\":\"https:\\\/\\\/jungledoc.com\\\/es\\\/paititi-temporada-1\\\/#primaryimage\"},\"thumbnailUrl\":\"https:\\\/\\\/jungledoc.com\\\/wp-content\\\/uploads\\\/2025\\\/09\\\/ES.jpg\",\"datePublished\":\"2025-09-06T07:30:18+00:00\",\"dateModified\":\"2026-01-12T06:44:18+00:00\",\"description\":\"En esta primera temporada, descubrir\u00e1s los inicios del explorador franc\u00e9s en su b\u00fasqueda de la legendaria ciudad: Paititi.\",\"breadcrumb\":{\"@id\":\"https:\\\/\\\/jungledoc.com\\\/es\\\/paititi-temporada-1\\\/#breadcrumb\"},\"inLanguage\":\"es\",\"potentialAction\":[{\"@type\":\"ReadAction\",\"target\":[\"https:\\\/\\\/jungledoc.com\\\/es\\\/paititi-temporada-1\\\/\"]}]},{\"@type\":\"ImageObject\",\"inLanguage\":\"es\",\"@id\":\"https:\\\/\\\/jungledoc.com\\\/es\\\/paititi-temporada-1\\\/#primaryimage\",\"url\":\"https:\\\/\\\/jungledoc.com\\\/wp-content\\\/uploads\\\/2025\\\/09\\\/ES.jpg\",\"contentUrl\":\"https:\\\/\\\/jungledoc.com\\\/wp-content\\\/uploads\\\/2025\\\/09\\\/ES.jpg\"},{\"@type\":\"BreadcrumbList\",\"@id\":\"https:\\\/\\\/jungledoc.com\\\/es\\\/paititi-temporada-1\\\/#breadcrumb\",\"itemListElement\":[{\"@type\":\"ListItem\",\"position\":1,\"name\":\"Accueil\",\"item\":\"https:\\\/\\\/jungledoc.com\\\/es\\\/portada\\\/\"},{\"@type\":\"ListItem\",\"position\":2,\"name\":\"Paititi Temporada 1\"}]},{\"@type\":\"WebSite\",\"@id\":\"https:\\\/\\\/jungledoc.com\\\/es\\\/#website\",\"url\":\"https:\\\/\\\/jungledoc.com\\\/es\\\/\",\"name\":\"Jungle Doc Productions\",\"description\":\"\",\"publisher\":{\"@id\":\"https:\\\/\\\/jungledoc.com\\\/es\\\/#organization\"},\"potentialAction\":[{\"@type\":\"SearchAction\",\"target\":{\"@type\":\"EntryPoint\",\"urlTemplate\":\"https:\\\/\\\/jungledoc.com\\\/es\\\/?s={search_term_string}\"},\"query-input\":{\"@type\":\"PropertyValueSpecification\",\"valueRequired\":true,\"valueName\":\"search_term_string\"}}],\"inLanguage\":\"es\"},{\"@type\":\"Organization\",\"@id\":\"https:\\\/\\\/jungledoc.com\\\/es\\\/#organization\",\"name\":\"Jungle Doc Productions\",\"url\":\"https:\\\/\\\/jungledoc.com\\\/es\\\/\",\"logo\":{\"@type\":\"ImageObject\",\"inLanguage\":\"es\",\"@id\":\"https:\\\/\\\/jungledoc.com\\\/es\\\/#\\\/schema\\\/logo\\\/image\\\/\",\"url\":\"https:\\\/\\\/jungledoc.com\\\/wp-content\\\/uploads\\\/2025\\\/09\\\/logo_jungle_doc-200px.png\",\"contentUrl\":\"https:\\\/\\\/jungledoc.com\\\/wp-content\\\/uploads\\\/2025\\\/09\\\/logo_jungle_doc-200px.png\",\"width\":200,\"height\":99,\"caption\":\"Jungle Doc Productions\"},\"image\":{\"@id\":\"https:\\\/\\\/jungledoc.com\\\/es\\\/#\\\/schema\\\/logo\\\/image\\\/\"},\"sameAs\":[\"https:\\\/\\\/www.facebook.com\\\/jungledocprod\\\/\"]}]}<\/script>\n<!-- \/ Yoast SEO plugin. -->","yoast_head_json":{"title":"Pa\u00eftiti Temporada 1 - Las expediciones de Thierry Jamin de 1999 a 2006","description":"En esta primera temporada, descubrir\u00e1s los inicios del explorador franc\u00e9s en su b\u00fasqueda de la legendaria ciudad: Paititi.","robots":{"index":"index","follow":"follow","max-snippet":"max-snippet:-1","max-image-preview":"max-image-preview:large","max-video-preview":"max-video-preview:-1"},"canonical":"https:\/\/jungledoc.com\/es\/paititi-temporada-1\/","og_locale":"es_ES","og_type":"article","og_title":"Pa\u00eftiti Temporada 1 - Las expediciones de Thierry Jamin de 1999 a 2006","og_description":"En esta primera temporada, descubrir\u00e1s los inicios del explorador franc\u00e9s en su b\u00fasqueda de la legendaria ciudad: Paititi.","og_url":"https:\/\/jungledoc.com\/es\/paititi-temporada-1\/","og_site_name":"Jungle Doc Productions","article_publisher":"https:\/\/www.facebook.com\/jungledocprod\/","article_modified_time":"2026-01-12T06:44:18+00:00","og_image":[{"url":"https:\/\/jungledoc.com\/wp-content\/uploads\/2025\/09\/PAITITI-1-FR-225x300.jpg","type":"","width":"","height":""}],"twitter_card":"summary_large_image","twitter_title":"Pa\u00eftiti Temporada 1 - Las expediciones de Thierry Jamin de 1999 a 2006","twitter_description":"En esta primera temporada, descubrir\u00e1s los inicios del explorador franc\u00e9s en su b\u00fasqueda de la legendaria ciudad: Paititi.","twitter_image":"https:\/\/jungledoc.com\/wp-content\/uploads\/2025\/09\/PAITITI-1-FR.jpg","twitter_misc":{"Tiempo de lectura":"5 minutos"},"schema":{"@context":"https:\/\/schema.org","@graph":[{"@type":"WebPage","@id":"https:\/\/jungledoc.com\/es\/paititi-temporada-1\/","url":"https:\/\/jungledoc.com\/es\/paititi-temporada-1\/","name":"Pa\u00eftiti Temporada 1 - Las expediciones de Thierry Jamin de 1999 a 2006","isPartOf":{"@id":"https:\/\/jungledoc.com\/es\/#website"},"primaryImageOfPage":{"@id":"https:\/\/jungledoc.com\/es\/paititi-temporada-1\/#primaryimage"},"image":{"@id":"https:\/\/jungledoc.com\/es\/paititi-temporada-1\/#primaryimage"},"thumbnailUrl":"https:\/\/jungledoc.com\/wp-content\/uploads\/2025\/09\/ES.jpg","datePublished":"2025-09-06T07:30:18+00:00","dateModified":"2026-01-12T06:44:18+00:00","description":"En esta primera temporada, descubrir\u00e1s los inicios del explorador franc\u00e9s en su b\u00fasqueda de la legendaria ciudad: Paititi.","breadcrumb":{"@id":"https:\/\/jungledoc.com\/es\/paititi-temporada-1\/#breadcrumb"},"inLanguage":"es","potentialAction":[{"@type":"ReadAction","target":["https:\/\/jungledoc.com\/es\/paititi-temporada-1\/"]}]},{"@type":"ImageObject","inLanguage":"es","@id":"https:\/\/jungledoc.com\/es\/paititi-temporada-1\/#primaryimage","url":"https:\/\/jungledoc.com\/wp-content\/uploads\/2025\/09\/ES.jpg","contentUrl":"https:\/\/jungledoc.com\/wp-content\/uploads\/2025\/09\/ES.jpg"},{"@type":"BreadcrumbList","@id":"https:\/\/jungledoc.com\/es\/paititi-temporada-1\/#breadcrumb","itemListElement":[{"@type":"ListItem","position":1,"name":"Accueil","item":"https:\/\/jungledoc.com\/es\/portada\/"},{"@type":"ListItem","position":2,"name":"Paititi Temporada 1"}]},{"@type":"WebSite","@id":"https:\/\/jungledoc.com\/es\/#website","url":"https:\/\/jungledoc.com\/es\/","name":"Jungle Doc Productions","description":"","publisher":{"@id":"https:\/\/jungledoc.com\/es\/#organization"},"potentialAction":[{"@type":"SearchAction","target":{"@type":"EntryPoint","urlTemplate":"https:\/\/jungledoc.com\/es\/?s={search_term_string}"},"query-input":{"@type":"PropertyValueSpecification","valueRequired":true,"valueName":"search_term_string"}}],"inLanguage":"es"},{"@type":"Organization","@id":"https:\/\/jungledoc.com\/es\/#organization","name":"Jungle Doc Productions","url":"https:\/\/jungledoc.com\/es\/","logo":{"@type":"ImageObject","inLanguage":"es","@id":"https:\/\/jungledoc.com\/es\/#\/schema\/logo\/image\/","url":"https:\/\/jungledoc.com\/wp-content\/uploads\/2025\/09\/logo_jungle_doc-200px.png","contentUrl":"https:\/\/jungledoc.com\/wp-content\/uploads\/2025\/09\/logo_jungle_doc-200px.png","width":200,"height":99,"caption":"Jungle Doc Productions"},"image":{"@id":"https:\/\/jungledoc.com\/es\/#\/schema\/logo\/image\/"},"sameAs":["https:\/\/www.facebook.com\/jungledocprod\/"]}]}},"_links":{"self":[{"href":"https:\/\/jungledoc.com\/es\/wp-json\/wp\/v2\/pages\/1082","targetHints":{"allow":["GET"]}}],"collection":[{"href":"https:\/\/jungledoc.com\/es\/wp-json\/wp\/v2\/pages"}],"about":[{"href":"https:\/\/jungledoc.com\/es\/wp-json\/wp\/v2\/types\/page"}],"author":[{"embeddable":true,"href":"https:\/\/jungledoc.com\/es\/wp-json\/wp\/v2\/users\/1"}],"replies":[{"embeddable":true,"href":"https:\/\/jungledoc.com\/es\/wp-json\/wp\/v2\/comments?post=1082"}],"version-history":[{"count":0,"href":"https:\/\/jungledoc.com\/es\/wp-json\/wp\/v2\/pages\/1082\/revisions"}],"wp:attachment":[{"href":"https:\/\/jungledoc.com\/es\/wp-json\/wp\/v2\/media?parent=1082"}],"curies":[{"name":"wp","href":"https:\/\/api.w.org\/{rel}","templated":true}]}}