{"id":1115,"date":"2025-09-06T10:36:46","date_gmt":"2025-09-06T08:36:46","guid":{"rendered":"https:\/\/jungledoc.com\/paititi-temporada-2\/"},"modified":"2026-01-12T08:01:58","modified_gmt":"2026-01-12T07:01:58","slug":"paititi-temporada-2","status":"publish","type":"page","link":"https:\/\/jungledoc.com\/es\/paititi-temporada-2\/","title":{"rendered":"Paititi Temporada 2"},"content":{"rendered":"<p>[et_pb_section fb_built=\u00bb1&#8243; _builder_version=\u00bb4.27.4&#8243; _module_preset=\u00bbdefault\u00bb background_color=\u00bb#000000&#8243; custom_padding=\u00bb7px|||||\u00bb global_colors_info=\u00bb{}\u00bb][et_pb_row _builder_version=\u00bb4.27.4&#8243; _module_preset=\u00bbdefault\u00bb global_colors_info=\u00bb{}\u00bb collapsed=\u00bbon\u00bb][et_pb_column type=\u00bb4_4&#8243; _builder_version=\u00bb4.27.4&#8243; _module_preset=\u00bbdefault\u00bb global_colors_info=\u00bb{}\u00bb][et_pb_text _builder_version=\u00bb4.27.4&#8243; _module_preset=\u00bbdefault\u00bb global_colors_info=\u00bb{}\u00bb]<\/p>\n<h1>Paititi<\/h1>\n<h4>Temporada 2<\/h4>\n<p>[\/et_pb_text][\/et_pb_column][\/et_pb_row][et_pb_row _builder_version=\u00bb4.27.5&#8243; _module_preset=\u00bbdefault\u00bb hover_enabled=\u00bb0&#8243; global_colors_info=\u00bb{}\u00bb admin_label=\u00bbvod\u00bb sticky_enabled=\u00bb0&#8243; disabled_on=\u00bbon|on|on\u00bb disabled=\u00bbon\u00bb collapsed=\u00bbon\u00bb][et_pb_column type=\u00bb4_4&#8243; _builder_version=\u00bb4.27.4&#8243; _module_preset=\u00bbdefault\u00bb global_colors_info=\u00bb{}\u00bb][et_pb_button button_url=\u00bbhttps:\/\/vimeo.com\/ondemand\/patitisaison2&#8243; url_new_window=\u00bbon\u00bb button_text=\u00bbAlquilar o comprar en VOD\u00bb button_alignment=\u00bbcenter\u00bb _builder_version=\u00bb4.27.5&#8243; _module_preset=\u00bbdefault\u00bb animation_style=\u00bbslide\u00bb animation_direction=\u00bbright\u00bb hover_enabled=\u00bb0&#8243; global_colors_info=\u00bb{}\u00bb sticky_enabled=\u00bb0&#8243;][\/et_pb_button][\/et_pb_column][\/et_pb_row][et_pb_row _builder_version=\u00bb4.27.4&#8243; _module_preset=\u00bbdefault\u00bb custom_padding=\u00bb5px|||||\u00bb global_colors_info=\u00bb{}\u00bb collapsed=\u00bbon\u00bb][et_pb_column type=\u00bb4_4&#8243; _builder_version=\u00bb4.27.4&#8243; _module_preset=\u00bbdefault\u00bb global_colors_info=\u00bb{}\u00bb][et_pb_video src=\u00bbhttps:\/\/vimeo.com\/1120146968\/5e6f34b7b1?ts=0&#038;share=copy\u00bb _builder_version=\u00bb4.27.4&#8243; _module_preset=\u00bbdefault\u00bb width=\u00bb100%\u00bb module_alignment=\u00bbcenter\u00bb global_colors_info=\u00bb{}\u00bb][\/et_pb_video][\/et_pb_column][\/et_pb_row][et_pb_row column_structure=\u00bb2_5,3_5&#8243; _builder_version=\u00bb4.27.4&#8243; _module_preset=\u00bbdefault\u00bb global_colors_info=\u00bb{}\u00bb collapsed=\u00bbon\u00bb][et_pb_column type=\u00bb2_5&#8243; _builder_version=\u00bb4.27.4&#8243; _module_preset=\u00bbdefault\u00bb global_colors_info=\u00bb{}\u00bb][et_pb_image src=\u00bbhttps:\/\/jungledoc.com\/wp-content\/uploads\/2025\/09\/PAITITI-2-Affiche-3&#215;4-ES.jpg\u00bb alt=\u00bbPaititi Temporada 2&#8243; title_text=\u00bbPaititi Temporada 2&#8243; align=\u00bbcenter\u00bb _builder_version=\u00bb4.27.4&#8243; _module_preset=\u00bbdefault\u00bb animation_style=\u00bbslide\u00bb animation_direction=\u00bbleft\u00bb global_colors_info=\u00bb{}\u00bb][\/et_pb_image][\/et_pb_column][et_pb_column type=\u00bb3_5&#8243; _builder_version=\u00bb4.27.4&#8243; _module_preset=\u00bbdefault\u00bb global_colors_info=\u00bb{}\u00bb][et_pb_text _builder_version=\u00bb4.27.4&#8243; _module_preset=\u00bbdefault\u00bb text_font=\u00bb|700|||||||\u00bb text_font_size=\u00bb20px\u00bb text_line_height=\u00bb0.7em\u00bb text_orientation=\u00bbcenter\u00bb global_colors_info=\u00bb{}\u00bb]<\/p>\n<p>\u00bfTe gusta la <span style=\"color: #ffcc00;\">aventura<\/span>? \u00a1Entonces te encantar\u00e1 <span style=\"color: #ffcc00;\">Paititi<\/span>! <\/p>\n<p>Excepto que en este caso no se trata de ficci\u00f3n.<\/p>\n<p>\u00a1Es la <span style=\"color: #ffcc00;\">historia de una vida<\/span>!<\/p>\n<p>[\/et_pb_text][et_pb_text _builder_version=\u00bb4.27.4&#8243; _module_preset=\u00bbdefault\u00bb global_colors_info=\u00bb{}\u00bb]<\/p>\n<p>En la temporada 2 (2007-2024), descubrir\u00e1s c\u00f3mo el explorador franc\u00e9s y su grupo lograr\u00e1n localizar el lugar donde se encuentra la m\u00edtica ciudad perdida de Paititi.<\/p>\n<p>Juicios, traiciones y golpes bajos marcan la b\u00fasqueda de la ciudad perdida. Pero tambi\u00e9n hay encuentros maravillosos: el de Mar\u00eda Yupanqui, una anciana ind\u00edgena que vive entre las ruinas, los fantasmas y los fragmentos de cer\u00e1mica de un antiguo pueblo inca, o el de una pareja de Kuga Pakuris, una tribu conocida por su hostilidad hacia el hombre moderno. <\/p>\n<p>Se emocionar\u00e1n y conmover\u00e1n al acompa\u00f1ar a Nicole a la ciudad de Mameria, treinta a\u00f1os despu\u00e9s de su descubrimiento junto a Herbert, su marido. Y finalmente, quiz\u00e1 descubran las primeras im\u00e1genes, nunca antes difundidas, de las ruinas de Paititi&#8230; <\/p>\n<p><em>3 episodios de aproximadamente 85 minutos escritos por Thierry Jamin.<\/em><br \/><em>Dirigidos por Alain Bonnet.<\/em><br \/><em>Producidos por Jungle Doc Productions.<\/em><\/p>\n<p>[\/et_pb_text][et_pb_text _builder_version=\u00bb4.27.5&#8243; _module_preset=\u00bbdefault\u00bb custom_padding=\u00bb|||5px|false|false\u00bb hover_enabled=\u00bb0&#8243; border_width_left=\u00bb5px\u00bb border_color_left=\u00bb#E2007A\u00bb global_colors_info=\u00bb{}\u00bb sticky_enabled=\u00bb0&#8243;]<\/p>\n<p>Versi\u00f3n <img loading=\"lazy\" decoding=\"async\" class=\"wp-image-290 alignnone size-full\" src=\"https:\/\/jungledoc.com\/wp-content\/uploads\/2025\/09\/ES.jpg\" alt=\"\" width=\"30\" height=\"20\" \/> prevista para 2026<\/p>\n<p>[\/et_pb_text][\/et_pb_column][\/et_pb_row][et_pb_row _builder_version=\u00bb4.27.5&#8243; _module_preset=\u00bbdefault\u00bb hover_enabled=\u00bb0&#8243; global_colors_info=\u00bb{}\u00bb admin_label=\u00bbvod\u00bb sticky_enabled=\u00bb0&#8243; disabled_on=\u00bbon|on|on\u00bb disabled=\u00bbon\u00bb collapsed=\u00bbon\u00bb][et_pb_column type=\u00bb4_4&#8243; _builder_version=\u00bb4.27.4&#8243; _module_preset=\u00bbdefault\u00bb global_colors_info=\u00bb{}\u00bb][et_pb_button button_url=\u00bbhttps:\/\/vimeo.com\/ondemand\/patitisaison2&#8243; url_new_window=\u00bbon\u00bb button_text=\u00bbAlquilar o comprar en VOD\u00bb button_alignment=\u00bbcenter\u00bb _builder_version=\u00bb4.27.5&#8243; _module_preset=\u00bbdefault\u00bb animation_style=\u00bbslide\u00bb animation_direction=\u00bbright\u00bb hover_enabled=\u00bb0&#8243; global_colors_info=\u00bb{}\u00bb sticky_enabled=\u00bb0&#8243;][\/et_pb_button][\/et_pb_column][\/et_pb_row][et_pb_row _builder_version=\u00bb4.27.4&#8243; _module_preset=\u00bbdefault\u00bb global_colors_info=\u00bb{}\u00bb collapsed=\u00bbon\u00bb][et_pb_column type=\u00bb4_4&#8243; _builder_version=\u00bb4.27.4&#8243; _module_preset=\u00bbdefault\u00bb global_colors_info=\u00bb{}\u00bb][et_pb_text _builder_version=\u00bb4.27.4&#8243; _module_preset=\u00bbdefault\u00bb global_colors_info=\u00bb{}\u00bb]<\/p>\n<h3>Los 3 episodios<\/h3>\n<p>[\/et_pb_text][\/et_pb_column][\/et_pb_row][et_pb_row column_structure=\u00bb1_3,1_3,1_3&#8243; _builder_version=\u00bb4.27.4&#8243; _module_preset=\u00bbdefault\u00bb global_colors_info=\u00bb{}\u00bb collapsed=\u00bbon\u00bb][et_pb_column type=\u00bb1_3&#8243; _builder_version=\u00bb4.27.4&#8243; _module_preset=\u00bbdefault\u00bb global_colors_info=\u00bb{}\u00bb][et_pb_text _builder_version=\u00bb4.27.4&#8243; _module_preset=\u00bbdefault\u00bb header_4_text_align=\u00bbcenter\u00bb global_colors_info=\u00bb{}\u00bb]<\/p>\n<h4>2007-2009 &#8211; Destino: \u00a1Zona roja!<\/h4>\n<p>[\/et_pb_text][et_pb_gallery gallery_ids=\u00bb1106,1107,1108&#8243; fullwidth=\u00bbon\u00bb _builder_version=\u00bb4.27.4&#8243; _module_preset=\u00bbdefault\u00bb animation_style=\u00bbslide\u00bb animation_direction=\u00bbleft\u00bb auto=\u00bbon\u00bb auto_speed=\u00bb4000&#8243; global_colors_info=\u00bb{}\u00bb][\/et_pb_gallery][et_pb_text _builder_version=\u00bb4.27.4&#8243; _module_preset=\u00bbdefault\u00bb global_colors_info=\u00bb{}\u00bb]<\/p>\n<p>Tras estudiar los petroglifos de Pusharo y examinar las im\u00e1genes tomadas durante un sobrevuelo en helic\u00f3ptero en diciembre de 2008, Thierry Jamin cree haber localizado la fabulosa ciudad de Paititi. Este episodio le llevar\u00e1 a Mameria, la peque\u00f1a ciudad agr\u00edcola descubierta por Nicole y Herbert Cartagena en 1979. Treinta a\u00f1os despu\u00e9s, Nicole regresa al lugar en compa\u00f1\u00eda de Thierry. All\u00ed se reencuentra con su \u00abfamilia del bosque\u00bb. A continuaci\u00f3n, el grupo parte a la conquista de una misteriosa \u00abZona Roja\u00bb. \u00bfEncontrar\u00e1n Thierry y sus compa\u00f1eros Paititi? Les esperan hermosos encuentros y el descubrimiento de un \u00abvalle de las maravillas\u00bb, repleto de ciudades perdidas.      <\/p>\n<p><em>Duraci\u00f3n: 1 h 31 min<\/em><\/p>\n<p>[\/et_pb_text][\/et_pb_column][et_pb_column type=\u00bb1_3&#8243; _builder_version=\u00bb4.27.4&#8243; _module_preset=\u00bbdefault\u00bb global_colors_info=\u00bb{}\u00bb][et_pb_text _builder_version=\u00bb4.27.4&#8243; _module_preset=\u00bbdefault\u00bb header_4_text_align=\u00bbcenter\u00bb global_colors_info=\u00bb{}\u00bb]<\/p>\n<h4>2010 \u2013 2013 | El nuevo Valle Sagrado de los Incas<\/h4>\n<p>[\/et_pb_text][et_pb_gallery gallery_ids=\u00bb1109,1110,1111&#8243; fullwidth=\u00bbon\u00bb _builder_version=\u00bb4.27.4&#8243; _module_preset=\u00bbdefault\u00bb animation_style=\u00bbslide\u00bb animation_delay=\u00bb250ms\u00bb auto=\u00bbon\u00bb auto_speed=\u00bb4000&#8243; global_colors_info=\u00bb{}\u00bb][\/et_pb_gallery][et_pb_text _builder_version=\u00bb4.27.4&#8243; _module_preset=\u00bbdefault\u00bb global_colors_info=\u00bb{}\u00bb]<\/p>\n<p>Durante este periodo, Thierry y su grupo exploran los valles de Lacco y Chunchusmayo, situados al norte de Cuzco. Descubren varias decenas de yacimientos incas hasta entonces desconocidos: fortalezas, peque\u00f1os centros agr\u00edcolas, necr\u00f3polis y ciudades completas, pobladas por cientos de edificios. Situadas en un antiguo camino inca, estas ruinas parecen dirigirse curiosamente hacia el norte del departamento. Pronto, los testimonios de los ind\u00edgenas matsiguengas hablan de una misteriosa monta\u00f1a y de ruinas monumentales escondidas en su cima. Thierry est\u00e1 convencido: solo puede tratarse de Paititi. En julio de 2012, gracias a una imagen satelital de la empresa Astrium, localiza una extra\u00f1a formaci\u00f3n cuadrada de mil metros de lado, en pleno coraz\u00f3n del santuario nacional de Megantoni. Situada al norte del valle de Lacco, nuestros exploradores parecen haber llegado a las puertas de la legendaria ciudad.      <\/p>\n<p><em>Duraci\u00f3n: 1 h 21 min<\/em><\/p>\n<p>[\/et_pb_text][\/et_pb_column][et_pb_column type=\u00bb1_3&#8243; _builder_version=\u00bb4.27.4&#8243; _module_preset=\u00bbdefault\u00bb global_colors_info=\u00bb{}\u00bb][et_pb_text _builder_version=\u00bb4.27.4&#8243; _module_preset=\u00bbdefault\u00bb header_4_text_align=\u00bbcenter\u00bb global_colors_info=\u00bb{}\u00bb]<\/p>\n<h4>2013 \u2013 2024 | Paititi localizado<br \/>\n&nbsp;<\/h4>\n<p>[\/et_pb_text][et_pb_gallery gallery_ids=\u00bb1112,1113,1114&#8243; fullwidth=\u00bbon\u00bb _builder_version=\u00bb4.27.4&#8243; _module_preset=\u00bbdefault\u00bb animation_style=\u00bbslide\u00bb animation_direction=\u00bbright\u00bb animation_delay=\u00bb500ms\u00bb auto=\u00bbon\u00bb auto_speed=\u00bb4000&#8243; global_colors_info=\u00bb{}\u00bb][\/et_pb_gallery][et_pb_text _builder_version=\u00bb4.27.4&#8243; _module_preset=\u00bbdefault\u00bb global_colors_info=\u00bb{}\u00bb]<\/p>\n<p>Tras quince a\u00f1os de investigaci\u00f3n, el descubrimiento en 2012 de una misteriosa \u00abmonta\u00f1a cuadrada\u00bb en el norte del departamento de Cusco cambiar\u00e1 por completo la vida de Thierry y sus compa\u00f1eros. Jamin est\u00e1 convencido de que el Santo Grial de la arqueolog\u00eda sudamericana se esconde en la cima de esta elevaci\u00f3n. Durante varios a\u00f1os, el equipo del Instituto Inkarri har\u00e1 todo lo posible por alcanzar esta inaccesible \u00abtierra prometida\u00bb. Tras varios intentos en el coraz\u00f3n del \u00abinfierno verde\u00bb, Thierry finalmente lo intenta en helic\u00f3ptero, en septiembre de 2019. Pero no todo saldr\u00e1 seg\u00fan lo previsto. \u00a1Una historia rocambolesca y trepidante! Poco despu\u00e9s, Herbert Cartagena se despide y se une a los \u00e1ngeles de Paititi. Finalmente, nuevas im\u00e1genes satelitales revelan a Thierry Jamin que ten\u00eda raz\u00f3n: im\u00e1genes in\u00e9ditas&#8230; \u00a1y verdaderamente hist\u00f3ricas! La hora de la \u00abmaravillosa ciudad de Patiti\u00bb pronto llegar\u00e1&#8230;        <\/p>\n<p><em>Duraci\u00f3n: 1 h 27 min<\/em><\/p>\n<p>[\/et_pb_text][\/et_pb_column][\/et_pb_row][et_pb_row _builder_version=\u00bb4.27.5&#8243; _module_preset=\u00bbdefault\u00bb hover_enabled=\u00bb0&#8243; global_colors_info=\u00bb{}\u00bb admin_label=\u00bbvod\u00bb sticky_enabled=\u00bb0&#8243; disabled_on=\u00bbon|on|on\u00bb disabled=\u00bbon\u00bb collapsed=\u00bbon\u00bb][et_pb_column type=\u00bb4_4&#8243; _builder_version=\u00bb4.27.4&#8243; _module_preset=\u00bbdefault\u00bb global_colors_info=\u00bb{}\u00bb][et_pb_button button_url=\u00bbhttps:\/\/vimeo.com\/ondemand\/patitisaison2&#8243; url_new_window=\u00bbon\u00bb button_text=\u00bbAlquilar o comprar en VOD\u00bb button_alignment=\u00bbcenter\u00bb _builder_version=\u00bb4.27.5&#8243; _module_preset=\u00bbdefault\u00bb animation_style=\u00bbslide\u00bb animation_direction=\u00bbright\u00bb hover_enabled=\u00bb0&#8243; global_colors_info=\u00bb{}\u00bb sticky_enabled=\u00bb0&#8243;][\/et_pb_button][\/et_pb_column][\/et_pb_row][\/et_pb_section]<\/p>\n","protected":false},"excerpt":{"rendered":"<p>Paititi Temporada 2\u00bfTe gusta la aventura? \u00a1Entonces te encantar\u00e1 Paititi! Excepto que en este caso no se trata de ficci\u00f3n. \u00a1Es la historia de una vida!En la temporada 2 (2007-2024), descubrir\u00e1s c\u00f3mo el explorador franc\u00e9s y su grupo lograr\u00e1n localizar el lugar donde se encuentra la m\u00edtica ciudad perdida de Paititi. Juicios, traiciones y golpes [&hellip;]<\/p>\n","protected":false},"author":1,"featured_media":0,"parent":0,"menu_order":0,"comment_status":"closed","ping_status":"closed","template":"","meta":{"_et_pb_use_builder":"on","_et_pb_old_content":"","_et_gb_content_width":"","footnotes":""},"class_list":["post-1115","page","type-page","status-publish","hentry"],"yoast_head":"<!-- This site is optimized with the Yoast SEO plugin v27.3 - https:\/\/yoast.com\/product\/yoast-seo-wordpress\/ -->\n<title>Paititi Temporada 2 - Las expediciones de Thierry Jamin de 2007 a 2024<\/title>\n<meta name=\"description\" content=\"En la temporada 2, descubrir\u00e1s c\u00f3mo el explorador franc\u00e9s Thierry Jamin logra localizar el lugar donde se encuentra la m\u00edtica ciudad de Paititi.\" \/>\n<meta name=\"robots\" content=\"index, follow, max-snippet:-1, max-image-preview:large, max-video-preview:-1\" \/>\n<link rel=\"canonical\" href=\"https:\/\/jungledoc.com\/es\/paititi-temporada-2\/\" \/>\n<meta property=\"og:locale\" content=\"es_ES\" \/>\n<meta property=\"og:type\" content=\"article\" \/>\n<meta property=\"og:title\" content=\"Paititi Temporada 2 - Las expediciones de Thierry Jamin de 2007 a 2024\" \/>\n<meta property=\"og:description\" content=\"En la temporada 2, descubrir\u00e1s c\u00f3mo el explorador franc\u00e9s Thierry Jamin logra localizar el lugar donde se encuentra la m\u00edtica ciudad de Paititi.\" \/>\n<meta property=\"og:url\" content=\"https:\/\/jungledoc.com\/es\/paititi-temporada-2\/\" \/>\n<meta property=\"og:site_name\" content=\"Jungle Doc Productions\" \/>\n<meta property=\"article:publisher\" content=\"https:\/\/www.facebook.com\/jungledocprod\/\" \/>\n<meta property=\"article:modified_time\" content=\"2026-01-12T07:01:58+00:00\" \/>\n<meta property=\"og:image\" content=\"https:\/\/jungledoc.com\/wp-content\/uploads\/2025\/09\/PAITITI-2-FR-225x300.jpg\" \/>\n<meta name=\"twitter:card\" content=\"summary_large_image\" \/>\n<meta name=\"twitter:title\" content=\"Paititi Temporada 2 - Las expediciones de Thierry Jamin de 2007 a 2024\" \/>\n<meta name=\"twitter:description\" content=\"En la temporada 2, descubrir\u00e1s c\u00f3mo el explorador franc\u00e9s Thierry Jamin logra localizar el lugar donde se encuentra la m\u00edtica ciudad de Paititi.\" \/>\n<meta name=\"twitter:image\" content=\"https:\/\/jungledoc.com\/wp-content\/uploads\/2025\/09\/PAITITI-2-FR.jpg\" \/>\n<meta name=\"twitter:label1\" content=\"Tiempo de lectura\" \/>\n\t<meta name=\"twitter:data1\" content=\"6 minutos\" \/>\n<script type=\"application\/ld+json\" class=\"yoast-schema-graph\">{\"@context\":\"https:\\\/\\\/schema.org\",\"@graph\":[{\"@type\":\"WebPage\",\"@id\":\"https:\\\/\\\/jungledoc.com\\\/es\\\/paititi-temporada-2\\\/\",\"url\":\"https:\\\/\\\/jungledoc.com\\\/es\\\/paititi-temporada-2\\\/\",\"name\":\"Paititi Temporada 2 - Las expediciones de Thierry Jamin de 2007 a 2024\",\"isPartOf\":{\"@id\":\"https:\\\/\\\/jungledoc.com\\\/es\\\/#website\"},\"primaryImageOfPage\":{\"@id\":\"https:\\\/\\\/jungledoc.com\\\/es\\\/paititi-temporada-2\\\/#primaryimage\"},\"image\":{\"@id\":\"https:\\\/\\\/jungledoc.com\\\/es\\\/paititi-temporada-2\\\/#primaryimage\"},\"thumbnailUrl\":\"https:\\\/\\\/jungledoc.com\\\/wp-content\\\/uploads\\\/2025\\\/09\\\/ES.jpg\",\"datePublished\":\"2025-09-06T08:36:46+00:00\",\"dateModified\":\"2026-01-12T07:01:58+00:00\",\"description\":\"En la temporada 2, descubrir\u00e1s c\u00f3mo el explorador franc\u00e9s Thierry Jamin logra localizar el lugar donde se encuentra la m\u00edtica ciudad de Paititi.\",\"breadcrumb\":{\"@id\":\"https:\\\/\\\/jungledoc.com\\\/es\\\/paititi-temporada-2\\\/#breadcrumb\"},\"inLanguage\":\"es\",\"potentialAction\":[{\"@type\":\"ReadAction\",\"target\":[\"https:\\\/\\\/jungledoc.com\\\/es\\\/paititi-temporada-2\\\/\"]}]},{\"@type\":\"ImageObject\",\"inLanguage\":\"es\",\"@id\":\"https:\\\/\\\/jungledoc.com\\\/es\\\/paititi-temporada-2\\\/#primaryimage\",\"url\":\"https:\\\/\\\/jungledoc.com\\\/wp-content\\\/uploads\\\/2025\\\/09\\\/ES.jpg\",\"contentUrl\":\"https:\\\/\\\/jungledoc.com\\\/wp-content\\\/uploads\\\/2025\\\/09\\\/ES.jpg\"},{\"@type\":\"BreadcrumbList\",\"@id\":\"https:\\\/\\\/jungledoc.com\\\/es\\\/paititi-temporada-2\\\/#breadcrumb\",\"itemListElement\":[{\"@type\":\"ListItem\",\"position\":1,\"name\":\"Accueil\",\"item\":\"https:\\\/\\\/jungledoc.com\\\/es\\\/portada\\\/\"},{\"@type\":\"ListItem\",\"position\":2,\"name\":\"Paititi Temporada 2\"}]},{\"@type\":\"WebSite\",\"@id\":\"https:\\\/\\\/jungledoc.com\\\/es\\\/#website\",\"url\":\"https:\\\/\\\/jungledoc.com\\\/es\\\/\",\"name\":\"Jungle Doc Productions\",\"description\":\"\",\"publisher\":{\"@id\":\"https:\\\/\\\/jungledoc.com\\\/es\\\/#organization\"},\"potentialAction\":[{\"@type\":\"SearchAction\",\"target\":{\"@type\":\"EntryPoint\",\"urlTemplate\":\"https:\\\/\\\/jungledoc.com\\\/es\\\/?s={search_term_string}\"},\"query-input\":{\"@type\":\"PropertyValueSpecification\",\"valueRequired\":true,\"valueName\":\"search_term_string\"}}],\"inLanguage\":\"es\"},{\"@type\":\"Organization\",\"@id\":\"https:\\\/\\\/jungledoc.com\\\/es\\\/#organization\",\"name\":\"Jungle Doc Productions\",\"url\":\"https:\\\/\\\/jungledoc.com\\\/es\\\/\",\"logo\":{\"@type\":\"ImageObject\",\"inLanguage\":\"es\",\"@id\":\"https:\\\/\\\/jungledoc.com\\\/es\\\/#\\\/schema\\\/logo\\\/image\\\/\",\"url\":\"https:\\\/\\\/jungledoc.com\\\/wp-content\\\/uploads\\\/2025\\\/09\\\/logo_jungle_doc-200px.png\",\"contentUrl\":\"https:\\\/\\\/jungledoc.com\\\/wp-content\\\/uploads\\\/2025\\\/09\\\/logo_jungle_doc-200px.png\",\"width\":200,\"height\":99,\"caption\":\"Jungle Doc Productions\"},\"image\":{\"@id\":\"https:\\\/\\\/jungledoc.com\\\/es\\\/#\\\/schema\\\/logo\\\/image\\\/\"},\"sameAs\":[\"https:\\\/\\\/www.facebook.com\\\/jungledocprod\\\/\"]}]}<\/script>\n<!-- \/ Yoast SEO plugin. -->","yoast_head_json":{"title":"Paititi Temporada 2 - Las expediciones de Thierry Jamin de 2007 a 2024","description":"En la temporada 2, descubrir\u00e1s c\u00f3mo el explorador franc\u00e9s Thierry Jamin logra localizar el lugar donde se encuentra la m\u00edtica ciudad de Paititi.","robots":{"index":"index","follow":"follow","max-snippet":"max-snippet:-1","max-image-preview":"max-image-preview:large","max-video-preview":"max-video-preview:-1"},"canonical":"https:\/\/jungledoc.com\/es\/paititi-temporada-2\/","og_locale":"es_ES","og_type":"article","og_title":"Paititi Temporada 2 - Las expediciones de Thierry Jamin de 2007 a 2024","og_description":"En la temporada 2, descubrir\u00e1s c\u00f3mo el explorador franc\u00e9s Thierry Jamin logra localizar el lugar donde se encuentra la m\u00edtica ciudad de Paititi.","og_url":"https:\/\/jungledoc.com\/es\/paititi-temporada-2\/","og_site_name":"Jungle Doc Productions","article_publisher":"https:\/\/www.facebook.com\/jungledocprod\/","article_modified_time":"2026-01-12T07:01:58+00:00","og_image":[{"url":"https:\/\/jungledoc.com\/wp-content\/uploads\/2025\/09\/PAITITI-2-FR-225x300.jpg","type":"","width":"","height":""}],"twitter_card":"summary_large_image","twitter_title":"Paititi Temporada 2 - Las expediciones de Thierry Jamin de 2007 a 2024","twitter_description":"En la temporada 2, descubrir\u00e1s c\u00f3mo el explorador franc\u00e9s Thierry Jamin logra localizar el lugar donde se encuentra la m\u00edtica ciudad de Paititi.","twitter_image":"https:\/\/jungledoc.com\/wp-content\/uploads\/2025\/09\/PAITITI-2-FR.jpg","twitter_misc":{"Tiempo de lectura":"6 minutos"},"schema":{"@context":"https:\/\/schema.org","@graph":[{"@type":"WebPage","@id":"https:\/\/jungledoc.com\/es\/paititi-temporada-2\/","url":"https:\/\/jungledoc.com\/es\/paititi-temporada-2\/","name":"Paititi Temporada 2 - Las expediciones de Thierry Jamin de 2007 a 2024","isPartOf":{"@id":"https:\/\/jungledoc.com\/es\/#website"},"primaryImageOfPage":{"@id":"https:\/\/jungledoc.com\/es\/paititi-temporada-2\/#primaryimage"},"image":{"@id":"https:\/\/jungledoc.com\/es\/paititi-temporada-2\/#primaryimage"},"thumbnailUrl":"https:\/\/jungledoc.com\/wp-content\/uploads\/2025\/09\/ES.jpg","datePublished":"2025-09-06T08:36:46+00:00","dateModified":"2026-01-12T07:01:58+00:00","description":"En la temporada 2, descubrir\u00e1s c\u00f3mo el explorador franc\u00e9s Thierry Jamin logra localizar el lugar donde se encuentra la m\u00edtica ciudad de Paititi.","breadcrumb":{"@id":"https:\/\/jungledoc.com\/es\/paititi-temporada-2\/#breadcrumb"},"inLanguage":"es","potentialAction":[{"@type":"ReadAction","target":["https:\/\/jungledoc.com\/es\/paititi-temporada-2\/"]}]},{"@type":"ImageObject","inLanguage":"es","@id":"https:\/\/jungledoc.com\/es\/paititi-temporada-2\/#primaryimage","url":"https:\/\/jungledoc.com\/wp-content\/uploads\/2025\/09\/ES.jpg","contentUrl":"https:\/\/jungledoc.com\/wp-content\/uploads\/2025\/09\/ES.jpg"},{"@type":"BreadcrumbList","@id":"https:\/\/jungledoc.com\/es\/paititi-temporada-2\/#breadcrumb","itemListElement":[{"@type":"ListItem","position":1,"name":"Accueil","item":"https:\/\/jungledoc.com\/es\/portada\/"},{"@type":"ListItem","position":2,"name":"Paititi Temporada 2"}]},{"@type":"WebSite","@id":"https:\/\/jungledoc.com\/es\/#website","url":"https:\/\/jungledoc.com\/es\/","name":"Jungle Doc Productions","description":"","publisher":{"@id":"https:\/\/jungledoc.com\/es\/#organization"},"potentialAction":[{"@type":"SearchAction","target":{"@type":"EntryPoint","urlTemplate":"https:\/\/jungledoc.com\/es\/?s={search_term_string}"},"query-input":{"@type":"PropertyValueSpecification","valueRequired":true,"valueName":"search_term_string"}}],"inLanguage":"es"},{"@type":"Organization","@id":"https:\/\/jungledoc.com\/es\/#organization","name":"Jungle Doc Productions","url":"https:\/\/jungledoc.com\/es\/","logo":{"@type":"ImageObject","inLanguage":"es","@id":"https:\/\/jungledoc.com\/es\/#\/schema\/logo\/image\/","url":"https:\/\/jungledoc.com\/wp-content\/uploads\/2025\/09\/logo_jungle_doc-200px.png","contentUrl":"https:\/\/jungledoc.com\/wp-content\/uploads\/2025\/09\/logo_jungle_doc-200px.png","width":200,"height":99,"caption":"Jungle Doc Productions"},"image":{"@id":"https:\/\/jungledoc.com\/es\/#\/schema\/logo\/image\/"},"sameAs":["https:\/\/www.facebook.com\/jungledocprod\/"]}]}},"_links":{"self":[{"href":"https:\/\/jungledoc.com\/es\/wp-json\/wp\/v2\/pages\/1115","targetHints":{"allow":["GET"]}}],"collection":[{"href":"https:\/\/jungledoc.com\/es\/wp-json\/wp\/v2\/pages"}],"about":[{"href":"https:\/\/jungledoc.com\/es\/wp-json\/wp\/v2\/types\/page"}],"author":[{"embeddable":true,"href":"https:\/\/jungledoc.com\/es\/wp-json\/wp\/v2\/users\/1"}],"replies":[{"embeddable":true,"href":"https:\/\/jungledoc.com\/es\/wp-json\/wp\/v2\/comments?post=1115"}],"version-history":[{"count":0,"href":"https:\/\/jungledoc.com\/es\/wp-json\/wp\/v2\/pages\/1115\/revisions"}],"wp:attachment":[{"href":"https:\/\/jungledoc.com\/es\/wp-json\/wp\/v2\/media?parent=1115"}],"curies":[{"name":"wp","href":"https:\/\/api.w.org\/{rel}","templated":true}]}}