{"id":1268,"date":"2025-09-08T09:02:44","date_gmt":"2025-09-08T07:02:44","guid":{"rendered":"https:\/\/jungledoc.com\/cgv\/"},"modified":"2026-01-11T18:05:24","modified_gmt":"2026-01-11T17:05:24","slug":"cgv","status":"publish","type":"page","link":"https:\/\/jungledoc.com\/es\/cgv\/","title":{"rendered":"CGV"},"content":{"rendered":"<p>[et_pb_section fb_built=\u00bb1&#8243; _builder_version=\u00bb4.27.4&#8243; _module_preset=\u00bbdefault\u00bb background_color=\u00bb#000000&#8243; custom_padding=\u00bb||3px|||\u00bb global_colors_info=\u00bb{}\u00bb][et_pb_row _builder_version=\u00bb4.27.4&#8243; _module_preset=\u00bbdefault\u00bb global_colors_info=\u00bb{}\u00bb][et_pb_column type=\u00bb4_4&#8243; _builder_version=\u00bb4.27.4&#8243; _module_preset=\u00bbdefault\u00bb global_colors_info=\u00bb{}\u00bb][et_pb_text _builder_version=\u00bb4.27.4&#8243; _module_preset=\u00bbdefault\u00bb global_colors_info=\u00bb{}\u00bb]<\/p>\n<h1>Condiciones generales de venta<\/h1>\n<p>Las presentes Condiciones Generales de Venta (CGV) se establecieron el 25 de noviembre de 2017.<\/p>\n<p>Las presentes condiciones de venta han sido acordadas, por una parte, por la empresa Jungle Doc Productions, SARL con un capital social de 1200 \u20ac, con domicilio social en 28C rue Joseph d&#8217;Olivier \u2013 31600 MURET \u2013 FRANCIA, inscrita en el Registro Mercantil y de Sociedades de Toulouse con el n\u00famero 518 272 573, n\u00famero de IVA intracomunitario FR48518272273, en lo sucesivo denominada \u00abla Sociedad\u00bb, y, por otra parte, cualquier persona f\u00edsica o jur\u00eddica que desee realizar una compra a trav\u00e9s del sitio web jungledoc.com y denominada en lo sucesivo \u00abel Cliente\u00bb.<\/p>\n<h2>1\/ Objeto del contrato<\/h2>\n<p>Las presentes Condiciones Generales de Venta establecen las disposiciones contractuales entre la Empresa y el Cliente, as\u00ed como las condiciones aplicables a cualquier compra realizada en el sitio web jungledoc.com, tanto si el cliente es un profesional como un consumidor. La compra de un producto en el sitio web jungledoc.com implica la aceptaci\u00f3n sin reservas por parte del Cliente de las presentes Condiciones Generales de Venta. <\/p>\n<h2>2\/ Productos ofrecidos a la venta<\/h2>\n<p>Se trata de los productos que figuran en el cat\u00e1logo del sitio web jungledoc.com. Estos productos se ofrecen hasta agotar existencias. Cada art\u00edculo incluye una descripci\u00f3n elaborada por la Empresa. Las fotograf\u00edas del cat\u00e1logo, aunque son lo m\u00e1s fieles posible, pueden diferir sensiblemente de las del producto vendido, en particular en lo que respecta a los colores.   <\/p>\n<h2>3\/ Zona geogr\u00e1fica<\/h2>\n<p>La venta en l\u00ednea de los productos presentes en el sitio web jungledoc.com no est\u00e1 limitada geogr\u00e1ficamente.<\/p>\n<h2>4\/ Tarifas<\/h2>\n<p>Los precios de los productos que figuran en el cat\u00e1logo del sitio web jungledoc.com incluyen todos los impuestos, con el tipo de IVA vigente en la fecha del pedido. Cualquier cambio en el tipo impositivo se reflejar\u00e1 en el precio de los productos. La Empresa se reserva el derecho a modificar sus precios. No obstante, el precio aplicable al Cliente ser\u00e1 el que figure en el cat\u00e1logo en la fecha de su pedido. Los precios indicados no incluyen los gastos de env\u00edo, que se indicar\u00e1n en el resumen del pedido antes del pago.    <\/p>\n<h2>5\/ Pedidos<\/h2>\n<p>El Cliente que desee comprar uno o varios productos en el sitio web jungledoc.com deber\u00e1 seguir obligatoriamente el siguiente proceso:<\/p>\n<ul>\n<li>selecci\u00f3n del producto y adici\u00f3n al carrito<\/li>\n<li>visualizaci\u00f3n de la cesta pasando el rat\u00f3n por \u00abMi carrito\u00bb, en la parte superior derecha<\/li>\n<li>a continuaci\u00f3n, puede continuar con sus compras accediendo a otra ficha de producto o hacer clic en \u00abRealizar pedido\u00bb.<\/li>\n<\/ul>\n<p>Si hace clic en \u00abRealizar pedido\u00bb, aparecer\u00e1 un resumen que indicar\u00e1: el producto o productos seleccionados, con la posibilidad de modificar la cantidad o eliminar un producto, el importe total con IVA incluido de los productos, los gastos de env\u00edo, el importe total sin IVA y el importe del IVA.<\/p>\n<p>Entonces tiene la posibilidad de volver al cat\u00e1logo o hacer clic en \u00abSiguiente\u00bb. Si hace clic en \u00abSiguiente\u00bb, acceder\u00e1 a la p\u00e1gina \u00abIdentif\u00edquese\u00bb. Tiene dos posibilidades:  <\/p>\n<ul>\n<li>si ya ha realizado un pedido en el sitio web jungledoc.com, deber\u00e1 identificarse en el apartado \u00abYa registrado\u00bb, introduciendo su direcci\u00f3n de correo electr\u00f3nico y su contrase\u00f1a.<\/li>\n<li>si realiza su primer pedido en el sitio web jungledoc.com, deber\u00e1 crear una cuenta introduciendo su direcci\u00f3n de correo electr\u00f3nico en el cuadro \u00abCrear mi cuenta\u00bb.<\/li>\n<li>A continuaci\u00f3n, se le redirigir\u00e1 a una p\u00e1gina inicial en la que deber\u00e1 introducir su nombre, apellidos, direcci\u00f3n de correo electr\u00f3nico y contrase\u00f1a.<\/li>\n<li>Deber\u00e1 marcar la casilla relativa a la \u00abConfidencialidad de los datos de los clientes\u00bb.<\/li>\n<li>A continuaci\u00f3n, har\u00e1 clic en \u00abRegistrarse\u00bb. Se le redirigir\u00e1 al \u00abResumen del pedido\u00bb. <br \/>Si hace clic en \u00abSiguiente\u00bb, se le pedir\u00e1 que introduzca sus datos personales: nombre, apellidos, direcci\u00f3n, c\u00f3digo postal, ciudad, pa\u00eds y n\u00famero de tel\u00e9fono.<\/li>\n<li>La siguiente pantalla le pedir\u00e1 que introduzca una direcci\u00f3n de facturaci\u00f3n diferente a la de entrega.<\/li>\n<li>A continuaci\u00f3n, acceder\u00e1 a la p\u00e1gina \u00abGastos de env\u00edo\u00bb, en la que podr\u00e1 (si lo desea) elegir el m\u00e9todo de env\u00edo y deber\u00e1 marcar la casilla \u00abHe le\u00eddo las condiciones generales de venta y las acepto sin reservas. (Leer las condiciones generales de venta)\u00bb.<\/li>\n<li>Finalmente, se le redirigir\u00e1 a la p\u00e1gina de pago.<\/li>\n<\/ul>\n<p>El cliente recibir\u00e1 un mensaje por correo electr\u00f3nico para confirmar su pedido.<\/p>\n<p>La Sociedad se reserva el derecho de propiedad de los productos solicitados por el Cliente hasta el pago completo del pedido y su cobro.<\/p>\n<p>La Sociedad se reserva el derecho de cancelar o rechazar un pedido de un Cliente con el que exista un litigio relativo al pago de un pedido anterior.<\/p>\n<p>Todo pedido implica la aceptaci\u00f3n de los precios y las descripciones de los productos presentados en el cat\u00e1logo del sitio web jungledoc.com y disponibles para la venta.<\/p>\n<p>La Sociedad se compromete a atender, dentro del l\u00edmite de las existencias disponibles, los pedidos recibidos en el sitio web jungledoc.com.<\/p>\n<h2>6\/ Pagos<\/h2>\n<p>El pago de las compras realizadas en el sitio web jungledoc.com puede efectuarse a trav\u00e9s de PayPlug.<\/p>\n<p>El pago en PayPlug se realiza en una plataforma segura. En concreto, los datos relativos a la tarjeta de pago del Cliente se introducen en esta plataforma y no en el sitio web jungledoc.com. <\/p>\n<p>Los datos bancarios no se introducen en el sitio web jungledoc.com, sino en el sitio web de pago en l\u00ednea.<\/p>\n<h2>7\/ Env\u00edo y plazos de entrega<\/h2>\n<p>La Empresa se compromete a enviar los pedidos realizados en el sitio web en un plazo de 3 d\u00edas laborables en Francia, siempre y cuando se haya validado el pago.<\/p>\n<p>Los paquetes se env\u00edan:<\/p>\n<ul>\n<li>En Francia metropolitana, M\u00f3naco y Andorra, el Cliente puede elegir entre:\n<ul>\n<li>Colissimo. La Poste se compromete a entregar el env\u00edo en el buz\u00f3n en un plazo de 48 horas. <\/li>\n<li>Mondial Relay: plazo de entrega de aproximadamente 5 d\u00edas en un punto de recogida.<\/li>\n<\/ul>\n<\/li>\n<li>en las regiones y departamentos de ultramar de Francia: por Colissimo. Plazo de entrega entre 5 y 22 d\u00edas. <\/li>\n<li>en la Uni\u00f3n Europea y Suiza: Colissimo. Entrega en el buz\u00f3n en un plazo de 96 horas. <\/li>\n<li>en Noruega, Islandia, Islas Feroe, Marruecos, T\u00fanez y Argelia: Colissimo. Plazo de entrega entre 3 y 15 d\u00edas. <\/li>\n<li>otras regiones: Delivengo. Plazo: entre 3 y 15 d\u00edas. <\/li>\n<\/ul>\n<p>For France, Monaco, and Andorra, if the products have not been delivered within 7 days of the order date, except in cases of force majeure (strike, natural or industrial disaster, etc.), the Customer may cancel their purchase by sending us an email at contact[ate]jungledoc.com (replace [ate] with @) or by calling us at +33 7 70 90 95 55. El importe abonado ser\u00e1 reembolsado.<\/p>\n<p>El cliente dispone de un plazo de 70 d\u00edas a partir de la fecha de env\u00edo del pedido para informarnos de su no recepci\u00f3n y solicitar la cancelaci\u00f3n de dicho pedido, lo que conllevar\u00e1 su reembolso \u00edntegro. Pasado este plazo, no se aceptar\u00e1 ninguna cancelaci\u00f3n de pedido.<\/p>\n<p>El Cliente debe comprobar el buen estado de los productos entregados. Las posibles anomal\u00edas detectadas, como un art\u00edculo faltante, un paquete da\u00f1ado, etc., deben indicarse en un plazo de 4 d\u00edas a partir de la recepci\u00f3n, fecha validada por la firma del Cliente en el momento de la entrega.<\/p>\n<h2>8\/ Factura<\/h2>\n<p>El Cliente encontrar\u00e1 la factura de su pedido al conectarse a su espacio de cliente en el sitio web jungledoc.com, en la secci\u00f3n \u00abHistorial de sus pedidos\u00bb. Un enlace le permite descargar este documento en formato PDF.<\/p>\n<h2>9\/ Derecho de desistimiento<\/h2>\n<p>Tiene derecho a rescindir el presente contrato sin indicar motivo alguno en un plazo de catorce d\u00edas.<\/p>\n<p>El plazo expira catorce d\u00edas despu\u00e9s del d\u00eda en que usted, o un tercero distinto del transportista y designado por usted, toma posesi\u00f3n f\u00edsica del producto o productos.<\/p>\n<p>Para ejercer este derecho de desistimiento, debe comunicarnos a Jungle Doc Productions, 28C rue Joseph d\u2019Olivier \u2013 31600 Muret, Francia, contact[at] jungledoc.com (sustituya [at] por @), su decisi\u00f3n de desistir del presente contrato mediante una declaraci\u00f3n inequ\u00edvoca por carta enviada por correo postal o por correo electr\u00f3nico.<\/p>\n<p>Tambi\u00e9n puede utilizar el formulario de desistimiento. Si utiliza esta opci\u00f3n, le enviaremos inmediatamente un acuse de recibo de la revocaci\u00f3n por correo electr\u00f3nico.<\/p>\n<p>En caso de que usted rescinda el presente contrato, le reembolsaremos todos los pagos que hayamos recibido de usted, incluidos los gastos de env\u00edo (excepto los gastos adicionales derivados de la elecci\u00f3n, en su caso, un m\u00e9todo de entrega distinto al m\u00e9todo de entrega est\u00e1ndar menos costoso que ofrecemos) sin demora indebida y, en cualquier caso, a m\u00e1s tardar catorce d\u00edas a partir de la fecha en que se nos informe de su decisi\u00f3n de rescindir el presente contrato. Realizaremos el reembolso utilizando el mismo medio de pago que haya utilizado para la transacci\u00f3n inicial, salvo que acuerde expresamente otro medio diferente; en cualquier caso, dicho reembolso no le supondr\u00e1 ning\u00fan gasto.<\/p>\n<p>Podemos aplazar el reembolso hasta que hayamos recibido el bien. Los art\u00edculos devueltos deben estar nuevos, en perfecto estado, en su embalaje original y con todos los accesorios (documentos, etiquetas, etc.).<\/p>\n<p>El Cliente deber\u00e1 conservar el comprobante de env\u00edo del paquete. En ausencia de dicha prueba, no se aceptar\u00e1n cambios ni reembolsos en caso de p\u00e9rdida del paquete.<\/p>\n<p>Deber\u00e1 devolver o entregarnos el bien, a la direcci\u00f3n indicada anteriormente, sin demora injustificada y, en cualquier caso, a m\u00e1s tardar catorce d\u00edas despu\u00e9s de habernos comunicado su decisi\u00f3n de desistir del presente contrato. Este plazo se considerar\u00e1 cumplido si devuelve el bien antes de que expire el plazo de catorce d\u00edas.<\/p>\n<p>Deber\u00e1 hacerse cargo de los gastos directos de devoluci\u00f3n de los productos.<\/p>\n<h2>10\/ Inform\u00e1tica y libertades<\/h2>\n<p>Los datos personales que le conciernen son necesarios para abrir una cuenta de cliente, gestionar sus pedidos y realizar su seguimiento.<\/p>\n<p>Si lo desea, puede suscribirse a nuestro bolet\u00edn informativo mediante el formulario que aparece en todas las p\u00e1ginas del sitio web o marcando la casilla correspondiente al crear su cuenta.<\/p>\n<p>Los datos que recopilamos no se ceden ni se venden a terceros. Solo se utilizan en el marco de la actividad comercial de la empresa: comunicaciones relacionadas con un pedido, promociones, nuevos productos, operaciones especiales, etc.<\/p>\n<p>De conformidad con la ley \u00abinform\u00e1tica y libertades\u00bb del 6 de enero de 1978, modificada en 2004, usted tiene derecho a acceder y rectificar la informaci\u00f3n que le concierne, derecho que puede ejercer dirigi\u00e9ndose a Jungle Doc Productions 28C rue Joseph d\u2019Olivier \u2013 31600 MURET \u2013 FRANCIA o indic\u00e1ndonoslo a trav\u00e9s de nuestro formulario de contacto en el sitio web jungledoc.com.<\/p>\n<p>Asimismo, por motivos leg\u00edtimos, puede oponerse al tratamiento de los datos que le conciernen.<\/p>\n<h2>11\/ Aceptaci\u00f3n de las condiciones<\/h2>\n<p>Al marcar la casilla \u00abHe le\u00eddo las condiciones generales de venta y las acepto sin reservas. (Leer las condiciones generales de venta)\u00bb antes de validar su pedido, el Cliente reconoce haber le\u00eddo \u00edntegramente las presentes Condiciones Generales de Venta y aceptarlas.<\/p>\n<p>[\/et_pb_text][\/et_pb_column][\/et_pb_row][\/et_pb_section]<\/p>\n","protected":false},"excerpt":{"rendered":"<p>Condiciones generales de venta Las presentes Condiciones Generales de Venta (CGV) se establecieron el 25 de noviembre de 2017. Las presentes condiciones de venta han sido acordadas, por una parte, por la empresa Jungle Doc Productions, SARL con un capital social de 1200 \u20ac, con domicilio social en 28C rue Joseph d&#8217;Olivier \u2013 31600 MURET [&hellip;]<\/p>\n","protected":false},"author":1,"featured_media":0,"parent":0,"menu_order":0,"comment_status":"closed","ping_status":"closed","template":"","meta":{"_et_pb_use_builder":"on","_et_pb_old_content":"","_et_gb_content_width":"","footnotes":""},"class_list":["post-1268","page","type-page","status-publish","hentry"],"yoast_head":"<!-- This site is optimized with the Yoast SEO plugin v27.3 - https:\/\/yoast.com\/product\/yoast-seo-wordpress\/ -->\n<title>CGV - Jungle Doc Productions<\/title>\n<meta name=\"robots\" content=\"noindex, nofollow\" \/>\n<meta property=\"og:locale\" content=\"es_ES\" \/>\n<meta property=\"og:type\" content=\"article\" \/>\n<meta property=\"og:title\" content=\"CGV - Jungle Doc Productions\" \/>\n<meta property=\"og:description\" content=\"Condiciones generales de venta Las presentes Condiciones Generales de Venta (CGV) se establecieron el 25 de noviembre de 2017. Las presentes condiciones de venta han sido acordadas, por una parte, por la empresa Jungle Doc Productions, SARL con un capital social de 1200 \u20ac, con domicilio social en 28C rue Joseph d&#039;Olivier \u2013 31600 MURET [&hellip;]\" \/>\n<meta property=\"og:url\" content=\"https:\/\/jungledoc.com\/es\/cgv\/\" \/>\n<meta property=\"og:site_name\" content=\"Jungle Doc Productions\" \/>\n<meta property=\"article:publisher\" content=\"https:\/\/www.facebook.com\/jungledocprod\/\" \/>\n<meta property=\"article:modified_time\" content=\"2026-01-11T17:05:24+00:00\" \/>\n<meta name=\"twitter:card\" content=\"summary_large_image\" \/>\n<meta name=\"twitter:label1\" content=\"Tiempo de lectura\" \/>\n\t<meta name=\"twitter:data1\" content=\"10 minutos\" \/>\n<script type=\"application\/ld+json\" class=\"yoast-schema-graph\">{\"@context\":\"https:\\\/\\\/schema.org\",\"@graph\":[{\"@type\":\"WebPage\",\"@id\":\"https:\\\/\\\/jungledoc.com\\\/es\\\/cgv\\\/\",\"url\":\"https:\\\/\\\/jungledoc.com\\\/es\\\/cgv\\\/\",\"name\":\"CGV - Jungle Doc Productions\",\"isPartOf\":{\"@id\":\"https:\\\/\\\/jungledoc.com\\\/es\\\/#website\"},\"datePublished\":\"2025-09-08T07:02:44+00:00\",\"dateModified\":\"2026-01-11T17:05:24+00:00\",\"breadcrumb\":{\"@id\":\"https:\\\/\\\/jungledoc.com\\\/es\\\/cgv\\\/#breadcrumb\"},\"inLanguage\":\"es\",\"potentialAction\":[{\"@type\":\"ReadAction\",\"target\":[\"https:\\\/\\\/jungledoc.com\\\/es\\\/cgv\\\/\"]}]},{\"@type\":\"BreadcrumbList\",\"@id\":\"https:\\\/\\\/jungledoc.com\\\/es\\\/cgv\\\/#breadcrumb\",\"itemListElement\":[{\"@type\":\"ListItem\",\"position\":1,\"name\":\"Accueil\",\"item\":\"https:\\\/\\\/jungledoc.com\\\/es\\\/portada\\\/\"},{\"@type\":\"ListItem\",\"position\":2,\"name\":\"CGV\"}]},{\"@type\":\"WebSite\",\"@id\":\"https:\\\/\\\/jungledoc.com\\\/es\\\/#website\",\"url\":\"https:\\\/\\\/jungledoc.com\\\/es\\\/\",\"name\":\"Jungle Doc Productions\",\"description\":\"\",\"publisher\":{\"@id\":\"https:\\\/\\\/jungledoc.com\\\/es\\\/#organization\"},\"potentialAction\":[{\"@type\":\"SearchAction\",\"target\":{\"@type\":\"EntryPoint\",\"urlTemplate\":\"https:\\\/\\\/jungledoc.com\\\/es\\\/?s={search_term_string}\"},\"query-input\":{\"@type\":\"PropertyValueSpecification\",\"valueRequired\":true,\"valueName\":\"search_term_string\"}}],\"inLanguage\":\"es\"},{\"@type\":\"Organization\",\"@id\":\"https:\\\/\\\/jungledoc.com\\\/es\\\/#organization\",\"name\":\"Jungle Doc Productions\",\"url\":\"https:\\\/\\\/jungledoc.com\\\/es\\\/\",\"logo\":{\"@type\":\"ImageObject\",\"inLanguage\":\"es\",\"@id\":\"https:\\\/\\\/jungledoc.com\\\/es\\\/#\\\/schema\\\/logo\\\/image\\\/\",\"url\":\"https:\\\/\\\/jungledoc.com\\\/wp-content\\\/uploads\\\/2025\\\/09\\\/logo_jungle_doc-200px.png\",\"contentUrl\":\"https:\\\/\\\/jungledoc.com\\\/wp-content\\\/uploads\\\/2025\\\/09\\\/logo_jungle_doc-200px.png\",\"width\":200,\"height\":99,\"caption\":\"Jungle Doc Productions\"},\"image\":{\"@id\":\"https:\\\/\\\/jungledoc.com\\\/es\\\/#\\\/schema\\\/logo\\\/image\\\/\"},\"sameAs\":[\"https:\\\/\\\/www.facebook.com\\\/jungledocprod\\\/\"]}]}<\/script>\n<!-- \/ Yoast SEO plugin. -->","yoast_head_json":{"title":"CGV - Jungle Doc Productions","robots":{"index":"noindex","follow":"nofollow"},"og_locale":"es_ES","og_type":"article","og_title":"CGV - Jungle Doc Productions","og_description":"Condiciones generales de venta Las presentes Condiciones Generales de Venta (CGV) se establecieron el 25 de noviembre de 2017. Las presentes condiciones de venta han sido acordadas, por una parte, por la empresa Jungle Doc Productions, SARL con un capital social de 1200 \u20ac, con domicilio social en 28C rue Joseph d'Olivier \u2013 31600 MURET [&hellip;]","og_url":"https:\/\/jungledoc.com\/es\/cgv\/","og_site_name":"Jungle Doc Productions","article_publisher":"https:\/\/www.facebook.com\/jungledocprod\/","article_modified_time":"2026-01-11T17:05:24+00:00","twitter_card":"summary_large_image","twitter_misc":{"Tiempo de lectura":"10 minutos"},"schema":{"@context":"https:\/\/schema.org","@graph":[{"@type":"WebPage","@id":"https:\/\/jungledoc.com\/es\/cgv\/","url":"https:\/\/jungledoc.com\/es\/cgv\/","name":"CGV - Jungle Doc Productions","isPartOf":{"@id":"https:\/\/jungledoc.com\/es\/#website"},"datePublished":"2025-09-08T07:02:44+00:00","dateModified":"2026-01-11T17:05:24+00:00","breadcrumb":{"@id":"https:\/\/jungledoc.com\/es\/cgv\/#breadcrumb"},"inLanguage":"es","potentialAction":[{"@type":"ReadAction","target":["https:\/\/jungledoc.com\/es\/cgv\/"]}]},{"@type":"BreadcrumbList","@id":"https:\/\/jungledoc.com\/es\/cgv\/#breadcrumb","itemListElement":[{"@type":"ListItem","position":1,"name":"Accueil","item":"https:\/\/jungledoc.com\/es\/portada\/"},{"@type":"ListItem","position":2,"name":"CGV"}]},{"@type":"WebSite","@id":"https:\/\/jungledoc.com\/es\/#website","url":"https:\/\/jungledoc.com\/es\/","name":"Jungle Doc Productions","description":"","publisher":{"@id":"https:\/\/jungledoc.com\/es\/#organization"},"potentialAction":[{"@type":"SearchAction","target":{"@type":"EntryPoint","urlTemplate":"https:\/\/jungledoc.com\/es\/?s={search_term_string}"},"query-input":{"@type":"PropertyValueSpecification","valueRequired":true,"valueName":"search_term_string"}}],"inLanguage":"es"},{"@type":"Organization","@id":"https:\/\/jungledoc.com\/es\/#organization","name":"Jungle Doc Productions","url":"https:\/\/jungledoc.com\/es\/","logo":{"@type":"ImageObject","inLanguage":"es","@id":"https:\/\/jungledoc.com\/es\/#\/schema\/logo\/image\/","url":"https:\/\/jungledoc.com\/wp-content\/uploads\/2025\/09\/logo_jungle_doc-200px.png","contentUrl":"https:\/\/jungledoc.com\/wp-content\/uploads\/2025\/09\/logo_jungle_doc-200px.png","width":200,"height":99,"caption":"Jungle Doc Productions"},"image":{"@id":"https:\/\/jungledoc.com\/es\/#\/schema\/logo\/image\/"},"sameAs":["https:\/\/www.facebook.com\/jungledocprod\/"]}]}},"_links":{"self":[{"href":"https:\/\/jungledoc.com\/es\/wp-json\/wp\/v2\/pages\/1268","targetHints":{"allow":["GET"]}}],"collection":[{"href":"https:\/\/jungledoc.com\/es\/wp-json\/wp\/v2\/pages"}],"about":[{"href":"https:\/\/jungledoc.com\/es\/wp-json\/wp\/v2\/types\/page"}],"author":[{"embeddable":true,"href":"https:\/\/jungledoc.com\/es\/wp-json\/wp\/v2\/users\/1"}],"replies":[{"embeddable":true,"href":"https:\/\/jungledoc.com\/es\/wp-json\/wp\/v2\/comments?post=1268"}],"version-history":[{"count":0,"href":"https:\/\/jungledoc.com\/es\/wp-json\/wp\/v2\/pages\/1268\/revisions"}],"wp:attachment":[{"href":"https:\/\/jungledoc.com\/es\/wp-json\/wp\/v2\/media?parent=1268"}],"curies":[{"name":"wp","href":"https:\/\/api.w.org\/{rel}","templated":true}]}}