{"id":735,"date":"2025-09-05T16:47:13","date_gmt":"2025-09-05T14:47:13","guid":{"rendered":"https:\/\/jungledoc.com\/portada\/"},"modified":"2026-01-11T17:55:32","modified_gmt":"2026-01-11T16:55:32","slug":"portada","status":"publish","type":"page","link":"https:\/\/jungledoc.com\/es\/","title":{"rendered":"Portada"},"content":{"rendered":"<p>[et_pb_section fb_built=\u00bb1&#8243; fullwidth=\u00bbon\u00bb _builder_version=\u00bb4.27.4&#8243; _module_preset=\u00bbdefault\u00bb background_color=\u00bb#000000&#8243; saved_tabs=\u00bball\u00bb global_colors_info=\u00bb{}\u00bb][et_pb_fullwidth_slider arrows_custom_color=\u00bb#E2007A\u00bb dot_nav_custom_color=\u00bb#E2007A\u00bb _builder_version=\u00bb4.27.4&#8243; _module_preset=\u00bbdefault\u00bb body_font=\u00bb|700|||||||\u00bb custom_button=\u00bbon\u00bb button_bg_color=\u00bbrgba(255,255,255,0.5)\u00bb button_border_width=\u00bb0px\u00bb custom_padding=\u00bb16vw||5vw||false|false\u00bb auto=\u00bbon\u00bb auto_speed=\u00bb24000&#8243; hover_enabled=\u00bb0&#8243; global_colors_info=\u00bb{}\u00bb sticky_enabled=\u00bb0&#8243;][et_pb_slide heading=\u00bbTRIDACTYLS Temporada 2&#8243; button_text=\u00bbM\u00e1s informaci\u00f3n\u00bb _builder_version=\u00bb4.27.4&#8243; _module_preset=\u00bbdefault\u00bb background_video_mp4=\u00bbhttps:\/\/player.vimeo.com\/progressive_redirect\/playback\/1116089993\/rendition\/1080p\/file.mp4?loc=external&#038;log_user=0&#038;signature=4ce0b5e57ed39145a3e3a39d7a3eb9e309407cbebb3a82405d8840ce66d0718f\u00bb background_enable_video_mp4=\u00bbon\u00bb width=\u00bb75%\u00bb global_colors_info=\u00bb{}\u00bb sticky_transition=\u00bbon\u00bb]<\/p>\n<p>La incre\u00edble aventura de las momias no humanas de Nasca contin\u00faa con la temporada 2 de TRIDACTYLS. \u00a1Y no os decepcionar\u00e1! \u00a1Porque esta historia no deja de dar vueltas! Se descubren y analizan nuevas momias. Numerosos especialistas presentes en la conferencia del Congreso de la Rep\u00fablica de M\u00e9xico, en noviembre de 2023, parecen confirmar la autenticidad de estos cuerpos desecados sin parang\u00f3n&#8230;    <\/p>\n<p>[\/et_pb_slide][et_pb_slide heading=\u00bbPAITITI Temporada 2&#8243; button_text=\u00bbM\u00e1s informaci\u00f3n\u00bb button_link=\u00bbhttps:\/\/jungledoc.com\/paititi2\/\u00bb admin_title=\u00bbPaititi 2 FR\u00bb _builder_version=\u00bb4.27.4&#8243; _module_preset=\u00bbdefault\u00bb background_video_mp4=\u00bbhttps:\/\/player.vimeo.com\/progressive_redirect\/playback\/1116089972\/rendition\/1080p\/file.mp4?loc=external&#038;log_user=0&#038;signature=59541ebf4990802fdfd677555ae6a2cbd380c5d0723b5d793b5aa7fab39d8e27&#8243; background_enable_video_mp4=\u00bbon\u00bb width=\u00bb75%\u00bb global_colors_info=\u00bb{}\u00bb sticky_transition=\u00bbon\u00bb]<\/p>\n<p>Juicios, traiciones y golpes bajos marcan la b\u00fasqueda de la ciudad perdida. Pero tambi\u00e9n hay encuentros: Mar\u00eda Yupanqui, una anciana ind\u00edgena que vive entre las ruinas; una pareja de Kuga Pakuris; Nicole Cartagena en la ciudad de Mameria, treinta a\u00f1os despu\u00e9s de su descubrimiento junto a Herbert, su marido. Y finalmente, tal vez descubras las primeras im\u00e1genes, nunca antes difundidas, de las ruinas de Pa\u00eftiti&#8230;  <\/p>\n<p>[\/et_pb_slide][et_pb_slide heading=\u00bbPAITITI Temporada 1&#8243; button_text=\u00bbM\u00e1s informaci\u00f3n\u00bb button_link=\u00bbhttps:\/\/jungledoc.com\/paititi\/\u00bb admin_title=\u00bbPaititi 1 FR\u00bb _builder_version=\u00bb4.27.4&#8243; _module_preset=\u00bbdefault\u00bb background_video_mp4=\u00bbhttps:\/\/player.vimeo.com\/progressive_redirect\/playback\/1116089963\/rendition\/1080p\/file.mp4?loc=external&#038;log_user=0&#038;signature=b91ef085cfcb6da334aeed677aa2afb2f467a8499493ebe040544b626912fe91&#8243; background_enable_video_mp4=\u00bbon\u00bb width=\u00bb75%\u00bb global_colors_info=\u00bb{}\u00bb sticky_transition=\u00bbon\u00bb]<\/p>\n<p>Ahora que Jamin y su equipo se disponen a hacer oficial el descubrimiento de la \u00abreina de las ciudades perdidas de Sudam\u00e9rica\u00bb, ha llegado el momento de explicar c\u00f3mo Thierry y sus compa\u00f1eros lograron finalmente localizar este inalcanzable Santo Grial de la arqueolog\u00eda moderna. En esta primera temporada, descubrir\u00e1s los inicios del explorador franc\u00e9s en su b\u00fasqueda de la ciudad legendaria: \u00a1tres pel\u00edculas con im\u00e1genes impresionantes, en su mayor\u00eda in\u00e9ditas! <\/p>\n<p>[\/et_pb_slide][et_pb_slide heading=\u00bbTRIDACTYLS Temporada 1&#8243; button_text=\u00bbM\u00e1s informaci\u00f3n\u00bb button_link=\u00bbhttps:\/\/jungledoc.com\/es\/tridactyls-es\/\u00bb admin_title=\u00bbTridactyls Saison 1&#8243; _builder_version=\u00bb4.27.4&#8243; _module_preset=\u00bbdefault\u00bb background_video_mp4=\u00bbhttps:\/\/player.vimeo.com\/progressive_redirect\/playback\/1116089986\/rendition\/1080p\/file.mp4?loc=external&#038;log_user=0&#038;signature=346e4f7ecdb1de7cc145e3e35602656a650304e462e3e84c084c4d2f52f11ee3&#8243; background_enable_video_mp4=\u00bbon\u00bb width=\u00bb75%\u00bb global_colors_info=\u00bb{}\u00bb sticky_transition=\u00bbon\u00bb]<\/p>\n<p>En octubre de 2016, Thierry Jamin, investigador y explorador franc\u00e9s, fue contactado por unos saqueadores de tumbas de la costa sur de Per\u00fa. Le revelaron el hallazgo de unos extra\u00f1os restos momificados descubiertos en un lugar secreto del desierto de Nasca. Extra\u00f1as momias humanoides, con cabezas alargadas y manos de tres dedos, iban a acaparar los titulares y revolucionar el mundo, no tan tranquilo, de la arqueolog\u00eda peruana y la ufolog\u00eda mundial.  <\/p>\n<p>[\/et_pb_slide][et_pb_slide heading=\u00bbLos \u00faltimos secretos de Machu Picchu\u00bb button_text=\u00bbM\u00e1s informaci\u00f3n\u00bb button_link=\u00bbhttps:\/\/jungledoc.com\/machu-picchu\/\u00bb admin_title=\u00bbMAPI FR\u00bb _builder_version=\u00bb4.27.4&#8243; _module_preset=\u00bbdefault\u00bb background_video_mp4=\u00bbhttps:\/\/player.vimeo.com\/progressive_redirect\/playback\/1116089923\/rendition\/1080p\/file.mp4?loc=external&#038;log_user=0&#038;signature=b6e68009ceedd54b123dad51d00771cd78b3db5a2f578e834712b85c327af0e0&#8243; background_enable_video_mp4=\u00bbon\u00bb width=\u00bb75%\u00bb global_colors_info=\u00bb{}\u00bb sticky_transition=\u00bbon\u00bb]<\/p>\n<p>Este documental narra la historia de un incre\u00edble descubrimiento realizado en el coraz\u00f3n de uno de los yacimientos arqueol\u00f3gicos m\u00e1s famosos del planeta: Machu Picchu. Detr\u00e1s de una puerta bloqueada por piedras, bajo uno de los edificios m\u00e1s importantes de la ciudad, el Templo de las Tres Puertas, se encontrar\u00edan unas c\u00e1maras subterr\u00e1neas, probablemente sepulcros. <\/p>\n<p>[\/et_pb_slide][et_pb_slide heading=\u00bbLos expedientes OVNI de Per\u00fa &#8211; Contactos ancestrales\u00bb button_text=\u00bbM\u00e1s informaci\u00f3n\u00bb button_link=\u00bbhttps:\/\/jungledoc.com\/es\/los-archivos-ovni-del-peru\/\u00bb admin_title=\u00bbOVNI FR\u00bb _builder_version=\u00bb4.27.4&#8243; _module_preset=\u00bbdefault\u00bb background_video_mp4=\u00bbhttps:\/\/player.vimeo.com\/progressive_redirect\/playback\/1116089944\/rendition\/1080p\/file.mp4?loc=external&#038;log_user=0&#038;signature=9146a085c05c88442fd2bdd92fbc4df393ce108da1b3edc2ab61314c39a07184&#8243; background_enable_video_mp4=\u00bbon\u00bb width=\u00bb75%\u00bb global_colors_info=\u00bb{}\u00bb sticky_transition=\u00bbon\u00bb]<\/p>\n<p>Esta es la primera entrega de esta colecci\u00f3n. Titulada \u00ab Contactos Ancestrales \u00bb, esta pel\u00edcula retrocede en el tiempo y presenta numerosos indicios arqueol\u00f3gicos que demuestran los probables contactos, en Per\u00fa y Am\u00e9rica Latina, entre un pueblo venido de las estrellas y ciertas civilizaciones precolombinas. <\/p>\n<p>[\/et_pb_slide][\/et_pb_fullwidth_slider][\/et_pb_section][et_pb_section fb_built=\u00bb1&#8243; _builder_version=\u00bb4.27.4&#8243; _module_preset=\u00bbdefault\u00bb background_color=\u00bb#000000&#8243; global_colors_info=\u00bb{}\u00bb][et_pb_row column_structure=\u00bb3_5,2_5&#8243; _builder_version=\u00bb4.27.4&#8243; _module_preset=\u00bbdefault\u00bb global_colors_info=\u00bb{}\u00bb][et_pb_column type=\u00bb3_5&#8243; _builder_version=\u00bb4.27.4&#8243; _module_preset=\u00bbdefault\u00bb global_colors_info=\u00bb{}\u00bb][et_pb_text _builder_version=\u00bb4.27.4&#8243; _module_preset=\u00bbdefault\u00bb global_colors_info=\u00bb{}\u00bb]<\/p>\n<h1>Jungle Doc Productions, realizaci\u00f3n de documentales<\/h1>\n<h2>Primero, la pasi\u00f3n<\/h2>\n<p>Jungle Doc es una productora de documentales creada en 2009 a partir de la uni\u00f3n de dos pasiones: la de Thierry Jamin, explorador franc\u00e9s en la Amazon\u00eda peruana, por la civilizaci\u00f3n inca y, en general, por las civilizaciones de Am\u00e9rica del Sur, y la de Alain Bonnet, que durante 24 a\u00f1os dirigi\u00f3 una agencia de comunicaci\u00f3n en Muret, cerca de Toulouse, dedicada a la imagen y el sonido.<\/p>\n<h2>Aventuras humanas<\/h2>\n<p>Nuestros documentales no son ficciones ni reconstrucciones. Son historias reales, aventuras humanas aut\u00e9nticas, filmadas en el centro de la acci\u00f3n, en el momento de los hechos, y narradas por los propios protagonistas y testigos directos. <\/p>\n<p>[\/et_pb_text][\/et_pb_column][et_pb_column type=\u00bb2_5&#8243; _builder_version=\u00bb4.27.4&#8243; _module_preset=\u00bbdefault\u00bb global_colors_info=\u00bb{}\u00bb][et_pb_image src=\u00bbhttps:\/\/jungledoc.com\/wp-content\/uploads\/2025\/09\/Thierry-Jamin-et-Alain-Bonnet.jpg\u00bb alt=\u00bbThierry Jamin y Alain Bonnet\u00bb title_text=\u00bbThierry Jamin y Alain Bonnet\u00bb _builder_version=\u00bb4.27.4&#8243; _module_preset=\u00bbdefault\u00bb animation_style=\u00bbslide\u00bb animation_direction=\u00bbright\u00bb global_colors_info=\u00bb{}\u00bb][\/et_pb_image][\/et_pb_column][\/et_pb_row][et_pb_row _builder_version=\u00bb4.27.4&#8243; _module_preset=\u00bbdefault\u00bb global_colors_info=\u00bb{}\u00bb][et_pb_column type=\u00bb4_4&#8243; _builder_version=\u00bb4.27.4&#8243; _module_preset=\u00bbdefault\u00bb global_colors_info=\u00bb{}\u00bb][et_pb_text _builder_version=\u00bb4.27.4&#8243; _module_preset=\u00bbdefault\u00bb text_font=\u00bb||on||||||\u00bb text_font_size=\u00bb24px\u00bb text_orientation=\u00bbcenter\u00bb global_colors_info=\u00bb{}\u00bb]<\/p>\n<p>Cuando la aventura humana va m\u00e1s all\u00e1 de la ficci\u00f3n&#8230;<\/p>\n<p>[\/et_pb_text][\/et_pb_column][\/et_pb_row][et_pb_row column_structure=\u00bb1_2,1_2&#8243; _builder_version=\u00bb4.27.4&#8243; _module_preset=\u00bbdefault\u00bb global_colors_info=\u00bb{}\u00bb][et_pb_column type=\u00bb1_2&#8243; _builder_version=\u00bb4.27.4&#8243; _module_preset=\u00bbdefault\u00bb global_colors_info=\u00bb{}\u00bb][et_pb_button button_url=\u00bbhttps:\/\/jungledoc.com\/es\/documentales-vod\/\u00bb button_text=\u00bbNuestras producciones en VOD\u00bb button_alignment=\u00bbcenter\u00bb _builder_version=\u00bb4.27.4&#8243; _module_preset=\u00bbdefault\u00bb animation_style=\u00bbslide\u00bb animation_direction=\u00bbleft\u00bb global_colors_info=\u00bb{}\u00bb][\/et_pb_button][\/et_pb_column][et_pb_column type=\u00bb1_2&#8243; _builder_version=\u00bb4.27.4&#8243; _module_preset=\u00bbdefault\u00bb global_colors_info=\u00bb{}\u00bb][et_pb_text _builder_version=\u00bb4.27.4&#8243; _module_preset=\u00bbdefault\u00bb global_colors_info=\u00bb{}\u00bb]<\/p>\n<h2>Un equipo multidisciplinar<\/h2>\n<p>Gracias a su equipo presente sobre el terreno en Per\u00fa (c\u00e1mara, log\u00edstica), a los medios materiales (estaci\u00f3n de montaje, cabina de sonido, etc.) disponibles en Francia y a sus socios (compositor, locutor, animador 3D, etc.), Jungle Doc Productions es aut\u00f3noma en sus producciones.<\/p>\n<p>Dirigidas a todos los p\u00fablicos, \u00a1a los amantes de Indiana Jones, Tint\u00edn o \u00abExpediente X\u00bb les encantar\u00e1n las producciones de Jungle Doc Productions!<\/p>\n<p>[\/et_pb_text][et_pb_button button_url=\u00bbhttps:\/\/jungledoc.com\/jungle-doc-team\/\u00bb button_text=\u00bbM\u00e1s informaci\u00f3n sobre el equipo\u00bb button_alignment=\u00bbcenter\u00bb _builder_version=\u00bb4.27.4&#8243; _module_preset=\u00bbdefault\u00bb animation_style=\u00bbslide\u00bb animation_direction=\u00bbright\u00bb animation_delay=\u00bb250ms\u00bb global_colors_info=\u00bb{}\u00bb][\/et_pb_button][\/et_pb_column][\/et_pb_row][\/et_pb_section][et_pb_section fb_built=\u00bb1&#8243; _builder_version=\u00bb4.27.4&#8243; _module_preset=\u00bbdefault\u00bb background_color=\u00bbrgba(51,51,51,0.85)\u00bb custom_padding=\u00bb6px||4px|||\u00bb saved_tabs=\u00bball\u00bb global_colors_info=\u00bb{}\u00bb][et_pb_row column_structure=\u00bb1_4,1_4,1_2&#8243; _builder_version=\u00bb4.27.4&#8243; _module_preset=\u00bbdefault\u00bb global_colors_info=\u00bb{}\u00bb][et_pb_column type=\u00bb1_4&#8243; _builder_version=\u00bb4.27.4&#8243; _module_preset=\u00bbdefault\u00bb global_colors_info=\u00bb{}\u00bb][et_pb_text _builder_version=\u00bb4.27.4&#8243; _module_preset=\u00bbdefault\u00bb global_colors_info=\u00bb{}\u00bb]<\/p>\n<h3>Nuestros socios<\/h3>\n<p>[\/et_pb_text][et_pb_image src=\u00bbhttps:\/\/jungledoc.com\/wp-content\/uploads\/2025\/09\/logo-square-white-Nurea-1-e1768115704181.png\u00bb alt=\u00bbNurea TV\u00bb title_text=\u00bbNurea TV\u00bb url=\u00bbhttps:\/\/nurea.tv\/\u00bb url_new_window=\u00bbon\u00bb align=\u00bbcenter\u00bb _builder_version=\u00bb4.27.4&#8243; _module_preset=\u00bbdefault\u00bb animation_style=\u00bbslide\u00bb global_colors_info=\u00bb{}\u00bb][\/et_pb_image][\/et_pb_column][et_pb_column type=\u00bb1_4&#8243; _builder_version=\u00bb4.27.4&#8243; _module_preset=\u00bbdefault\u00bb global_colors_info=\u00bb{}\u00bb][et_pb_text _builder_version=\u00bb4.27.4&#8243; _module_preset=\u00bbdefault\u00bb header_3_text_color=\u00bbrgba(0,0,0,0.85)\u00bb global_colors_info=\u00bb{}\u00bb]&nbsp;[\/et_pb_text][et_pb_image src=\u00bbhttps:\/\/jungledoc.com\/wp-content\/uploads\/2025\/09\/Ikaris-titre-et-logo-ailes-1-e1768115640724.png\u00bb alt=\u00bbRevista Ikaris\u00bb title_text=\u00bbRevista Ikaris\u00bb url=\u00bbhttps:\/\/www.ikaris.fr\/fr\/\u00bb url_new_window=\u00bbon\u00bb align=\u00bbcenter\u00bb _builder_version=\u00bb4.27.4&#8243; _module_preset=\u00bbdefault\u00bb animation_style=\u00bbslide\u00bb animation_delay=\u00bb250ms\u00bb global_colors_info=\u00bb{}\u00bb][\/et_pb_image][\/et_pb_column][et_pb_column type=\u00bb1_2&#8243; _builder_version=\u00bb4.27.4&#8243; _module_preset=\u00bbdefault\u00bb global_colors_info=\u00bb{}\u00bb][et_pb_text _builder_version=\u00bb4.27.4&#8243; _module_preset=\u00bbdefault\u00bb global_colors_info=\u00bb{}\u00bb]<\/p>\n<h3>Cont\u00e1ctenos<\/h3>\n<p>Jungle Doc Productions en tu smartphone escaneando el c\u00f3digo QR que aparece a continuaci\u00f3n.<\/p>\n<p>[\/et_pb_text][et_pb_image src=\u00bbhttps:\/\/jungledoc.com\/wp-content\/uploads\/2025\/09\/QRCode-300&#215;300-1.png\u00bb title_text=\u00bbQRCode-300&#215;300-1&#8243; align=\u00bbcenter\u00bb _builder_version=\u00bb4.27.4&#8243; _module_preset=\u00bbdefault\u00bb width=\u00bb33%\u00bb animation_style=\u00bbslide\u00bb animation_direction=\u00bbright\u00bb animation_delay=\u00bb500ms\u00bb global_colors_info=\u00bb{}\u00bb][\/et_pb_image][et_pb_button button_url=\u00bbhttps:\/\/jungledoc.com\/es\/contacto\/\u00bb button_text=\u00bbEnv\u00edenos un mensaje\u00bb button_alignment=\u00bbcenter\u00bb _builder_version=\u00bb4.27.4&#8243; _module_preset=\u00bbdefault\u00bb animation_style=\u00bbslide\u00bb animation_direction=\u00bbright\u00bb animation_delay=\u00bb750ms\u00bb global_colors_info=\u00bb{}\u00bb][\/et_pb_button][\/et_pb_column][\/et_pb_row][\/et_pb_section]<\/p>\n","protected":false},"excerpt":{"rendered":"<p>La incre\u00edble aventura de las momias no humanas de Nasca contin\u00faa con la temporada 2 de TRIDACTYLS. \u00a1Y no os decepcionar\u00e1! \u00a1Porque esta historia no deja de dar vueltas! Se descubren y analizan nuevas momias. Numerosos especialistas presentes en la conferencia del Congreso de la Rep\u00fablica de M\u00e9xico, en noviembre de 2023, parecen confirmar la [&hellip;]<\/p>\n","protected":false},"author":1,"featured_media":0,"parent":0,"menu_order":0,"comment_status":"closed","ping_status":"closed","template":"","meta":{"_et_pb_use_builder":"on","_et_pb_old_content":"","_et_gb_content_width":"","footnotes":""},"class_list":["post-735","page","type-page","status-publish","hentry"],"yoast_head":"<!-- This site is optimized with the Yoast SEO plugin v27.3 - https:\/\/yoast.com\/product\/yoast-seo-wordpress\/ -->\n<title>Producci\u00f3n y realizaci\u00f3n de documentales para televisi\u00f3n y VOD.<\/title>\n<meta name=\"description\" content=\"Jungle Doc realiza y produce documentales para cadenas de televisi\u00f3n, emisoras y plataformas de v\u00eddeo bajo demanda.\" \/>\n<meta name=\"robots\" content=\"index, follow, max-snippet:-1, max-image-preview:large, max-video-preview:-1\" \/>\n<link rel=\"canonical\" href=\"https:\/\/jungledoc.com\/es\/\" \/>\n<meta property=\"og:locale\" content=\"es_ES\" \/>\n<meta property=\"og:type\" content=\"article\" \/>\n<meta property=\"og:title\" content=\"Producci\u00f3n y realizaci\u00f3n de documentales para televisi\u00f3n y VOD.\" \/>\n<meta property=\"og:description\" content=\"Jungle Doc realiza y produce documentales para cadenas de televisi\u00f3n, emisoras y plataformas de v\u00eddeo bajo demanda.\" \/>\n<meta property=\"og:url\" content=\"https:\/\/jungledoc.com\/es\/\" \/>\n<meta property=\"og:site_name\" content=\"Jungle Doc Productions\" \/>\n<meta property=\"article:publisher\" content=\"https:\/\/www.facebook.com\/jungledocprod\/\" \/>\n<meta property=\"article:modified_time\" content=\"2026-01-11T16:55:32+00:00\" \/>\n<meta property=\"og:image\" content=\"https:\/\/jungledoc.com\/wp-content\/uploads\/2025\/09\/logo_jungle_doc.png\" \/>\n<meta name=\"twitter:card\" content=\"summary_large_image\" \/>\n<meta name=\"twitter:title\" content=\"Producci\u00f3n y realizaci\u00f3n de documentales para televisi\u00f3n y VOD.\" \/>\n<meta name=\"twitter:description\" content=\"Jungle Doc realiza y produce documentales para cadenas de televisi\u00f3n, emisoras y plataformas de v\u00eddeo bajo demanda.\" \/>\n<meta name=\"twitter:image\" content=\"https:\/\/jungledoc.com\/wp-content\/uploads\/2025\/09\/logo_jungle_doc.png\" \/>\n<meta name=\"twitter:label1\" content=\"Tiempo de lectura\" \/>\n\t<meta name=\"twitter:data1\" content=\"9 minutos\" \/>\n<script type=\"application\/ld+json\" class=\"yoast-schema-graph\">{\"@context\":\"https:\\\/\\\/schema.org\",\"@graph\":[{\"@type\":\"WebPage\",\"@id\":\"https:\\\/\\\/jungledoc.com\\\/es\\\/\",\"url\":\"https:\\\/\\\/jungledoc.com\\\/es\\\/\",\"name\":\"Producci\u00f3n y realizaci\u00f3n de documentales para televisi\u00f3n y VOD.\",\"isPartOf\":{\"@id\":\"https:\\\/\\\/jungledoc.com\\\/es\\\/#website\"},\"datePublished\":\"2025-09-05T14:47:13+00:00\",\"dateModified\":\"2026-01-11T16:55:32+00:00\",\"description\":\"Jungle Doc realiza y produce documentales para cadenas de televisi\u00f3n, emisoras y plataformas de v\u00eddeo bajo demanda.\",\"breadcrumb\":{\"@id\":\"https:\\\/\\\/jungledoc.com\\\/es\\\/#breadcrumb\"},\"inLanguage\":\"es\",\"potentialAction\":[{\"@type\":\"ReadAction\",\"target\":[\"https:\\\/\\\/jungledoc.com\\\/es\\\/\"]}]},{\"@type\":\"BreadcrumbList\",\"@id\":\"https:\\\/\\\/jungledoc.com\\\/es\\\/#breadcrumb\",\"itemListElement\":[{\"@type\":\"ListItem\",\"position\":1,\"name\":\"Accueil\",\"item\":\"https:\\\/\\\/jungledoc.com\\\/es\\\/portada\\\/\"},{\"@type\":\"ListItem\",\"position\":2,\"name\":\"Portada\"}]},{\"@type\":\"WebSite\",\"@id\":\"https:\\\/\\\/jungledoc.com\\\/es\\\/#website\",\"url\":\"https:\\\/\\\/jungledoc.com\\\/es\\\/\",\"name\":\"Jungle Doc Productions\",\"description\":\"\",\"publisher\":{\"@id\":\"https:\\\/\\\/jungledoc.com\\\/es\\\/#organization\"},\"potentialAction\":[{\"@type\":\"SearchAction\",\"target\":{\"@type\":\"EntryPoint\",\"urlTemplate\":\"https:\\\/\\\/jungledoc.com\\\/es\\\/?s={search_term_string}\"},\"query-input\":{\"@type\":\"PropertyValueSpecification\",\"valueRequired\":true,\"valueName\":\"search_term_string\"}}],\"inLanguage\":\"es\"},{\"@type\":\"Organization\",\"@id\":\"https:\\\/\\\/jungledoc.com\\\/es\\\/#organization\",\"name\":\"Jungle Doc Productions\",\"url\":\"https:\\\/\\\/jungledoc.com\\\/es\\\/\",\"logo\":{\"@type\":\"ImageObject\",\"inLanguage\":\"es\",\"@id\":\"https:\\\/\\\/jungledoc.com\\\/es\\\/#\\\/schema\\\/logo\\\/image\\\/\",\"url\":\"https:\\\/\\\/jungledoc.com\\\/wp-content\\\/uploads\\\/2025\\\/09\\\/logo_jungle_doc-200px.png\",\"contentUrl\":\"https:\\\/\\\/jungledoc.com\\\/wp-content\\\/uploads\\\/2025\\\/09\\\/logo_jungle_doc-200px.png\",\"width\":200,\"height\":99,\"caption\":\"Jungle Doc Productions\"},\"image\":{\"@id\":\"https:\\\/\\\/jungledoc.com\\\/es\\\/#\\\/schema\\\/logo\\\/image\\\/\"},\"sameAs\":[\"https:\\\/\\\/www.facebook.com\\\/jungledocprod\\\/\"]}]}<\/script>\n<!-- \/ Yoast SEO plugin. -->","yoast_head_json":{"title":"Producci\u00f3n y realizaci\u00f3n de documentales para televisi\u00f3n y VOD.","description":"Jungle Doc realiza y produce documentales para cadenas de televisi\u00f3n, emisoras y plataformas de v\u00eddeo bajo demanda.","robots":{"index":"index","follow":"follow","max-snippet":"max-snippet:-1","max-image-preview":"max-image-preview:large","max-video-preview":"max-video-preview:-1"},"canonical":"https:\/\/jungledoc.com\/es\/","og_locale":"es_ES","og_type":"article","og_title":"Producci\u00f3n y realizaci\u00f3n de documentales para televisi\u00f3n y VOD.","og_description":"Jungle Doc realiza y produce documentales para cadenas de televisi\u00f3n, emisoras y plataformas de v\u00eddeo bajo demanda.","og_url":"https:\/\/jungledoc.com\/es\/","og_site_name":"Jungle Doc Productions","article_publisher":"https:\/\/www.facebook.com\/jungledocprod\/","article_modified_time":"2026-01-11T16:55:32+00:00","og_image":[{"url":"https:\/\/jungledoc.com\/wp-content\/uploads\/2025\/09\/logo_jungle_doc.png","type":"","width":"","height":""}],"twitter_card":"summary_large_image","twitter_title":"Producci\u00f3n y realizaci\u00f3n de documentales para televisi\u00f3n y VOD.","twitter_description":"Jungle Doc realiza y produce documentales para cadenas de televisi\u00f3n, emisoras y plataformas de v\u00eddeo bajo demanda.","twitter_image":"https:\/\/jungledoc.com\/wp-content\/uploads\/2025\/09\/logo_jungle_doc.png","twitter_misc":{"Tiempo de lectura":"9 minutos"},"schema":{"@context":"https:\/\/schema.org","@graph":[{"@type":"WebPage","@id":"https:\/\/jungledoc.com\/es\/","url":"https:\/\/jungledoc.com\/es\/","name":"Producci\u00f3n y realizaci\u00f3n de documentales para televisi\u00f3n y VOD.","isPartOf":{"@id":"https:\/\/jungledoc.com\/es\/#website"},"datePublished":"2025-09-05T14:47:13+00:00","dateModified":"2026-01-11T16:55:32+00:00","description":"Jungle Doc realiza y produce documentales para cadenas de televisi\u00f3n, emisoras y plataformas de v\u00eddeo bajo demanda.","breadcrumb":{"@id":"https:\/\/jungledoc.com\/es\/#breadcrumb"},"inLanguage":"es","potentialAction":[{"@type":"ReadAction","target":["https:\/\/jungledoc.com\/es\/"]}]},{"@type":"BreadcrumbList","@id":"https:\/\/jungledoc.com\/es\/#breadcrumb","itemListElement":[{"@type":"ListItem","position":1,"name":"Accueil","item":"https:\/\/jungledoc.com\/es\/portada\/"},{"@type":"ListItem","position":2,"name":"Portada"}]},{"@type":"WebSite","@id":"https:\/\/jungledoc.com\/es\/#website","url":"https:\/\/jungledoc.com\/es\/","name":"Jungle Doc Productions","description":"","publisher":{"@id":"https:\/\/jungledoc.com\/es\/#organization"},"potentialAction":[{"@type":"SearchAction","target":{"@type":"EntryPoint","urlTemplate":"https:\/\/jungledoc.com\/es\/?s={search_term_string}"},"query-input":{"@type":"PropertyValueSpecification","valueRequired":true,"valueName":"search_term_string"}}],"inLanguage":"es"},{"@type":"Organization","@id":"https:\/\/jungledoc.com\/es\/#organization","name":"Jungle Doc Productions","url":"https:\/\/jungledoc.com\/es\/","logo":{"@type":"ImageObject","inLanguage":"es","@id":"https:\/\/jungledoc.com\/es\/#\/schema\/logo\/image\/","url":"https:\/\/jungledoc.com\/wp-content\/uploads\/2025\/09\/logo_jungle_doc-200px.png","contentUrl":"https:\/\/jungledoc.com\/wp-content\/uploads\/2025\/09\/logo_jungle_doc-200px.png","width":200,"height":99,"caption":"Jungle Doc Productions"},"image":{"@id":"https:\/\/jungledoc.com\/es\/#\/schema\/logo\/image\/"},"sameAs":["https:\/\/www.facebook.com\/jungledocprod\/"]}]}},"_links":{"self":[{"href":"https:\/\/jungledoc.com\/es\/wp-json\/wp\/v2\/pages\/735","targetHints":{"allow":["GET"]}}],"collection":[{"href":"https:\/\/jungledoc.com\/es\/wp-json\/wp\/v2\/pages"}],"about":[{"href":"https:\/\/jungledoc.com\/es\/wp-json\/wp\/v2\/types\/page"}],"author":[{"embeddable":true,"href":"https:\/\/jungledoc.com\/es\/wp-json\/wp\/v2\/users\/1"}],"replies":[{"embeddable":true,"href":"https:\/\/jungledoc.com\/es\/wp-json\/wp\/v2\/comments?post=735"}],"version-history":[{"count":0,"href":"https:\/\/jungledoc.com\/es\/wp-json\/wp\/v2\/pages\/735\/revisions"}],"wp:attachment":[{"href":"https:\/\/jungledoc.com\/es\/wp-json\/wp\/v2\/media?parent=735"}],"curies":[{"name":"wp","href":"https:\/\/api.w.org\/{rel}","templated":true}]}}