{"id":748,"date":"2025-09-08T17:14:27","date_gmt":"2025-09-08T15:14:27","guid":{"rendered":"https:\/\/jungledoc.com\/tienda-2\/"},"modified":"2026-01-11T18:03:43","modified_gmt":"2026-01-11T17:03:43","slug":"tienda-2","status":"publish","type":"page","link":"https:\/\/jungledoc.com\/es\/tienda-2\/","title":{"rendered":"Tienda"},"content":{"rendered":"<p>[et_pb_section fb_built=\u00bb1&#8243; _builder_version=\u00bb4.27.4&#8243; _module_preset=\u00bbdefault\u00bb background_color=\u00bb#000000&#8243; custom_padding=\u00bb||2px|||\u00bb global_colors_info=\u00bb{}\u00bb][et_pb_row _builder_version=\u00bb4.27.4&#8243; _module_preset=\u00bbdefault\u00bb global_colors_info=\u00bb{}\u00bb][et_pb_column type=\u00bb4_4&#8243; _builder_version=\u00bb4.27.4&#8243; _module_preset=\u00bbdefault\u00bb global_colors_info=\u00bb{}\u00bb][et_pb_text _builder_version=\u00bb4.27.4&#8243; _module_preset=\u00bbdefault\u00bb global_colors_info=\u00bb{}\u00bb]<\/p>\n<h1>Tienda<\/h1>\n<p>[\/et_pb_text][\/et_pb_column][\/et_pb_row][et_pb_row _builder_version=\u00bb4.27.4&#8243; _module_preset=\u00bbdefault\u00bb custom_padding=\u00bb5px|||||\u00bb global_colors_info=\u00bb{}\u00bb][et_pb_column type=\u00bb4_4&#8243; _builder_version=\u00bb4.27.4&#8243; _module_preset=\u00bbdefault\u00bb global_colors_info=\u00bb{}\u00bb][et_pb_text _builder_version=\u00bb4.27.4&#8243; _module_preset=\u00bbdefault\u00bb text_font_size=\u00bb24px\u00bb global_colors_info=\u00bb{}\u00bb]<\/p>\n<p>Nuestros documentales en VOD (alquiler por una semana o visualizaci\u00f3n de por vida) est\u00e1n disponibles <a href=\"https:\/\/jungledoc.com\/es\/vod\/\">AQU\u00cd<\/a>.<\/p>\n<p>[\/et_pb_text][\/et_pb_column][\/et_pb_row][et_pb_row column_structure=\u00bb1_4,1_2,1_4&#8243; _builder_version=\u00bb4.27.4&#8243; _module_preset=\u00bbdefault\u00bb global_colors_info=\u00bb{}\u00bb][et_pb_column type=\u00bb1_4&#8243; _builder_version=\u00bb4.27.4&#8243; _module_preset=\u00bbdefault\u00bb global_colors_info=\u00bb{}\u00bb][et_pb_text _builder_version=\u00bb4.27.4&#8243; _module_preset=\u00bbdefault\u00bb global_colors_info=\u00bb{}\u00bb]<\/p>\n<h3>DVD<\/h3>\n<p>[\/et_pb_text][et_pb_shop type=\u00bbproduct_category\u00bb posts_number=\u00bb1&#8243; include_categories=\u00bb41&#8243; columns_number=\u00bb1&#8243; show_rating=\u00bboff\u00bb show_sale_badge=\u00bboff\u00bb _builder_version=\u00bb4.27.4&#8243; _module_preset=\u00bbdefault\u00bb custom_padding=\u00bb||0px|||\u00bb global_colors_info=\u00bb{}\u00bb][\/et_pb_shop][\/et_pb_column][et_pb_column type=\u00bb1_2&#8243; _builder_version=\u00bb4.27.4&#8243; _module_preset=\u00bbdefault\u00bb global_colors_info=\u00bb{}\u00bb][et_pb_text _builder_version=\u00bb4.27.4&#8243; _module_preset=\u00bbdefault\u00bb global_colors_info=\u00bb{}\u00bb]<\/p>\n<h3>Libros \/ Folletos<\/h3>\n<p>[\/et_pb_text][et_pb_shop type=\u00bbproduct_category\u00bb posts_number=\u00bb2&#8243; include_categories=\u00bb43&#8243; _builder_version=\u00bb4.27.4&#8243; _module_preset=\u00bbdefault\u00bb global_colors_info=\u00bb{}\u00bb][\/et_pb_shop][\/et_pb_column][et_pb_column type=\u00bb1_4&#8243; _builder_version=\u00bb4.27.4&#8243; _module_preset=\u00bbdefault\u00bb global_colors_info=\u00bb{}\u00bb][et_pb_text _builder_version=\u00bb4.27.4&#8243; _module_preset=\u00bbdefault\u00bb global_colors_info=\u00bb{}\u00bb]<\/p>\n<h3>Merchandising<\/h3>\n<p>[\/et_pb_text][et_pb_shop type=\u00bbproduct_category\u00bb posts_number=\u00bb1&#8243; include_categories=\u00bb39&#8243; _builder_version=\u00bb4.27.4&#8243; _module_preset=\u00bbdefault\u00bb global_colors_info=\u00bb{}\u00bb][\/et_pb_shop][\/et_pb_column][\/et_pb_row][et_pb_row _builder_version=\u00bb4.27.4&#8243; _module_preset=\u00bbdefault\u00bb custom_padding=\u00bb5px|||||\u00bb global_colors_info=\u00bb{}\u00bb][et_pb_column type=\u00bb4_4&#8243; _builder_version=\u00bb4.27.4&#8243; _module_preset=\u00bbdefault\u00bb global_colors_info=\u00bb{}\u00bb][et_pb_text _builder_version=\u00bb4.27.4&#8243; _module_preset=\u00bbdefault\u00bb global_colors_info=\u00bb{}\u00bb]<\/p>\n<h3>Y tambi\u00e9n&#8230;<\/h3>\n<p>[\/et_pb_text][\/et_pb_column][\/et_pb_row][et_pb_row column_structure=\u00bb1_4,1_4,1_4,1_4&#8243; _builder_version=\u00bb4.27.4&#8243; _module_preset=\u00bbdefault\u00bb custom_padding=\u00bb5px|||||\u00bb global_colors_info=\u00bb{}\u00bb][et_pb_column type=\u00bb1_4&#8243; _builder_version=\u00bb4.27.4&#8243; _module_preset=\u00bbdefault\u00bb global_colors_info=\u00bb{}\u00bb][et_pb_blurb title=\u00bbPaititi \u2013 Sur les traces de l&#8217;Eldorado inca. Tome 1 %22Premi\u00e8res recherches%22&#8243; image=\u00bbhttps:\/\/jungledoc.com\/wp-content\/uploads\/2025\/09\/Tome-1-291&#215;450-1.jpg\u00bb _builder_version=\u00bb4.27.5&#8243; _module_preset=\u00bbdefault\u00bb link_option_url=\u00bbhttps:\/\/jungledoc.com\/wp-content\/uploads\/2025\/04\/Tome-1-291&#215;450.jpg\u00bb link_option_url_new_window=\u00bbon\u00bb global_colors_info=\u00bb{}\u00bb]<\/p>\n<p>2025 \u2013 \u00c9ditions L&#8217;Harmattan<br \/><span style=\"color: #ff0000;\">Solo en franc\u00e9s<\/span><\/p>\n<p>[\/et_pb_blurb][\/et_pb_column][et_pb_column type=\u00bb1_4&#8243; _builder_version=\u00bb4.27.4&#8243; _module_preset=\u00bbdefault\u00bb global_colors_info=\u00bb{}\u00bb][et_pb_blurb title=\u00bbPaititi \u2013 Sur les traces de l&#8217;Eldorado inca. Tome 2 %22Paititi localis\u00e9%22 \u00bb image=\u00bbhttps:\/\/jungledoc.com\/wp-content\/uploads\/2025\/09\/Tome-2-291&#215;450-1.jpg\u00bb _builder_version=\u00bb4.27.5&#8243; _module_preset=\u00bbdefault\u00bb link_option_url=\u00bbhttps:\/\/jungledoc.com\/wp-content\/uploads\/2025\/04\/Tome-2-291&#215;450.jpg\u00bb link_option_url_new_window=\u00bbon\u00bb global_colors_info=\u00bb{}\u00bb]<\/p>\n<p>2025 \u2013 \u00c9ditions L&#8217;Harmattan<br \/><span style=\"color: #ff0000;\">Solo en franc\u00e9s<\/span><\/p>\n<p>[\/et_pb_blurb][\/et_pb_column][et_pb_column type=\u00bb1_4&#8243; _builder_version=\u00bb4.27.4&#8243; _module_preset=\u00bbdefault\u00bb global_colors_info=\u00bb{}\u00bb][et_pb_blurb title=\u00bbLost Paititi and the non-human remains of Nazca\u00bb image=\u00bbhttps:\/\/jungledoc.com\/wp-content\/uploads\/2025\/09\/Lost-Paititi-and-the-Non-Human-Remains-of-Nazca-300&#215;441-1.jpg\u00bb _builder_version=\u00bb4.27.5&#8243; _module_preset=\u00bbdefault\u00bb link_option_url=\u00bbhttps:\/\/www.amazon.fr\/Paititi-Non-Human-Remains-Nazca-English-ebook\/dp\/B0BR8J8W4Z\/ref=sr_1_1?__mk_fr_FR=%C3%85M%C3%85%C5%BD%C3%95%C3%91&#038;crid=348CRFIIWPDWR&#038;dib=eyJ2IjoiMSJ9.1D1qqyJuyfyUPsqciSornw.M_eq5UUUa8W0u-eErEUNnLOwj1rG-ZhlZ8w9SE5D03Y&#038;dib_tag=se&#038;keywords=Lost+Paititi+and+the+Non-Human+Remains+of+Nazca&#038;qid=1745792463&#038;sprefix=lost+paititi+and+the+non-human+remains+of+nazca%2Caps%2C230&#038;sr=8-1&#8243; link_option_url_new_window=\u00bbon\u00bb global_colors_info=\u00bb{}\u00bb]<\/p>\n<p>Edition Adventure Unlimited Press (EE. UU.)<br \/><span style=\"color: #ff0000;\">Solo en ingl\u00e9s<\/span><\/p>\n<p>[\/et_pb_blurb][\/et_pb_column][et_pb_column type=\u00bb1_4&#8243; _builder_version=\u00bb4.27.4&#8243; _module_preset=\u00bbdefault\u00bb global_colors_info=\u00bb{}\u00bb][et_pb_blurb title=\u00bbLes momies non humaines de Nazca\u00bb image=\u00bbhttps:\/\/jungledoc.com\/wp-content\/uploads\/2025\/09\/img95b.jpg\u00bb _builder_version=\u00bb4.27.5&#8243; _module_preset=\u00bbdefault\u00bb link_option_url=\u00bbhttps:\/\/www.editions-atlantes.fr\/produit\/les-momies-non-humaines-de-nazca\/\u00bb link_option_url_new_window=\u00bbon\u00bb global_colors_info=\u00bb{}\u00bb]<\/p>\n<p>2020 &#8211; \u00c9ditions Atlantes<br \/><span style=\"color: #ff0000;\">Solo en franc\u00e9s<\/span><\/p>\n<p>[\/et_pb_blurb][\/et_pb_column][\/et_pb_row][et_pb_row column_structure=\u00bb1_4,1_4,1_4,1_4&#8243; _builder_version=\u00bb4.27.4&#8243; _module_preset=\u00bbdefault\u00bb global_colors_info=\u00bb{}\u00bb][et_pb_column type=\u00bb1_4&#8243; _builder_version=\u00bb4.27.4&#8243; _module_preset=\u00bbdefault\u00bb global_colors_info=\u00bb{}\u00bb][et_pb_blurb title=\u00bbMachu Picchu y la c\u00e1mara secreta\u00bb image=\u00bbhttps:\/\/jungledoc.com\/wp-content\/uploads\/2026\/01\/Machu-Picchu-y-la-camara-secreta.jpg\u00bb alt=\u00bbMachu Picchu: La c\u00e1mara secreta &#8211; Thierry Jamin\u00bb _builder_version=\u00bb4.27.5&#8243; _module_preset=\u00bbdefault\u00bb link_option_url=\u00bbhttps:\/\/www.amazon.fr\/Machu-Picchu-Sr-Thierry-JAMIN\/dp\/B0942HCG6M\/ref=sr_1_10?__mk_fr_FR=%C3%85M%C3%85%C5%BD%C3%95%C3%91&#038;crid=JIYAFZLVWU4K&#038;dib=eyJ2IjoiMSJ9.AofJesLGxtdBBzH_1yIoZtszi2jm0OG6EVqFMv9wttFGfs2ThTQiTYiIIVP4Q_cD4xQ9n8KdWX0w4V_b1pVlU72oAtS7MAZldL4Jxw_KgkGuCJEKgdJk7bVyZKayYEHiChbGEVRHn1xnlyL5iPnVtLYGII0wPjCjAW3NIXph_xkMR6pQ4KMXp9sWXdqa-5M12PO-qbh56nwe343LCYeH73j9hR6Jo8kqx7EBkapDlqg.SmSHqTxERkawJaoDqACgRermSnTRqnEiU8PP-0t-LU0&#038;dib_tag=se&#038;keywords=thierry+jamin&#038;qid=1768065577&#038;sprefix=thierry+jamin%2Caps%2C245&#038;sr=8-10&#8243; link_option_url_new_window=\u00bbon\u00bb global_colors_info=\u00bb{}\u00bb][\/et_pb_blurb][\/et_pb_column][et_pb_column type=\u00bb1_4&#8243; _builder_version=\u00bb4.27.4&#8243; _module_preset=\u00bbdefault\u00bb global_colors_info=\u00bb{}\u00bb][et_pb_blurb title=\u00bbL&#8217;aventurier de la cit\u00e9 perdue\u00bb image=\u00bbhttps:\/\/jungledoc.com\/wp-content\/uploads\/2025\/09\/aventurier-de-la-cite-perdue.jpg\u00bb _builder_version=\u00bb4.27.5&#8243; _module_preset=\u00bbdefault\u00bb link_option_url=\u00bbhttp:\/\/editionsdutresor.com\/catalogue\/laventurier-de-la-cite-perdue\u00bb link_option_url_new_window=\u00bbon\u00bb global_colors_info=\u00bb{}\u00bb]<\/p>\n<p>2014 &#8211; \u00c9ditions du Tr\u00e9sor<br \/><span style=\"color: #ff0000;\">Solo en franc\u00e9s<\/span><\/p>\n<p>[\/et_pb_blurb][\/et_pb_column][et_pb_column type=\u00bb1_4&#8243; _builder_version=\u00bb4.27.4&#8243; _module_preset=\u00bbdefault\u00bb global_colors_info=\u00bb{}\u00bb][et_pb_blurb title=\u00bbL&#8217;Eldorado inca: \u00e0 la recherche de Pa\u00eftiti\u00bb image=\u00bbhttps:\/\/jungledoc.com\/wp-content\/uploads\/2025\/09\/Eldorado-Inca-300&#215;450-1.jpg\u00bb _builder_version=\u00bb4.27.5&#8243; _module_preset=\u00bbdefault\u00bb link_option_url=\u00bbhttps:\/\/www.amazon.fr\/LEldorado-Inca-recherche-Pa%C3%AFtiti-Pierre-Albert\/dp\/B0160JF7L6\/ref=sr_1_3&#8243; link_option_url_new_window=\u00bbon\u00bb global_colors_info=\u00bb{}\u00bb]<\/p>\n<p>\u00c9ditions Hugo et Cie<br \/><span style=\"color: #ff0000;\">Solo en franc\u00e9s<\/span><\/p>\n<p>[\/et_pb_blurb][\/et_pb_column][et_pb_column type=\u00bb1_4&#8243; _builder_version=\u00bb4.27.4&#8243; _module_preset=\u00bbdefault\u00bb global_colors_info=\u00bb{}\u00bb][\/et_pb_column][\/et_pb_row][\/et_pb_section]<\/p>\n","protected":false},"excerpt":{"rendered":"<p>TiendaNuestros documentales en VOD (alquiler por una semana o visualizaci\u00f3n de por vida) est\u00e1n disponibles AQU\u00cd.DVDLibros \/ FolletosMerchandisingY tambi\u00e9n&#8230;2025 \u2013 \u00c9ditions L&#8217;HarmattanSolo en franc\u00e9s2025 \u2013 \u00c9ditions L&#8217;HarmattanSolo en franc\u00e9sEdition Adventure Unlimited Press (EE. UU.)Solo en ingl\u00e9s2020 &#8211; \u00c9ditions AtlantesSolo en franc\u00e9s2014 &#8211; \u00c9ditions du Tr\u00e9sorSolo en franc\u00e9s\u00c9ditions Hugo et CieSolo en franc\u00e9s<\/p>\n","protected":false},"author":1,"featured_media":0,"parent":0,"menu_order":0,"comment_status":"closed","ping_status":"closed","template":"","meta":{"_et_pb_use_builder":"on","_et_pb_old_content":"","_et_gb_content_width":"","footnotes":""},"class_list":["post-748","page","type-page","status-publish","hentry"],"yoast_head":"<!-- This site is optimized with the Yoast SEO plugin v27.3 - https:\/\/yoast.com\/product\/yoast-seo-wordpress\/ -->\n<title>Tienda - Jungle Doc Productions<\/title>\n<meta name=\"robots\" content=\"index, follow, max-snippet:-1, max-image-preview:large, max-video-preview:-1\" \/>\n<link rel=\"canonical\" href=\"https:\/\/jungledoc.com\/es\/tienda-2\/\" \/>\n<meta property=\"og:locale\" content=\"es_ES\" \/>\n<meta property=\"og:type\" content=\"article\" \/>\n<meta property=\"og:title\" content=\"Tienda - Jungle Doc Productions\" \/>\n<meta property=\"og:description\" content=\"TiendaNuestros documentales en VOD (alquiler por una semana o visualizaci\u00f3n de por vida) est\u00e1n disponibles AQU\u00cd.DVDLibros \/ FolletosMerchandisingY tambi\u00e9n...2025 \u2013 \u00c9ditions L&#039;HarmattanSolo en franc\u00e9s2025 \u2013 \u00c9ditions L&#039;HarmattanSolo en franc\u00e9sEdition Adventure Unlimited Press (EE. UU.)Solo en ingl\u00e9s2020 - \u00c9ditions AtlantesSolo en franc\u00e9s2014 - \u00c9ditions du Tr\u00e9sorSolo en franc\u00e9s\u00c9ditions Hugo et CieSolo en franc\u00e9s\" \/>\n<meta property=\"og:url\" content=\"https:\/\/jungledoc.com\/es\/tienda-2\/\" \/>\n<meta property=\"og:site_name\" content=\"Jungle Doc Productions\" \/>\n<meta property=\"article:publisher\" content=\"https:\/\/www.facebook.com\/jungledocprod\/\" \/>\n<meta property=\"article:modified_time\" content=\"2026-01-11T17:03:43+00:00\" \/>\n<meta name=\"twitter:card\" content=\"summary_large_image\" \/>\n<meta name=\"twitter:label1\" content=\"Tiempo de lectura\" \/>\n\t<meta name=\"twitter:data1\" content=\"2 minutos\" \/>\n<script type=\"application\/ld+json\" class=\"yoast-schema-graph\">{\"@context\":\"https:\\\/\\\/schema.org\",\"@graph\":[{\"@type\":\"WebPage\",\"@id\":\"https:\\\/\\\/jungledoc.com\\\/es\\\/tienda-2\\\/\",\"url\":\"https:\\\/\\\/jungledoc.com\\\/es\\\/tienda-2\\\/\",\"name\":\"Tienda - Jungle Doc Productions\",\"isPartOf\":{\"@id\":\"https:\\\/\\\/jungledoc.com\\\/es\\\/#website\"},\"datePublished\":\"2025-09-08T15:14:27+00:00\",\"dateModified\":\"2026-01-11T17:03:43+00:00\",\"breadcrumb\":{\"@id\":\"https:\\\/\\\/jungledoc.com\\\/es\\\/tienda-2\\\/#breadcrumb\"},\"inLanguage\":\"es\",\"potentialAction\":[{\"@type\":\"ReadAction\",\"target\":[\"https:\\\/\\\/jungledoc.com\\\/es\\\/tienda-2\\\/\"]}]},{\"@type\":\"BreadcrumbList\",\"@id\":\"https:\\\/\\\/jungledoc.com\\\/es\\\/tienda-2\\\/#breadcrumb\",\"itemListElement\":[{\"@type\":\"ListItem\",\"position\":1,\"name\":\"Accueil\",\"item\":\"https:\\\/\\\/jungledoc.com\\\/es\\\/portada\\\/\"},{\"@type\":\"ListItem\",\"position\":2,\"name\":\"Tienda\"}]},{\"@type\":\"WebSite\",\"@id\":\"https:\\\/\\\/jungledoc.com\\\/es\\\/#website\",\"url\":\"https:\\\/\\\/jungledoc.com\\\/es\\\/\",\"name\":\"Jungle Doc Productions\",\"description\":\"\",\"publisher\":{\"@id\":\"https:\\\/\\\/jungledoc.com\\\/es\\\/#organization\"},\"potentialAction\":[{\"@type\":\"SearchAction\",\"target\":{\"@type\":\"EntryPoint\",\"urlTemplate\":\"https:\\\/\\\/jungledoc.com\\\/es\\\/?s={search_term_string}\"},\"query-input\":{\"@type\":\"PropertyValueSpecification\",\"valueRequired\":true,\"valueName\":\"search_term_string\"}}],\"inLanguage\":\"es\"},{\"@type\":\"Organization\",\"@id\":\"https:\\\/\\\/jungledoc.com\\\/es\\\/#organization\",\"name\":\"Jungle Doc Productions\",\"url\":\"https:\\\/\\\/jungledoc.com\\\/es\\\/\",\"logo\":{\"@type\":\"ImageObject\",\"inLanguage\":\"es\",\"@id\":\"https:\\\/\\\/jungledoc.com\\\/es\\\/#\\\/schema\\\/logo\\\/image\\\/\",\"url\":\"https:\\\/\\\/jungledoc.com\\\/wp-content\\\/uploads\\\/2025\\\/09\\\/logo_jungle_doc-200px.png\",\"contentUrl\":\"https:\\\/\\\/jungledoc.com\\\/wp-content\\\/uploads\\\/2025\\\/09\\\/logo_jungle_doc-200px.png\",\"width\":200,\"height\":99,\"caption\":\"Jungle Doc Productions\"},\"image\":{\"@id\":\"https:\\\/\\\/jungledoc.com\\\/es\\\/#\\\/schema\\\/logo\\\/image\\\/\"},\"sameAs\":[\"https:\\\/\\\/www.facebook.com\\\/jungledocprod\\\/\"]}]}<\/script>\n<!-- \/ Yoast SEO plugin. -->","yoast_head_json":{"title":"Tienda - Jungle Doc Productions","robots":{"index":"index","follow":"follow","max-snippet":"max-snippet:-1","max-image-preview":"max-image-preview:large","max-video-preview":"max-video-preview:-1"},"canonical":"https:\/\/jungledoc.com\/es\/tienda-2\/","og_locale":"es_ES","og_type":"article","og_title":"Tienda - Jungle Doc Productions","og_description":"TiendaNuestros documentales en VOD (alquiler por una semana o visualizaci\u00f3n de por vida) est\u00e1n disponibles AQU\u00cd.DVDLibros \/ FolletosMerchandisingY tambi\u00e9n...2025 \u2013 \u00c9ditions L'HarmattanSolo en franc\u00e9s2025 \u2013 \u00c9ditions L'HarmattanSolo en franc\u00e9sEdition Adventure Unlimited Press (EE. UU.)Solo en ingl\u00e9s2020 - \u00c9ditions AtlantesSolo en franc\u00e9s2014 - \u00c9ditions du Tr\u00e9sorSolo en franc\u00e9s\u00c9ditions Hugo et CieSolo en franc\u00e9s","og_url":"https:\/\/jungledoc.com\/es\/tienda-2\/","og_site_name":"Jungle Doc Productions","article_publisher":"https:\/\/www.facebook.com\/jungledocprod\/","article_modified_time":"2026-01-11T17:03:43+00:00","twitter_card":"summary_large_image","twitter_misc":{"Tiempo de lectura":"2 minutos"},"schema":{"@context":"https:\/\/schema.org","@graph":[{"@type":"WebPage","@id":"https:\/\/jungledoc.com\/es\/tienda-2\/","url":"https:\/\/jungledoc.com\/es\/tienda-2\/","name":"Tienda - Jungle Doc Productions","isPartOf":{"@id":"https:\/\/jungledoc.com\/es\/#website"},"datePublished":"2025-09-08T15:14:27+00:00","dateModified":"2026-01-11T17:03:43+00:00","breadcrumb":{"@id":"https:\/\/jungledoc.com\/es\/tienda-2\/#breadcrumb"},"inLanguage":"es","potentialAction":[{"@type":"ReadAction","target":["https:\/\/jungledoc.com\/es\/tienda-2\/"]}]},{"@type":"BreadcrumbList","@id":"https:\/\/jungledoc.com\/es\/tienda-2\/#breadcrumb","itemListElement":[{"@type":"ListItem","position":1,"name":"Accueil","item":"https:\/\/jungledoc.com\/es\/portada\/"},{"@type":"ListItem","position":2,"name":"Tienda"}]},{"@type":"WebSite","@id":"https:\/\/jungledoc.com\/es\/#website","url":"https:\/\/jungledoc.com\/es\/","name":"Jungle Doc Productions","description":"","publisher":{"@id":"https:\/\/jungledoc.com\/es\/#organization"},"potentialAction":[{"@type":"SearchAction","target":{"@type":"EntryPoint","urlTemplate":"https:\/\/jungledoc.com\/es\/?s={search_term_string}"},"query-input":{"@type":"PropertyValueSpecification","valueRequired":true,"valueName":"search_term_string"}}],"inLanguage":"es"},{"@type":"Organization","@id":"https:\/\/jungledoc.com\/es\/#organization","name":"Jungle Doc Productions","url":"https:\/\/jungledoc.com\/es\/","logo":{"@type":"ImageObject","inLanguage":"es","@id":"https:\/\/jungledoc.com\/es\/#\/schema\/logo\/image\/","url":"https:\/\/jungledoc.com\/wp-content\/uploads\/2025\/09\/logo_jungle_doc-200px.png","contentUrl":"https:\/\/jungledoc.com\/wp-content\/uploads\/2025\/09\/logo_jungle_doc-200px.png","width":200,"height":99,"caption":"Jungle Doc Productions"},"image":{"@id":"https:\/\/jungledoc.com\/es\/#\/schema\/logo\/image\/"},"sameAs":["https:\/\/www.facebook.com\/jungledocprod\/"]}]}},"_links":{"self":[{"href":"https:\/\/jungledoc.com\/es\/wp-json\/wp\/v2\/pages\/748","targetHints":{"allow":["GET"]}}],"collection":[{"href":"https:\/\/jungledoc.com\/es\/wp-json\/wp\/v2\/pages"}],"about":[{"href":"https:\/\/jungledoc.com\/es\/wp-json\/wp\/v2\/types\/page"}],"author":[{"embeddable":true,"href":"https:\/\/jungledoc.com\/es\/wp-json\/wp\/v2\/users\/1"}],"replies":[{"embeddable":true,"href":"https:\/\/jungledoc.com\/es\/wp-json\/wp\/v2\/comments?post=748"}],"version-history":[{"count":0,"href":"https:\/\/jungledoc.com\/es\/wp-json\/wp\/v2\/pages\/748\/revisions"}],"wp:attachment":[{"href":"https:\/\/jungledoc.com\/es\/wp-json\/wp\/v2\/media?parent=748"}],"curies":[{"name":"wp","href":"https:\/\/api.w.org\/{rel}","templated":true}]}}