{"id":784,"date":"2025-09-08T08:39:22","date_gmt":"2025-09-08T06:39:22","guid":{"rendered":"https:\/\/jungledoc.com\/jungle-story\/"},"modified":"2026-01-11T18:48:58","modified_gmt":"2026-01-11T17:48:58","slug":"jungle-story","status":"publish","type":"page","link":"https:\/\/jungledoc.com\/es\/jungle-story\/","title":{"rendered":"Jungle Story"},"content":{"rendered":"<p>[et_pb_section fb_built=\u00bb1&#8243; fullwidth=\u00bbon\u00bb _builder_version=\u00bb4.27.4&#8243; _module_preset=\u00bbdefault\u00bb background_color=\u00bb#000000&#8243; saved_tabs=\u00bball\u00bb global_colors_info=\u00bb{}\u00bb][et_pb_fullwidth_slider arrows_custom_color=\u00bb#E2007A\u00bb dot_nav_custom_color=\u00bb#E2007A\u00bb _builder_version=\u00bb4.27.4&#8243; _module_preset=\u00bbdefault\u00bb body_font=\u00bb|700|||||||\u00bb background_video_mp4=\u00bbhttps:\/\/player.vimeo.com\/progressive_redirect\/playback\/1116711340\/rendition\/1080p\/file.mp4?loc=external&#038;log_user=0&#038;signature=74cf2dc22d955fe12b0f6d3588c694f4db6f3311006ca912784bb46ec3ddd001&#8243; custom_button=\u00bbon\u00bb button_bg_color=\u00bbrgba(255,255,255,0.5)\u00bb button_border_width=\u00bb0px\u00bb custom_padding=\u00bb24vw||6vw||false|false\u00bb auto=\u00bbon\u00bb auto_speed=\u00bb24000&#8243; global_colors_info=\u00bb{}\u00bb][et_pb_slide heading=\u00bbJungle Story\u00bb admin_title=\u00bbOVNI FR\u00bb _builder_version=\u00bb4.27.4&#8243; _module_preset=\u00bbdefault\u00bb background_video_mp4=\u00bbhttps:\/\/player.vimeo.com\/progressive_redirect\/playback\/1116711340\/rendition\/1080p\/file.mp4?loc=external&#038;log_user=0&#038;signature=74cf2dc22d955fe12b0f6d3588c694f4db6f3311006ca912784bb46ec3ddd001&#8243; background_enable_video_mp4=\u00bbon\u00bb width=\u00bb75%\u00bb global_colors_info=\u00bb{}\u00bb sticky_transition=\u00bbon\u00bb]<\/p>\n<p>Jungle Doc Productions fue creada en 2009 por Alain Bonnet y Thierry Jamin.<\/p>\n<p>[\/et_pb_slide][\/et_pb_fullwidth_slider][\/et_pb_section][et_pb_section fb_built=\u00bb1&#8243; _builder_version=\u00bb4.27.4&#8243; _module_preset=\u00bbdefault\u00bb background_color=\u00bb#000000&#8243; custom_padding=\u00bb6px||9px|||\u00bb global_colors_info=\u00bb{}\u00bb][et_pb_row column_structure=\u00bb1_2,1_2&#8243; _builder_version=\u00bb4.27.4&#8243; _module_preset=\u00bbdefault\u00bb global_colors_info=\u00bb{}\u00bb][et_pb_column type=\u00bb1_2&#8243; _builder_version=\u00bb4.27.4&#8243; _module_preset=\u00bbdefault\u00bb global_colors_info=\u00bb{}\u00bb][et_pb_text _builder_version=\u00bb4.27.4&#8243; _module_preset=\u00bbdefault\u00bb global_colors_info=\u00bb{}\u00bb]<\/p>\n<h3>\u00bfC\u00f3mo naci\u00f3 Jungle Doc Productions?<\/h3>\n<p>Desde 1998, Thierry Jamin recorre la selva amaz\u00f3nica del sur de Per\u00fa tras las huellas de la legendaria ciudad inca de Pa\u00eftiti. \u00a1Los peruanos incluso hablan de Eldorado! Tras numerosas aventuras en el coraz\u00f3n del pa\u00eds inca, Thierry y sus compa\u00f1eros, despu\u00e9s de haber confirmado la presencia permanente de los incas en la Amazonia, llegan hoy quiz\u00e1 a las puertas de la fabulosa ciudad de Pa\u00eftiti. A\u00f1os de expediciones en el infierno verde sudamericano, filmadas por c\u00e1maras excepcionales. Encuentros incre\u00edbles y descubrimientos excepcionales. Cientos de horas de rodaje y testimonios exclusivos.     <\/p>\n<p>[\/et_pb_text][\/et_pb_column][et_pb_column type=\u00bb1_2&#8243; _builder_version=\u00bb4.27.4&#8243; _module_preset=\u00bbdefault\u00bb global_colors_info=\u00bb{}\u00bb][et_pb_image src=\u00bbhttps:\/\/jungledoc.com\/wp-content\/uploads\/2025\/09\/Thierry-Jamin.jpg\u00bb alt=\u00bbThierry Jamin, cofundador de Jungle Doc Productions\u00bb title_text=\u00bbThierry Jamin, cofundador de Jungle Doc Productions\u00bb align=\u00bbcenter\u00bb _builder_version=\u00bb4.27.4&#8243; _module_preset=\u00bbdefault\u00bb animation_style=\u00bbslide\u00bb animation_direction=\u00bbright\u00bb global_colors_info=\u00bb{}\u00bb][\/et_pb_image][\/et_pb_column][\/et_pb_row][et_pb_row column_structure=\u00bb2_5,3_5&#8243; _builder_version=\u00bb4.27.4&#8243; _module_preset=\u00bbdefault\u00bb global_colors_info=\u00bb{}\u00bb][et_pb_column type=\u00bb2_5&#8243; _builder_version=\u00bb4.27.4&#8243; _module_preset=\u00bbdefault\u00bb global_colors_info=\u00bb{}\u00bb][et_pb_image src=\u00bbhttps:\/\/jungledoc.com\/wp-content\/uploads\/2025\/09\/Alain-Bonnet.jpg\u00bb alt=\u00bbAlain Bonnet, cofundador de Jungle Doc Productions\u00bb title_text=\u00bbAlain Bonnet, cofundador de Jungle Doc Productions\u00bb align=\u00bbcenter\u00bb _builder_version=\u00bb4.27.4&#8243; _module_preset=\u00bbdefault\u00bb animation_style=\u00bbslide\u00bb animation_direction=\u00bbleft\u00bb global_colors_info=\u00bb{}\u00bb][\/et_pb_image][\/et_pb_column][et_pb_column type=\u00bb3_5&#8243; _builder_version=\u00bb4.27.4&#8243; _module_preset=\u00bbdefault\u00bb global_colors_info=\u00bb{}\u00bb][et_pb_text _builder_version=\u00bb4.27.4&#8243; _module_preset=\u00bbdefault\u00bb global_colors_info=\u00bb{}\u00bb]<\/p>\n<h3>Jungle Doc, encuentros&#8230;<\/h3>\n<p>Thierry comprendi\u00f3 muy pronto que el conocimiento est\u00e1 hecho para ser compartido.<\/p>\n<p>En 2003, conoce a Alain Bonnet, entonces director de una agencia de comunicaci\u00f3n con sede en Muret, cerca de Toulouse.<\/p>\n<p>As\u00ed comienza una intensa colaboraci\u00f3n que conducir\u00e1, entre otras cosas, a la creaci\u00f3n de los sitios web de <a href=\"https:\/\/www.thierryjamin.com\" target=\"_blank\" rel=\"noopener noreferrer\">Thierry Jamin<\/a> (<a href=\"http:\/\/www.pusharo.com\/\" target=\"_blank\" rel=\"noopener noreferrer\">Los petroglifos de Pusharo<\/a>, <a href=\"http:\/\/www.machupicchu-ciudadela.com\/\" target=\"_blank\" rel=\"noopener noreferrer\">Machu Picchu<\/a> y <a href=\"https:\/\/www.the-alien-project.com\/\" target=\"_blank\" rel=\"noopener noreferrer\">Alien Project<\/a>).<\/p>\n<p>[\/et_pb_text][\/et_pb_column][\/et_pb_row][et_pb_row column_structure=\u00bb1_2,1_2&#8243; _builder_version=\u00bb4.27.4&#8243; _module_preset=\u00bbdefault\u00bb global_colors_info=\u00bb{}\u00bb][et_pb_column type=\u00bb1_2&#8243; _builder_version=\u00bb4.27.4&#8243; _module_preset=\u00bbdefault\u00bb global_colors_info=\u00bb{}\u00bb][et_pb_text _builder_version=\u00bb4.27.4&#8243; _module_preset=\u00bbdefault\u00bb global_colors_info=\u00bb{}\u00bb]<\/p>\n<h3>\u2026 a la producci\u00f3n de documentales<\/h3>\n<p>La idea de Jungle Doc Productions surgi\u00f3 en 2009 a petici\u00f3n de los aficionados a las investigaciones de Thierry y los apasionados de las aventuras humanas, los horizontes lejanos, los viajes&#8230; \u00a1pero tambi\u00e9n de los incondicionales de la famosa serie de televisi\u00f3n, a\u00fan en emisi\u00f3n, \u00abLas misteriosas ciudades de oro\u00bb!<\/p>\n<p>Con este objetivo, Thierry Jamin y Alain Bonnet crearon la productora de documentales Jungle Doc Productions, cuyo primer proyecto es producir una serie que recorra estos a\u00f1os de investigaci\u00f3n y exploraci\u00f3n.<\/p>\n<p>[\/et_pb_text][\/et_pb_column][et_pb_column type=\u00bb1_2&#8243; _builder_version=\u00bb4.27.4&#8243; _module_preset=\u00bbdefault\u00bb global_colors_info=\u00bb{}\u00bb][et_pb_image src=\u00bbhttps:\/\/jungledoc.com\/wp-content\/uploads\/2025\/09\/production-audiovisuelle-de-documentaire.jpg\u00bb alt=\u00bbThierry Jamin y Alain Bonnet en las instalaciones de Jungle Doc Productions.\u00bb title_text=\u00bbThierry Jamin y Alain Bonnet en las instalaciones de Jungle Doc Productions.\u00bb _builder_version=\u00bb4.27.4&#8243; _module_preset=\u00bbdefault\u00bb global_colors_info=\u00bb{}\u00bb][\/et_pb_image][\/et_pb_column][\/et_pb_row][\/et_pb_section]<\/p>\n","protected":false},"excerpt":{"rendered":"<p>Jungle Doc Productions fue creada en 2009 por Alain Bonnet y Thierry Jamin.\u00bfC\u00f3mo naci\u00f3 Jungle Doc Productions? Desde 1998, Thierry Jamin recorre la selva amaz\u00f3nica del sur de Per\u00fa tras las huellas de la legendaria ciudad inca de Pa\u00eftiti. \u00a1Los peruanos incluso hablan de Eldorado! Tras numerosas aventuras en el coraz\u00f3n del pa\u00eds inca, Thierry [&hellip;]<\/p>\n","protected":false},"author":1,"featured_media":0,"parent":0,"menu_order":0,"comment_status":"closed","ping_status":"closed","template":"","meta":{"_et_pb_use_builder":"on","_et_pb_old_content":"","_et_gb_content_width":"","footnotes":""},"class_list":["post-784","page","type-page","status-publish","hentry"],"yoast_head":"<!-- This site is optimized with the Yoast SEO plugin v27.3 - https:\/\/yoast.com\/product\/yoast-seo-wordpress\/ -->\n<title>Jungle Doc Productions: la historia de su creaci\u00f3n en 2009<\/title>\n<meta name=\"description\" content=\"Jungle Doc Productions naci\u00f3 en 2009 a petici\u00f3n de los aficionados a las investigaciones de Thierry y los apasionados de las aventuras humanas.\" \/>\n<meta name=\"robots\" content=\"index, follow, max-snippet:-1, max-image-preview:large, max-video-preview:-1\" \/>\n<link rel=\"canonical\" href=\"https:\/\/jungledoc.com\/es\/jungle-story\/\" \/>\n<meta property=\"og:locale\" content=\"es_ES\" \/>\n<meta property=\"og:type\" content=\"article\" \/>\n<meta property=\"og:title\" content=\"Jungle Doc Productions: la historia de su creaci\u00f3n en 2009\" \/>\n<meta property=\"og:description\" content=\"Jungle Doc Productions naci\u00f3 en 2009 a petici\u00f3n de los aficionados a las investigaciones de Thierry y los apasionados de las aventuras humanas.\" \/>\n<meta property=\"og:url\" content=\"https:\/\/jungledoc.com\/es\/jungle-story\/\" \/>\n<meta property=\"og:site_name\" content=\"Jungle Doc Productions\" \/>\n<meta property=\"article:publisher\" content=\"https:\/\/www.facebook.com\/jungledocprod\/\" \/>\n<meta property=\"article:modified_time\" content=\"2026-01-11T17:48:58+00:00\" \/>\n<meta property=\"og:image\" content=\"https:\/\/jungledoc.com\/wp-content\/uploads\/2025\/09\/production-audiovisuelle-de-documentaire.jpg\" \/>\n<meta name=\"twitter:card\" content=\"summary_large_image\" \/>\n<meta name=\"twitter:title\" content=\"Jungle Doc Productions: la historia de su creaci\u00f3n en 2009\" \/>\n<meta name=\"twitter:description\" content=\"Jungle Doc Productions naci\u00f3 en 2009 a petici\u00f3n de los aficionados a las investigaciones de Thierry y los apasionados de las aventuras humanas.\" \/>\n<meta name=\"twitter:image\" content=\"https:\/\/jungledoc.com\/wp-content\/uploads\/2025\/09\/production-audiovisuelle-de-documentaire.jpg\" \/>\n<meta name=\"twitter:label1\" content=\"Tiempo de lectura\" \/>\n\t<meta name=\"twitter:data1\" content=\"2 minutos\" \/>\n<script type=\"application\/ld+json\" class=\"yoast-schema-graph\">{\"@context\":\"https:\\\/\\\/schema.org\",\"@graph\":[{\"@type\":\"WebPage\",\"@id\":\"https:\\\/\\\/jungledoc.com\\\/es\\\/jungle-story\\\/\",\"url\":\"https:\\\/\\\/jungledoc.com\\\/es\\\/jungle-story\\\/\",\"name\":\"Jungle Doc Productions: la historia de su creaci\u00f3n en 2009\",\"isPartOf\":{\"@id\":\"https:\\\/\\\/jungledoc.com\\\/es\\\/#website\"},\"datePublished\":\"2025-09-08T06:39:22+00:00\",\"dateModified\":\"2026-01-11T17:48:58+00:00\",\"description\":\"Jungle Doc Productions naci\u00f3 en 2009 a petici\u00f3n de los aficionados a las investigaciones de Thierry y los apasionados de las aventuras humanas.\",\"breadcrumb\":{\"@id\":\"https:\\\/\\\/jungledoc.com\\\/es\\\/jungle-story\\\/#breadcrumb\"},\"inLanguage\":\"es\",\"potentialAction\":[{\"@type\":\"ReadAction\",\"target\":[\"https:\\\/\\\/jungledoc.com\\\/es\\\/jungle-story\\\/\"]}]},{\"@type\":\"BreadcrumbList\",\"@id\":\"https:\\\/\\\/jungledoc.com\\\/es\\\/jungle-story\\\/#breadcrumb\",\"itemListElement\":[{\"@type\":\"ListItem\",\"position\":1,\"name\":\"Accueil\",\"item\":\"https:\\\/\\\/jungledoc.com\\\/es\\\/portada\\\/\"},{\"@type\":\"ListItem\",\"position\":2,\"name\":\"Jungle Story\"}]},{\"@type\":\"WebSite\",\"@id\":\"https:\\\/\\\/jungledoc.com\\\/es\\\/#website\",\"url\":\"https:\\\/\\\/jungledoc.com\\\/es\\\/\",\"name\":\"Jungle Doc Productions\",\"description\":\"\",\"publisher\":{\"@id\":\"https:\\\/\\\/jungledoc.com\\\/es\\\/#organization\"},\"potentialAction\":[{\"@type\":\"SearchAction\",\"target\":{\"@type\":\"EntryPoint\",\"urlTemplate\":\"https:\\\/\\\/jungledoc.com\\\/es\\\/?s={search_term_string}\"},\"query-input\":{\"@type\":\"PropertyValueSpecification\",\"valueRequired\":true,\"valueName\":\"search_term_string\"}}],\"inLanguage\":\"es\"},{\"@type\":\"Organization\",\"@id\":\"https:\\\/\\\/jungledoc.com\\\/es\\\/#organization\",\"name\":\"Jungle Doc Productions\",\"url\":\"https:\\\/\\\/jungledoc.com\\\/es\\\/\",\"logo\":{\"@type\":\"ImageObject\",\"inLanguage\":\"es\",\"@id\":\"https:\\\/\\\/jungledoc.com\\\/es\\\/#\\\/schema\\\/logo\\\/image\\\/\",\"url\":\"https:\\\/\\\/jungledoc.com\\\/wp-content\\\/uploads\\\/2025\\\/09\\\/logo_jungle_doc-200px.png\",\"contentUrl\":\"https:\\\/\\\/jungledoc.com\\\/wp-content\\\/uploads\\\/2025\\\/09\\\/logo_jungle_doc-200px.png\",\"width\":200,\"height\":99,\"caption\":\"Jungle Doc Productions\"},\"image\":{\"@id\":\"https:\\\/\\\/jungledoc.com\\\/es\\\/#\\\/schema\\\/logo\\\/image\\\/\"},\"sameAs\":[\"https:\\\/\\\/www.facebook.com\\\/jungledocprod\\\/\"]}]}<\/script>\n<!-- \/ Yoast SEO plugin. -->","yoast_head_json":{"title":"Jungle Doc Productions: la historia de su creaci\u00f3n en 2009","description":"Jungle Doc Productions naci\u00f3 en 2009 a petici\u00f3n de los aficionados a las investigaciones de Thierry y los apasionados de las aventuras humanas.","robots":{"index":"index","follow":"follow","max-snippet":"max-snippet:-1","max-image-preview":"max-image-preview:large","max-video-preview":"max-video-preview:-1"},"canonical":"https:\/\/jungledoc.com\/es\/jungle-story\/","og_locale":"es_ES","og_type":"article","og_title":"Jungle Doc Productions: la historia de su creaci\u00f3n en 2009","og_description":"Jungle Doc Productions naci\u00f3 en 2009 a petici\u00f3n de los aficionados a las investigaciones de Thierry y los apasionados de las aventuras humanas.","og_url":"https:\/\/jungledoc.com\/es\/jungle-story\/","og_site_name":"Jungle Doc Productions","article_publisher":"https:\/\/www.facebook.com\/jungledocprod\/","article_modified_time":"2026-01-11T17:48:58+00:00","og_image":[{"url":"https:\/\/jungledoc.com\/wp-content\/uploads\/2025\/09\/production-audiovisuelle-de-documentaire.jpg","type":"","width":"","height":""}],"twitter_card":"summary_large_image","twitter_title":"Jungle Doc Productions: la historia de su creaci\u00f3n en 2009","twitter_description":"Jungle Doc Productions naci\u00f3 en 2009 a petici\u00f3n de los aficionados a las investigaciones de Thierry y los apasionados de las aventuras humanas.","twitter_image":"https:\/\/jungledoc.com\/wp-content\/uploads\/2025\/09\/production-audiovisuelle-de-documentaire.jpg","twitter_misc":{"Tiempo de lectura":"2 minutos"},"schema":{"@context":"https:\/\/schema.org","@graph":[{"@type":"WebPage","@id":"https:\/\/jungledoc.com\/es\/jungle-story\/","url":"https:\/\/jungledoc.com\/es\/jungle-story\/","name":"Jungle Doc Productions: la historia de su creaci\u00f3n en 2009","isPartOf":{"@id":"https:\/\/jungledoc.com\/es\/#website"},"datePublished":"2025-09-08T06:39:22+00:00","dateModified":"2026-01-11T17:48:58+00:00","description":"Jungle Doc Productions naci\u00f3 en 2009 a petici\u00f3n de los aficionados a las investigaciones de Thierry y los apasionados de las aventuras humanas.","breadcrumb":{"@id":"https:\/\/jungledoc.com\/es\/jungle-story\/#breadcrumb"},"inLanguage":"es","potentialAction":[{"@type":"ReadAction","target":["https:\/\/jungledoc.com\/es\/jungle-story\/"]}]},{"@type":"BreadcrumbList","@id":"https:\/\/jungledoc.com\/es\/jungle-story\/#breadcrumb","itemListElement":[{"@type":"ListItem","position":1,"name":"Accueil","item":"https:\/\/jungledoc.com\/es\/portada\/"},{"@type":"ListItem","position":2,"name":"Jungle Story"}]},{"@type":"WebSite","@id":"https:\/\/jungledoc.com\/es\/#website","url":"https:\/\/jungledoc.com\/es\/","name":"Jungle Doc Productions","description":"","publisher":{"@id":"https:\/\/jungledoc.com\/es\/#organization"},"potentialAction":[{"@type":"SearchAction","target":{"@type":"EntryPoint","urlTemplate":"https:\/\/jungledoc.com\/es\/?s={search_term_string}"},"query-input":{"@type":"PropertyValueSpecification","valueRequired":true,"valueName":"search_term_string"}}],"inLanguage":"es"},{"@type":"Organization","@id":"https:\/\/jungledoc.com\/es\/#organization","name":"Jungle Doc Productions","url":"https:\/\/jungledoc.com\/es\/","logo":{"@type":"ImageObject","inLanguage":"es","@id":"https:\/\/jungledoc.com\/es\/#\/schema\/logo\/image\/","url":"https:\/\/jungledoc.com\/wp-content\/uploads\/2025\/09\/logo_jungle_doc-200px.png","contentUrl":"https:\/\/jungledoc.com\/wp-content\/uploads\/2025\/09\/logo_jungle_doc-200px.png","width":200,"height":99,"caption":"Jungle Doc Productions"},"image":{"@id":"https:\/\/jungledoc.com\/es\/#\/schema\/logo\/image\/"},"sameAs":["https:\/\/www.facebook.com\/jungledocprod\/"]}]}},"_links":{"self":[{"href":"https:\/\/jungledoc.com\/es\/wp-json\/wp\/v2\/pages\/784","targetHints":{"allow":["GET"]}}],"collection":[{"href":"https:\/\/jungledoc.com\/es\/wp-json\/wp\/v2\/pages"}],"about":[{"href":"https:\/\/jungledoc.com\/es\/wp-json\/wp\/v2\/types\/page"}],"author":[{"embeddable":true,"href":"https:\/\/jungledoc.com\/es\/wp-json\/wp\/v2\/users\/1"}],"replies":[{"embeddable":true,"href":"https:\/\/jungledoc.com\/es\/wp-json\/wp\/v2\/comments?post=784"}],"version-history":[{"count":0,"href":"https:\/\/jungledoc.com\/es\/wp-json\/wp\/v2\/pages\/784\/revisions"}],"wp:attachment":[{"href":"https:\/\/jungledoc.com\/es\/wp-json\/wp\/v2\/media?parent=784"}],"curies":[{"name":"wp","href":"https:\/\/api.w.org\/{rel}","templated":true}]}}