{"id":805,"date":"2025-09-08T09:58:58","date_gmt":"2025-09-08T07:58:58","guid":{"rendered":"https:\/\/jungledoc.com\/entrega\/"},"modified":"2026-01-11T18:56:33","modified_gmt":"2026-01-11T17:56:33","slug":"entrega","status":"publish","type":"page","link":"https:\/\/jungledoc.com\/es\/entrega\/","title":{"rendered":"Entrega"},"content":{"rendered":"<p>[et_pb_section fb_built=\u00bb1&#8243; _builder_version=\u00bb4.27.4&#8243; _module_preset=\u00bbdefault\u00bb background_color=\u00bb#000000&#8243; custom_padding=\u00bb||2px|||\u00bb global_colors_info=\u00bb{}\u00bb][et_pb_row _builder_version=\u00bb4.27.4&#8243; _module_preset=\u00bbdefault\u00bb global_colors_info=\u00bb{}\u00bb][et_pb_column type=\u00bb4_4&#8243; _builder_version=\u00bb4.27.4&#8243; _module_preset=\u00bbdefault\u00bb global_colors_info=\u00bb{}\u00bb][et_pb_text _builder_version=\u00bb4.27.4&#8243; _module_preset=\u00bbdefault\u00bb global_colors_info=\u00bb{}\u00bb]<\/p>\n<h1>Entrega<\/h1>\n<p>Su producto se env\u00eda en un plazo m\u00e1ximo de 2 d\u00edas laborables tras la recepci\u00f3n de su pago. Las entregas se realizan:<\/p>\n<ul>\n<li>en Francia por Mondial Relay (plazo de entrega: 3 d\u00edas). El paquete se puede recoger en un punto de recogida. O por Colissimo.<\/li>\n<li>en otros lugares por Colissimo. El paquete ser\u00e1 entregado por los servicios postales de su pa\u00eds. En buzones, en la mayor\u00eda de los casos.<\/li>\n<\/ul>\n<p>El paquete preparado por nosotros le ser\u00e1 entregado en un plazo aproximado de 72 horas en Francia y 96 horas en Europa. No se puede anunciar ning\u00fan plazo para los dem\u00e1s pa\u00edses.<\/p>\n<p>Los gastos de env\u00edo incluyen el embalaje, la manipulaci\u00f3n y los gastos postales. Le recomendamos que agrupe sus compras en un solo pedido. No podemos agrupar dos pedidos distintos y deber\u00e1 abonar los gastos de env\u00edo de cada uno de ellos. El env\u00edo de su paquete se realiza bajo su propia responsabilidad. Se presta especial atenci\u00f3n a los paquetes que contienen productos fr\u00e1giles.<br \/>Los paquetes enviados fuera de la Uni\u00f3n Europea ir\u00e1n acompa\u00f1ados de los documentos relativos a los derechos de aduana que usted deber\u00e1 abonar seg\u00fan la legislaci\u00f3n vigente en su pa\u00eds.<\/p>\n<p>[\/et_pb_text][\/et_pb_column][\/et_pb_row][\/et_pb_section]<\/p>\n","protected":false},"excerpt":{"rendered":"<p>Entrega Su producto se env\u00eda en un plazo m\u00e1ximo de 2 d\u00edas laborables tras la recepci\u00f3n de su pago. Las entregas se realizan: en Francia por Mondial Relay (plazo de entrega: 3 d\u00edas). El paquete se puede recoger en un punto de recogida. O por Colissimo. en otros lugares por Colissimo. El paquete ser\u00e1 entregado [&hellip;]<\/p>\n","protected":false},"author":1,"featured_media":0,"parent":0,"menu_order":0,"comment_status":"closed","ping_status":"closed","template":"","meta":{"_et_pb_use_builder":"on","_et_pb_old_content":"","_et_gb_content_width":"","footnotes":""},"class_list":["post-805","page","type-page","status-publish","hentry"],"yoast_head":"<!-- This site is optimized with the Yoast SEO plugin v27.3 - https:\/\/yoast.com\/product\/yoast-seo-wordpress\/ -->\n<title>Entrega - Jungle Doc Productions<\/title>\n<meta name=\"robots\" content=\"noindex, nofollow\" \/>\n<meta property=\"og:locale\" content=\"es_ES\" \/>\n<meta property=\"og:type\" content=\"article\" \/>\n<meta property=\"og:title\" content=\"Entrega - Jungle Doc Productions\" \/>\n<meta property=\"og:description\" content=\"Entrega Su producto se env\u00eda en un plazo m\u00e1ximo de 2 d\u00edas laborables tras la recepci\u00f3n de su pago. Las entregas se realizan: en Francia por Mondial Relay (plazo de entrega: 3 d\u00edas). El paquete se puede recoger en un punto de recogida. O por Colissimo. en otros lugares por Colissimo. El paquete ser\u00e1 entregado [&hellip;]\" \/>\n<meta property=\"og:url\" content=\"https:\/\/jungledoc.com\/es\/entrega\/\" \/>\n<meta property=\"og:site_name\" content=\"Jungle Doc Productions\" \/>\n<meta property=\"article:publisher\" content=\"https:\/\/www.facebook.com\/jungledocprod\/\" \/>\n<meta property=\"article:modified_time\" content=\"2026-01-11T17:56:33+00:00\" \/>\n<meta name=\"twitter:card\" content=\"summary_large_image\" \/>\n<meta name=\"twitter:label1\" content=\"Tiempo de lectura\" \/>\n\t<meta name=\"twitter:data1\" content=\"1 minuto\" \/>\n<script type=\"application\/ld+json\" class=\"yoast-schema-graph\">{\"@context\":\"https:\\\/\\\/schema.org\",\"@graph\":[{\"@type\":\"WebPage\",\"@id\":\"https:\\\/\\\/jungledoc.com\\\/es\\\/entrega\\\/\",\"url\":\"https:\\\/\\\/jungledoc.com\\\/es\\\/entrega\\\/\",\"name\":\"Entrega - Jungle Doc Productions\",\"isPartOf\":{\"@id\":\"https:\\\/\\\/jungledoc.com\\\/es\\\/#website\"},\"datePublished\":\"2025-09-08T07:58:58+00:00\",\"dateModified\":\"2026-01-11T17:56:33+00:00\",\"breadcrumb\":{\"@id\":\"https:\\\/\\\/jungledoc.com\\\/es\\\/entrega\\\/#breadcrumb\"},\"inLanguage\":\"es\",\"potentialAction\":[{\"@type\":\"ReadAction\",\"target\":[\"https:\\\/\\\/jungledoc.com\\\/es\\\/entrega\\\/\"]}]},{\"@type\":\"BreadcrumbList\",\"@id\":\"https:\\\/\\\/jungledoc.com\\\/es\\\/entrega\\\/#breadcrumb\",\"itemListElement\":[{\"@type\":\"ListItem\",\"position\":1,\"name\":\"Accueil\",\"item\":\"https:\\\/\\\/jungledoc.com\\\/es\\\/portada\\\/\"},{\"@type\":\"ListItem\",\"position\":2,\"name\":\"Entrega\"}]},{\"@type\":\"WebSite\",\"@id\":\"https:\\\/\\\/jungledoc.com\\\/es\\\/#website\",\"url\":\"https:\\\/\\\/jungledoc.com\\\/es\\\/\",\"name\":\"Jungle Doc Productions\",\"description\":\"\",\"publisher\":{\"@id\":\"https:\\\/\\\/jungledoc.com\\\/es\\\/#organization\"},\"potentialAction\":[{\"@type\":\"SearchAction\",\"target\":{\"@type\":\"EntryPoint\",\"urlTemplate\":\"https:\\\/\\\/jungledoc.com\\\/es\\\/?s={search_term_string}\"},\"query-input\":{\"@type\":\"PropertyValueSpecification\",\"valueRequired\":true,\"valueName\":\"search_term_string\"}}],\"inLanguage\":\"es\"},{\"@type\":\"Organization\",\"@id\":\"https:\\\/\\\/jungledoc.com\\\/es\\\/#organization\",\"name\":\"Jungle Doc Productions\",\"url\":\"https:\\\/\\\/jungledoc.com\\\/es\\\/\",\"logo\":{\"@type\":\"ImageObject\",\"inLanguage\":\"es\",\"@id\":\"https:\\\/\\\/jungledoc.com\\\/es\\\/#\\\/schema\\\/logo\\\/image\\\/\",\"url\":\"https:\\\/\\\/jungledoc.com\\\/wp-content\\\/uploads\\\/2025\\\/09\\\/logo_jungle_doc-200px.png\",\"contentUrl\":\"https:\\\/\\\/jungledoc.com\\\/wp-content\\\/uploads\\\/2025\\\/09\\\/logo_jungle_doc-200px.png\",\"width\":200,\"height\":99,\"caption\":\"Jungle Doc Productions\"},\"image\":{\"@id\":\"https:\\\/\\\/jungledoc.com\\\/es\\\/#\\\/schema\\\/logo\\\/image\\\/\"},\"sameAs\":[\"https:\\\/\\\/www.facebook.com\\\/jungledocprod\\\/\"]}]}<\/script>\n<!-- \/ Yoast SEO plugin. -->","yoast_head_json":{"title":"Entrega - Jungle Doc Productions","robots":{"index":"noindex","follow":"nofollow"},"og_locale":"es_ES","og_type":"article","og_title":"Entrega - Jungle Doc Productions","og_description":"Entrega Su producto se env\u00eda en un plazo m\u00e1ximo de 2 d\u00edas laborables tras la recepci\u00f3n de su pago. Las entregas se realizan: en Francia por Mondial Relay (plazo de entrega: 3 d\u00edas). El paquete se puede recoger en un punto de recogida. O por Colissimo. en otros lugares por Colissimo. El paquete ser\u00e1 entregado [&hellip;]","og_url":"https:\/\/jungledoc.com\/es\/entrega\/","og_site_name":"Jungle Doc Productions","article_publisher":"https:\/\/www.facebook.com\/jungledocprod\/","article_modified_time":"2026-01-11T17:56:33+00:00","twitter_card":"summary_large_image","twitter_misc":{"Tiempo de lectura":"1 minuto"},"schema":{"@context":"https:\/\/schema.org","@graph":[{"@type":"WebPage","@id":"https:\/\/jungledoc.com\/es\/entrega\/","url":"https:\/\/jungledoc.com\/es\/entrega\/","name":"Entrega - Jungle Doc Productions","isPartOf":{"@id":"https:\/\/jungledoc.com\/es\/#website"},"datePublished":"2025-09-08T07:58:58+00:00","dateModified":"2026-01-11T17:56:33+00:00","breadcrumb":{"@id":"https:\/\/jungledoc.com\/es\/entrega\/#breadcrumb"},"inLanguage":"es","potentialAction":[{"@type":"ReadAction","target":["https:\/\/jungledoc.com\/es\/entrega\/"]}]},{"@type":"BreadcrumbList","@id":"https:\/\/jungledoc.com\/es\/entrega\/#breadcrumb","itemListElement":[{"@type":"ListItem","position":1,"name":"Accueil","item":"https:\/\/jungledoc.com\/es\/portada\/"},{"@type":"ListItem","position":2,"name":"Entrega"}]},{"@type":"WebSite","@id":"https:\/\/jungledoc.com\/es\/#website","url":"https:\/\/jungledoc.com\/es\/","name":"Jungle Doc Productions","description":"","publisher":{"@id":"https:\/\/jungledoc.com\/es\/#organization"},"potentialAction":[{"@type":"SearchAction","target":{"@type":"EntryPoint","urlTemplate":"https:\/\/jungledoc.com\/es\/?s={search_term_string}"},"query-input":{"@type":"PropertyValueSpecification","valueRequired":true,"valueName":"search_term_string"}}],"inLanguage":"es"},{"@type":"Organization","@id":"https:\/\/jungledoc.com\/es\/#organization","name":"Jungle Doc Productions","url":"https:\/\/jungledoc.com\/es\/","logo":{"@type":"ImageObject","inLanguage":"es","@id":"https:\/\/jungledoc.com\/es\/#\/schema\/logo\/image\/","url":"https:\/\/jungledoc.com\/wp-content\/uploads\/2025\/09\/logo_jungle_doc-200px.png","contentUrl":"https:\/\/jungledoc.com\/wp-content\/uploads\/2025\/09\/logo_jungle_doc-200px.png","width":200,"height":99,"caption":"Jungle Doc Productions"},"image":{"@id":"https:\/\/jungledoc.com\/es\/#\/schema\/logo\/image\/"},"sameAs":["https:\/\/www.facebook.com\/jungledocprod\/"]}]}},"_links":{"self":[{"href":"https:\/\/jungledoc.com\/es\/wp-json\/wp\/v2\/pages\/805","targetHints":{"allow":["GET"]}}],"collection":[{"href":"https:\/\/jungledoc.com\/es\/wp-json\/wp\/v2\/pages"}],"about":[{"href":"https:\/\/jungledoc.com\/es\/wp-json\/wp\/v2\/types\/page"}],"author":[{"embeddable":true,"href":"https:\/\/jungledoc.com\/es\/wp-json\/wp\/v2\/users\/1"}],"replies":[{"embeddable":true,"href":"https:\/\/jungledoc.com\/es\/wp-json\/wp\/v2\/comments?post=805"}],"version-history":[{"count":0,"href":"https:\/\/jungledoc.com\/es\/wp-json\/wp\/v2\/pages\/805\/revisions"}],"wp:attachment":[{"href":"https:\/\/jungledoc.com\/es\/wp-json\/wp\/v2\/media?parent=805"}],"curies":[{"name":"wp","href":"https:\/\/api.w.org\/{rel}","templated":true}]}}