{"id":877,"date":"2025-09-07T06:40:05","date_gmt":"2025-09-07T04:40:05","guid":{"rendered":"https:\/\/jungledoc.com\/machu-picchu\/"},"modified":"2026-04-17T06:21:05","modified_gmt":"2026-04-17T04:21:05","slug":"machu-picchu","status":"publish","type":"page","link":"https:\/\/jungledoc.com\/es\/machu-picchu\/","title":{"rendered":"Machu Picchu"},"content":{"rendered":"<p>[et_pb_section fb_built=\u00bb1&#8243; _builder_version=\u00bb4.27.4&#8243; _module_preset=\u00bbdefault\u00bb background_color=\u00bb#000000&#8243; custom_padding=\u00bb7px|||||\u00bb global_colors_info=\u00bb{}\u00bb][et_pb_row _builder_version=\u00bb4.27.4&#8243; _module_preset=\u00bbdefault\u00bb collapsed=\u00bbon\u00bb global_colors_info=\u00bb{}\u00bb][et_pb_column type=\u00bb4_4&#8243; _builder_version=\u00bb4.27.4&#8243; _module_preset=\u00bbdefault\u00bb global_colors_info=\u00bb{}\u00bb][et_pb_text _builder_version=\u00bb4.27.4&#8243; _module_preset=\u00bbdefault\u00bb global_colors_info=\u00bb{}\u00bb]<\/p>\n<h1>Los \u00faltimos secretos de Machu Picchu<\/h1>\n<p>[\/et_pb_text][\/et_pb_column][\/et_pb_row][et_pb_row _builder_version=\u00bb4.27.4&#8243; _module_preset=\u00bbdefault\u00bb global_colors_info=\u00bb{}\u00bb][et_pb_column type=\u00bb4_4&#8243; _builder_version=\u00bb4.27.4&#8243; _module_preset=\u00bbdefault\u00bb global_colors_info=\u00bb{}\u00bb][et_pb_button button_url=\u00bbhttps:\/\/vimeo.com\/ondemand\/machupicchues\u00bb url_new_window=\u00bbon\u00bb button_text=\u00bbAlquilar o comprar en VOD\u00bb button_alignment=\u00bbcenter\u00bb _builder_version=\u00bb4.27.6&#8243; _module_preset=\u00bbdefault\u00bb animation_style=\u00bbslide\u00bb hover_enabled=\u00bb0&#8243; global_colors_info=\u00bb{}\u00bb sticky_enabled=\u00bb0&#8243;][\/et_pb_button][\/et_pb_column][\/et_pb_row][et_pb_row _builder_version=\u00bb4.27.4&#8243; _module_preset=\u00bbdefault\u00bb custom_padding=\u00bb5px|||||\u00bb collapsed=\u00bbon\u00bb global_colors_info=\u00bb{}\u00bb][et_pb_column type=\u00bb4_4&#8243; _builder_version=\u00bb4.27.4&#8243; _module_preset=\u00bbdefault\u00bb global_colors_info=\u00bb{}\u00bb][et_pb_video src=\u00bbhttps:\/\/vimeo.com\/815537754?fl=ls&#038;fe=ec\u00bb _builder_version=\u00bb4.27.6&#8243; _module_preset=\u00bbdefault\u00bb width=\u00bb100%\u00bb module_alignment=\u00bbcenter\u00bb global_colors_info=\u00bb{}\u00bb][\/et_pb_video][\/et_pb_column][\/et_pb_row][et_pb_row column_structure=\u00bb2_5,3_5&#8243; _builder_version=\u00bb4.27.4&#8243; _module_preset=\u00bbdefault\u00bb collapsed=\u00bbon\u00bb global_colors_info=\u00bb{}\u00bb][et_pb_column type=\u00bb2_5&#8243; _builder_version=\u00bb4.27.4&#8243; _module_preset=\u00bbdefault\u00bb global_colors_info=\u00bb{}\u00bb][et_pb_image src=\u00bbhttps:\/\/jungledoc.com\/wp-content\/uploads\/2025\/09\/MAPI-Vertical-FR.jpg\u00bb alt=\u00bbLos \u00faltimos secretos de Machu Picchu\u00bb title_text=\u00bbLos \u00faltimos secretos de Machu Picchu\u00bb align=\u00bbcenter\u00bb _builder_version=\u00bb4.27.4&#8243; _module_preset=\u00bbdefault\u00bb animation_style=\u00bbslide\u00bb animation_direction=\u00bbleft\u00bb global_colors_info=\u00bb{}\u00bb][\/et_pb_image][\/et_pb_column][et_pb_column type=\u00bb3_5&#8243; _builder_version=\u00bb4.27.4&#8243; _module_preset=\u00bbdefault\u00bb global_colors_info=\u00bb{}\u00bb][et_pb_text _builder_version=\u00bb4.27.4&#8243; _module_preset=\u00bbdefault\u00bb global_colors_info=\u00bb{}\u00bb]<\/p>\n<p>Los \u00faltimos secretos de Machu Picchu, documental de 2 x 1 h 15 min, narra la historia de un incre\u00edble descubrimiento realizado en el coraz\u00f3n de uno de los yacimientos arqueol\u00f3gicos m\u00e1s famosos del planeta. Detr\u00e1s de una puerta bloqueada por piedras, bajo uno de los edificios m\u00e1s importantes de la ciudad, el Templo de las Tres Puertas, se encontrar\u00edan unas c\u00e1maras subterr\u00e1neas, probablemente sepulcros. Tambi\u00e9n narra la historia del Imperio Inca, la llegada de los conquistadores espa\u00f1oles que provoc\u00f3 la ca\u00edda de esta civilizaci\u00f3n y el misterio de la desaparici\u00f3n de todas las momias reales, incluida la de Pachac\u00fatec.  <\/p>\n<p>Esta incre\u00edble y rocambolesca historia, llena de giros inesperados, fue seguida y filmada \u00edntegramente por los c\u00e1maras de Jungle Doc Productions.<\/p>\n<p><em>2 pel\u00edculas de Thierry Jamin, dirigidas por Alain Bonnet,<\/em><br \/><em>con m\u00fasica original de Michel Wiklacz.<\/em><br \/><em>Producidas por Jungle Doc Productions.<\/em><\/p>\n<p>[\/et_pb_text][et_pb_button button_url=\u00bbhttps:\/\/vimeo.com\/ondemand\/machupicchues\u00bb url_new_window=\u00bbon\u00bb button_text=\u00bbAlquilar o comprar en VOD\u00bb button_alignment=\u00bbcenter\u00bb _builder_version=\u00bb4.27.6&#8243; _module_preset=\u00bbdefault\u00bb animation_style=\u00bbslide\u00bb animation_direction=\u00bbright\u00bb hover_enabled=\u00bb0&#8243; global_colors_info=\u00bb{}\u00bb sticky_enabled=\u00bb0&#8243;][\/et_pb_button][\/et_pb_column][\/et_pb_row][et_pb_row _builder_version=\u00bb4.27.4&#8243; _module_preset=\u00bbdefault\u00bb collapsed=\u00bbon\u00bb global_colors_info=\u00bb{}\u00bb][et_pb_column type=\u00bb4_4&#8243; _builder_version=\u00bb4.27.4&#8243; _module_preset=\u00bbdefault\u00bb global_colors_info=\u00bb{}\u00bb][et_pb_text _builder_version=\u00bb4.27.4&#8243; _module_preset=\u00bbdefault\u00bb global_colors_info=\u00bb{}\u00bb]<\/p>\n<h3>Las dos pel\u00edculas<\/h3>\n<p>[\/et_pb_text][\/et_pb_column][\/et_pb_row][et_pb_row column_structure=\u00bb1_2,1_2&#8243; _builder_version=\u00bb4.27.4&#8243; _module_preset=\u00bbdefault\u00bb collapsed=\u00bbon\u00bb global_colors_info=\u00bb{}\u00bb][et_pb_column type=\u00bb1_2&#8243; _builder_version=\u00bb4.27.4&#8243; _module_preset=\u00bbdefault\u00bb global_colors_info=\u00bb{}\u00bb][et_pb_text _builder_version=\u00bb4.27.4&#8243; _module_preset=\u00bbdefault\u00bb header_4_text_align=\u00bbcenter\u00bb global_colors_info=\u00bb{}\u00bb]<\/p>\n<h4>Una puerta hacia lo desconocido<\/h4>\n<p>[\/et_pb_text][et_pb_gallery gallery_ids=\u00bb871,872,873&#8243; fullwidth=\u00bbon\u00bb _builder_version=\u00bb4.27.4&#8243; _module_preset=\u00bbdefault\u00bb animation_style=\u00bbslide\u00bb animation_direction=\u00bbleft\u00bb auto=\u00bbon\u00bb auto_speed=\u00bb4000&#8243; global_colors_info=\u00bb{}\u00bb][\/et_pb_gallery][et_pb_text _builder_version=\u00bb4.27.4&#8243; _module_preset=\u00bbdefault\u00bb global_colors_info=\u00bb{}\u00bb]<\/p>\n<p>La historia comienza en 2010, cuando David Crespy, un ingeniero franc\u00e9s de vacaciones en Per\u00fa, cree haber descubierto por casualidad una \u00abpuerta secreta\u00bb a los pies de uno de los principales templos de Machu Picchu. Pero en Per\u00fa nadie le hace caso. En 2011, se pone en contacto con el explorador franc\u00e9s Thierry Jamin. Al principio esc\u00e9ptico, pronto se convenci\u00f3 del descubrimiento de Crespy. Plante\u00f3 la hip\u00f3tesis de la presencia de c\u00e1maras funerarias a\u00fan intactas en el coraz\u00f3n de la ciudadela inca. En abril de 2012, Jamin y su grupo obtuvieron el visto bueno del Ministerio de Cultura peruano para realizar resonancias electromagn\u00e9ticas en el lugar donde se supon\u00eda que se encontraba el yacimiento funerario. Las resonancias electromagn\u00e9ticas se realizaron en abril de 2012. Revelaron la existencia de una escalera que conduc\u00eda a una sala cuadrangular y, a continuaci\u00f3n, a una decena de cavidades de dimensiones humanas. Sin duda, se trataba de tumbas. Pero tambi\u00e9n descubrieron la presencia de importantes dep\u00f3sitos de objetos met\u00e1licos no ferrosos (plata y\/u oro).         <\/p>\n<p><em>Duraci\u00f3n: 1 h 15 min<\/em><\/p>\n<p>[\/et_pb_text][\/et_pb_column][et_pb_column type=\u00bb1_2&#8243; _builder_version=\u00bb4.27.4&#8243; _module_preset=\u00bbdefault\u00bb global_colors_info=\u00bb{}\u00bb][et_pb_text _builder_version=\u00bb4.27.4&#8243; _module_preset=\u00bbdefault\u00bb header_4_text_align=\u00bbcenter\u00bb global_colors_info=\u00bb{}\u00bb]<\/p>\n<h4>El mausoleo del emperador<\/h4>\n<p>[\/et_pb_text][et_pb_gallery gallery_ids=\u00bb874,875,876&#8243; fullwidth=\u00bbon\u00bb _builder_version=\u00bb4.27.4&#8243; _module_preset=\u00bbdefault\u00bb animation_style=\u00bbslide\u00bb animation_direction=\u00bbright\u00bb animation_delay=\u00bb250ms\u00bb auto=\u00bbon\u00bb auto_speed=\u00bb4000&#8243; global_colors_info=\u00bb{}\u00bb][\/et_pb_gallery][et_pb_text _builder_version=\u00bb4.27.4&#8243; _module_preset=\u00bbdefault\u00bb global_colors_info=\u00bb{}\u00bb]<\/p>\n<p>David Crespy hab\u00eda acertado. Se trata de un descubrimiento importante. Quiz\u00e1s sea el mausoleo del Inca Pachac\u00fatec, fundador de Machu Picchu&#8230; \u00a1pero sobre todo del Imperio Inca! El 5 de septiembre de 2012, las autoridades peruanas reconocieron oficialmente el descubrimiento realizado por Thierry Jamin y el Instituto Inkari. Pero el asunto se complica cuando Thierry y su equipo presentan un nuevo proyecto cuyo objetivo es abrir la famosa entrada. El responsable del Santuario de Machu Picchu, en connivencia con el director regional del Ministerio de Cultura (posteriormente destituido y procesado por malversaci\u00f3n), intenta por todos los medios impedir este nuevo proyecto. Entonces lanzan una brutal campa\u00f1a de pol\u00e9mica contra Thierry Jamin, en la que se emplean acusaciones, insultos y rumores falsos. Pronto llegan amenazas de muerte al domicilio del explorador franc\u00e9s. Se le tilda de \u00abfalso arque\u00f3logo\u00bb y se le acusa de querer \u00abdestruir Machu Picchu\u00bb.        <\/p>\n<p><em>Duraci\u00f3n: 1 h 14 min<\/em><\/p>\n<p>[\/et_pb_text][\/et_pb_column][\/et_pb_row][et_pb_row _builder_version=\u00bb4.27.4&#8243; _module_preset=\u00bbdefault\u00bb global_colors_info=\u00bb{}\u00bb][et_pb_column type=\u00bb4_4&#8243; _builder_version=\u00bb4.27.4&#8243; _module_preset=\u00bbdefault\u00bb global_colors_info=\u00bb{}\u00bb][et_pb_button button_url=\u00bbhttps:\/\/vimeo.com\/ondemand\/machupicchues\u00bb url_new_window=\u00bbon\u00bb button_text=\u00bbAlquilar o comprar en VOD\u00bb button_alignment=\u00bbcenter\u00bb _builder_version=\u00bb4.27.6&#8243; _module_preset=\u00bbdefault\u00bb animation_style=\u00bbslide\u00bb hover_enabled=\u00bb0&#8243; global_colors_info=\u00bb{}\u00bb sticky_enabled=\u00bb0&#8243;][\/et_pb_button][\/et_pb_column][\/et_pb_row][\/et_pb_section]<\/p>\n","protected":false},"excerpt":{"rendered":"<p>Los \u00faltimos secretos de Machu PicchuLos \u00faltimos secretos de Machu Picchu, documental de 2 x 1 h 15 min, narra la historia de un incre\u00edble descubrimiento realizado en el coraz\u00f3n de uno de los yacimientos arqueol\u00f3gicos m\u00e1s famosos del planeta. Detr\u00e1s de una puerta bloqueada por piedras, bajo uno de los edificios m\u00e1s importantes de [&hellip;]<\/p>\n","protected":false},"author":1,"featured_media":0,"parent":0,"menu_order":0,"comment_status":"closed","ping_status":"closed","template":"","meta":{"_et_pb_use_builder":"on","_et_pb_old_content":"","_et_gb_content_width":"","footnotes":""},"class_list":["post-877","page","type-page","status-publish","hentry"],"yoast_head":"<!-- This site is optimized with the Yoast SEO plugin v27.4 - https:\/\/yoast.com\/product\/yoast-seo-wordpress\/ -->\n<title>Los \u00faltimos secretos de Machu Picchu<\/title>\n<meta name=\"description\" content=\"\u00abLos \u00faltimos secretos de Machu Picchu\u00bb narra la historia de este incre\u00edble descubrimiento en un emblem\u00e1tico yacimiento arqueol\u00f3gico.\" \/>\n<meta name=\"robots\" content=\"index, follow, max-snippet:-1, max-image-preview:large, max-video-preview:-1\" \/>\n<link rel=\"canonical\" href=\"https:\/\/jungledoc.com\/es\/machu-picchu\/\" \/>\n<meta property=\"og:locale\" content=\"es_ES\" \/>\n<meta property=\"og:type\" content=\"article\" \/>\n<meta property=\"og:title\" content=\"Los \u00faltimos secretos de Machu Picchu\" \/>\n<meta property=\"og:description\" content=\"\u00abLos \u00faltimos secretos de Machu Picchu\u00bb narra la historia de este incre\u00edble descubrimiento en un emblem\u00e1tico yacimiento arqueol\u00f3gico.\" \/>\n<meta property=\"og:url\" content=\"https:\/\/jungledoc.com\/es\/machu-picchu\/\" \/>\n<meta property=\"og:site_name\" content=\"Jungle Doc Productions\" \/>\n<meta property=\"article:publisher\" content=\"https:\/\/www.facebook.com\/jungledocprod\/\" \/>\n<meta property=\"article:modified_time\" content=\"2026-04-17T04:21:05+00:00\" \/>\n<meta property=\"og:image\" content=\"https:\/\/jungledoc.com\/wp-content\/uploads\/2025\/09\/MAPI-Vertical-FR-225x300.jpg\" \/>\n<meta name=\"twitter:card\" content=\"summary_large_image\" \/>\n<meta name=\"twitter:title\" content=\"Los \u00faltimos secretos de Machu Picchu\" \/>\n<meta name=\"twitter:description\" content=\"\u00abLos \u00faltimos secretos de Machu Picchu\u00bb narra la historia de este incre\u00edble descubrimiento en un emblem\u00e1tico yacimiento arqueol\u00f3gico.\" \/>\n<meta name=\"twitter:image\" content=\"https:\/\/jungledoc.com\/wp-content\/uploads\/2025\/09\/MAPI-Vertical-FR.jpg\" \/>\n<meta name=\"twitter:label1\" content=\"Tiempo de lectura\" \/>\n\t<meta name=\"twitter:data1\" content=\"5 minutos\" \/>\n<script type=\"application\/ld+json\" class=\"yoast-schema-graph\">{\"@context\":\"https:\\\/\\\/schema.org\",\"@graph\":[{\"@type\":\"WebPage\",\"@id\":\"https:\\\/\\\/jungledoc.com\\\/es\\\/machu-picchu\\\/\",\"url\":\"https:\\\/\\\/jungledoc.com\\\/es\\\/machu-picchu\\\/\",\"name\":\"Los \u00faltimos secretos de Machu Picchu\",\"isPartOf\":{\"@id\":\"https:\\\/\\\/jungledoc.com\\\/es\\\/#website\"},\"datePublished\":\"2025-09-07T04:40:05+00:00\",\"dateModified\":\"2026-04-17T04:21:05+00:00\",\"description\":\"\u00abLos \u00faltimos secretos de Machu Picchu\u00bb narra la historia de este incre\u00edble descubrimiento en un emblem\u00e1tico yacimiento arqueol\u00f3gico.\",\"breadcrumb\":{\"@id\":\"https:\\\/\\\/jungledoc.com\\\/es\\\/machu-picchu\\\/#breadcrumb\"},\"inLanguage\":\"es\",\"potentialAction\":[{\"@type\":\"ReadAction\",\"target\":[\"https:\\\/\\\/jungledoc.com\\\/es\\\/machu-picchu\\\/\"]}]},{\"@type\":\"BreadcrumbList\",\"@id\":\"https:\\\/\\\/jungledoc.com\\\/es\\\/machu-picchu\\\/#breadcrumb\",\"itemListElement\":[{\"@type\":\"ListItem\",\"position\":1,\"name\":\"Accueil\",\"item\":\"https:\\\/\\\/jungledoc.com\\\/es\\\/\"},{\"@type\":\"ListItem\",\"position\":2,\"name\":\"Machu Picchu\"}]},{\"@type\":\"WebSite\",\"@id\":\"https:\\\/\\\/jungledoc.com\\\/es\\\/#website\",\"url\":\"https:\\\/\\\/jungledoc.com\\\/es\\\/\",\"name\":\"Jungle Doc Productions\",\"description\":\"\",\"publisher\":{\"@id\":\"https:\\\/\\\/jungledoc.com\\\/es\\\/#organization\"},\"potentialAction\":[{\"@type\":\"SearchAction\",\"target\":{\"@type\":\"EntryPoint\",\"urlTemplate\":\"https:\\\/\\\/jungledoc.com\\\/es\\\/?s={search_term_string}\"},\"query-input\":{\"@type\":\"PropertyValueSpecification\",\"valueRequired\":true,\"valueName\":\"search_term_string\"}}],\"inLanguage\":\"es\"},{\"@type\":\"Organization\",\"@id\":\"https:\\\/\\\/jungledoc.com\\\/es\\\/#organization\",\"name\":\"Jungle Doc Productions\",\"url\":\"https:\\\/\\\/jungledoc.com\\\/es\\\/\",\"logo\":{\"@type\":\"ImageObject\",\"inLanguage\":\"es\",\"@id\":\"https:\\\/\\\/jungledoc.com\\\/es\\\/#\\\/schema\\\/logo\\\/image\\\/\",\"url\":\"https:\\\/\\\/jungledoc.com\\\/wp-content\\\/uploads\\\/2025\\\/09\\\/logo_jungle_doc-200px.png\",\"contentUrl\":\"https:\\\/\\\/jungledoc.com\\\/wp-content\\\/uploads\\\/2025\\\/09\\\/logo_jungle_doc-200px.png\",\"width\":200,\"height\":99,\"caption\":\"Jungle Doc Productions\"},\"image\":{\"@id\":\"https:\\\/\\\/jungledoc.com\\\/es\\\/#\\\/schema\\\/logo\\\/image\\\/\"},\"sameAs\":[\"https:\\\/\\\/www.facebook.com\\\/jungledocprod\\\/\"]}]}<\/script>\n<!-- \/ Yoast SEO plugin. -->","yoast_head_json":{"title":"Los \u00faltimos secretos de Machu Picchu","description":"\u00abLos \u00faltimos secretos de Machu Picchu\u00bb narra la historia de este incre\u00edble descubrimiento en un emblem\u00e1tico yacimiento arqueol\u00f3gico.","robots":{"index":"index","follow":"follow","max-snippet":"max-snippet:-1","max-image-preview":"max-image-preview:large","max-video-preview":"max-video-preview:-1"},"canonical":"https:\/\/jungledoc.com\/es\/machu-picchu\/","og_locale":"es_ES","og_type":"article","og_title":"Los \u00faltimos secretos de Machu Picchu","og_description":"\u00abLos \u00faltimos secretos de Machu Picchu\u00bb narra la historia de este incre\u00edble descubrimiento en un emblem\u00e1tico yacimiento arqueol\u00f3gico.","og_url":"https:\/\/jungledoc.com\/es\/machu-picchu\/","og_site_name":"Jungle Doc Productions","article_publisher":"https:\/\/www.facebook.com\/jungledocprod\/","article_modified_time":"2026-04-17T04:21:05+00:00","og_image":[{"url":"https:\/\/jungledoc.com\/wp-content\/uploads\/2025\/09\/MAPI-Vertical-FR-225x300.jpg","type":"","width":"","height":""}],"twitter_card":"summary_large_image","twitter_title":"Los \u00faltimos secretos de Machu Picchu","twitter_description":"\u00abLos \u00faltimos secretos de Machu Picchu\u00bb narra la historia de este incre\u00edble descubrimiento en un emblem\u00e1tico yacimiento arqueol\u00f3gico.","twitter_image":"https:\/\/jungledoc.com\/wp-content\/uploads\/2025\/09\/MAPI-Vertical-FR.jpg","twitter_misc":{"Tiempo de lectura":"5 minutos"},"schema":{"@context":"https:\/\/schema.org","@graph":[{"@type":"WebPage","@id":"https:\/\/jungledoc.com\/es\/machu-picchu\/","url":"https:\/\/jungledoc.com\/es\/machu-picchu\/","name":"Los \u00faltimos secretos de Machu Picchu","isPartOf":{"@id":"https:\/\/jungledoc.com\/es\/#website"},"datePublished":"2025-09-07T04:40:05+00:00","dateModified":"2026-04-17T04:21:05+00:00","description":"\u00abLos \u00faltimos secretos de Machu Picchu\u00bb narra la historia de este incre\u00edble descubrimiento en un emblem\u00e1tico yacimiento arqueol\u00f3gico.","breadcrumb":{"@id":"https:\/\/jungledoc.com\/es\/machu-picchu\/#breadcrumb"},"inLanguage":"es","potentialAction":[{"@type":"ReadAction","target":["https:\/\/jungledoc.com\/es\/machu-picchu\/"]}]},{"@type":"BreadcrumbList","@id":"https:\/\/jungledoc.com\/es\/machu-picchu\/#breadcrumb","itemListElement":[{"@type":"ListItem","position":1,"name":"Accueil","item":"https:\/\/jungledoc.com\/es\/"},{"@type":"ListItem","position":2,"name":"Machu Picchu"}]},{"@type":"WebSite","@id":"https:\/\/jungledoc.com\/es\/#website","url":"https:\/\/jungledoc.com\/es\/","name":"Jungle Doc Productions","description":"","publisher":{"@id":"https:\/\/jungledoc.com\/es\/#organization"},"potentialAction":[{"@type":"SearchAction","target":{"@type":"EntryPoint","urlTemplate":"https:\/\/jungledoc.com\/es\/?s={search_term_string}"},"query-input":{"@type":"PropertyValueSpecification","valueRequired":true,"valueName":"search_term_string"}}],"inLanguage":"es"},{"@type":"Organization","@id":"https:\/\/jungledoc.com\/es\/#organization","name":"Jungle Doc Productions","url":"https:\/\/jungledoc.com\/es\/","logo":{"@type":"ImageObject","inLanguage":"es","@id":"https:\/\/jungledoc.com\/es\/#\/schema\/logo\/image\/","url":"https:\/\/jungledoc.com\/wp-content\/uploads\/2025\/09\/logo_jungle_doc-200px.png","contentUrl":"https:\/\/jungledoc.com\/wp-content\/uploads\/2025\/09\/logo_jungle_doc-200px.png","width":200,"height":99,"caption":"Jungle Doc Productions"},"image":{"@id":"https:\/\/jungledoc.com\/es\/#\/schema\/logo\/image\/"},"sameAs":["https:\/\/www.facebook.com\/jungledocprod\/"]}]}},"_links":{"self":[{"href":"https:\/\/jungledoc.com\/es\/wp-json\/wp\/v2\/pages\/877","targetHints":{"allow":["GET"]}}],"collection":[{"href":"https:\/\/jungledoc.com\/es\/wp-json\/wp\/v2\/pages"}],"about":[{"href":"https:\/\/jungledoc.com\/es\/wp-json\/wp\/v2\/types\/page"}],"author":[{"embeddable":true,"href":"https:\/\/jungledoc.com\/es\/wp-json\/wp\/v2\/users\/1"}],"replies":[{"embeddable":true,"href":"https:\/\/jungledoc.com\/es\/wp-json\/wp\/v2\/comments?post=877"}],"version-history":[{"count":1,"href":"https:\/\/jungledoc.com\/es\/wp-json\/wp\/v2\/pages\/877\/revisions"}],"predecessor-version":[{"id":2331,"href":"https:\/\/jungledoc.com\/es\/wp-json\/wp\/v2\/pages\/877\/revisions\/2331"}],"wp:attachment":[{"href":"https:\/\/jungledoc.com\/es\/wp-json\/wp\/v2\/media?parent=877"}],"curies":[{"name":"wp","href":"https:\/\/api.w.org\/{rel}","templated":true}]}}