{"id":952,"date":"2025-09-08T10:06:46","date_gmt":"2025-09-08T08:06:46","guid":{"rendered":"https:\/\/jungledoc.com\/aviso-legal\/"},"modified":"2026-01-12T08:22:01","modified_gmt":"2026-01-12T07:22:01","slug":"aviso-legal","status":"publish","type":"page","link":"https:\/\/jungledoc.com\/es\/aviso-legal\/","title":{"rendered":"Aviso legal"},"content":{"rendered":"<p>[et_pb_section fb_built=\u00bb1&#8243; _builder_version=\u00bb4.27.4&#8243; _module_preset=\u00bbdefault\u00bb background_color=\u00bb#000000&#8243; custom_padding=\u00bb||2px|||\u00bb global_colors_info=\u00bb{}\u00bb][et_pb_row _builder_version=\u00bb4.27.4&#8243; _module_preset=\u00bbdefault\u00bb global_colors_info=\u00bb{}\u00bb][et_pb_column type=\u00bb4_4&#8243; _builder_version=\u00bb4.27.4&#8243; _module_preset=\u00bbdefault\u00bb global_colors_info=\u00bb{}\u00bb][et_pb_text _builder_version=\u00bb4.27.4&#8243; _module_preset=\u00bbdefault\u00bb global_colors_info=\u00bb{}\u00bb]<\/p>\n<h1>Aviso legal<\/h1>\n<p>Usted tiene derecho a acceder, modificar, rectificar y eliminar los datos que le conciernen (art. 34 de la ley \u00abInform\u00e1tica y Libertades\u00bb). Para ejercerlo, dir\u00edjase a JUNGLE DOC PRODUCTIONS, 28C rue Joseph d&#8217;Olivier, 31600 MURET, o env\u00edenos un mensaje a trav\u00e9s de nuestro <a href=\"https:\/\/jungledoc.com\/es\/contacto\/\">formulario de contacto<\/a>.<\/p>\n<p>JUNGLE DOC PRODUCTIONS, 28C rue Joseph d\u2019Olivier \u2013 31600 MURET &#8211; FRANCIA<\/p>\n<p>Tel\u00e9fono: +33 (0)7 70 90 95 55<br \/>SARL con un capital de 1200 \u20ac<br \/>SIRET: 518 272 273 00013\/ APE: 5911A<br \/>IVA intracomunitario: FR4851827227300013<\/p>\n<p>Gerente: Alain BONNET.<\/p>\n<p>Alojado por:<br \/>SGO Informatique, 7 route de Pin-Balma, 31130 BALMA (Francia)<br \/>Tel\u00e9fono: +33 5 34 61 61 45<\/p>\n<h2>Propiedad intelectual<\/h2>\n<p>El contenido multimedia de este sitio web es propiedad exclusiva de Jungle Doc Productions. Para cualquier uso de este contenido, se debe solicitar autorizaci\u00f3n a trav\u00e9s del <a href=\"https:\/\/jungledoc.com\/es\/contacto\/\">formulario de contacto<\/a> o por correo postal a la siguiente direcci\u00f3n:<br \/>Jungle Doc Productions, 28C rue Joseph d\u2019Olivier \u2013 31600 MURET \u2013 FRANCIA.<\/p>\n<p>La informaci\u00f3n, los logotipos y pictogramas, las fotograf\u00edas e im\u00e1genes, los textos, las secuencias de v\u00eddeo, las animaciones y dem\u00e1s documentos presentes en este sitio web est\u00e1n protegidos por derechos de propiedad intelectual. (Art\u00edculo L 122-4 del C\u00f3digo de la Propiedad Intelectual: \u00abToda representaci\u00f3n o reproducci\u00f3n total o parcial realizada sin el consentimiento del autor o de sus derechohabientes o sucesores es il\u00edcita. Lo mismo se aplica a la traducci\u00f3n, adaptaci\u00f3n o transformaci\u00f3n, arreglo o reproducci\u00f3n por cualquier arte o procedimiento\u00bb).<\/p>\n<p>Cualquier copia il\u00edcita del sitio web o de su contenido podr\u00e1 ser objeto de acciones legales por infracci\u00f3n, sancionadas por los art\u00edculos L 335-2 y siguientes del C\u00f3digo de la Propiedad Intelectual.<\/p>\n<h2>Enlaces al sitio web de Jungle Doc Productions<\/h2>\n<p>Jungle Doc Productions autoriza a cualquier sitio web o medio a establecer un enlace hipertextual hacia su contenido, con excepci\u00f3n de aquellos que difundan contenidos de car\u00e1cter pol\u00e9mico, pornogr\u00e1fico, xen\u00f3fobo, contrario a la decencia o a las buenas costumbres.<\/p>\n<p>Sin embargo, se debe respetar la integridad de la p\u00e1gina enlazada y no se debe realizar ninguna incrustaci\u00f3n en otro sitio web. El enlace debe indicar claramente la naturaleza de los contenidos, as\u00ed como la direcci\u00f3n exacta de la p\u00e1gina.<\/p>\n<p>Queda prohibido cualquier uso con fines comerciales y publicitarios de los enlaces al sitio web de Jungle Doc Productions.<\/p>\n<p>[\/et_pb_text][\/et_pb_column][\/et_pb_row][\/et_pb_section]<\/p>\n","protected":false},"excerpt":{"rendered":"<p>Aviso legal Usted tiene derecho a acceder, modificar, rectificar y eliminar los datos que le conciernen (art. 34 de la ley \u00abInform\u00e1tica y Libertades\u00bb). Para ejercerlo, dir\u00edjase a JUNGLE DOC PRODUCTIONS, 28C rue Joseph d&#8217;Olivier, 31600 MURET, o env\u00edenos un mensaje a trav\u00e9s de nuestro formulario de contacto. JUNGLE DOC PRODUCTIONS, 28C rue Joseph d\u2019Olivier [&hellip;]<\/p>\n","protected":false},"author":1,"featured_media":0,"parent":0,"menu_order":0,"comment_status":"closed","ping_status":"closed","template":"","meta":{"_et_pb_use_builder":"on","_et_pb_old_content":"","_et_gb_content_width":"","footnotes":""},"class_list":["post-952","page","type-page","status-publish","hentry"],"yoast_head":"<!-- This site is optimized with the Yoast SEO plugin v27.3 - https:\/\/yoast.com\/product\/yoast-seo-wordpress\/ -->\n<title>Aviso legal - Jungle Doc Productions<\/title>\n<meta name=\"robots\" content=\"noindex, nofollow\" \/>\n<meta property=\"og:locale\" content=\"es_ES\" \/>\n<meta property=\"og:type\" content=\"article\" \/>\n<meta property=\"og:title\" content=\"Aviso legal - Jungle Doc Productions\" \/>\n<meta property=\"og:description\" content=\"Aviso legal Usted tiene derecho a acceder, modificar, rectificar y eliminar los datos que le conciernen (art. 34 de la ley \u00abInform\u00e1tica y Libertades\u00bb). Para ejercerlo, dir\u00edjase a JUNGLE DOC PRODUCTIONS, 28C rue Joseph d&#039;Olivier, 31600 MURET, o env\u00edenos un mensaje a trav\u00e9s de nuestro formulario de contacto. JUNGLE DOC PRODUCTIONS, 28C rue Joseph d\u2019Olivier [&hellip;]\" \/>\n<meta property=\"og:url\" content=\"https:\/\/jungledoc.com\/es\/aviso-legal\/\" \/>\n<meta property=\"og:site_name\" content=\"Jungle Doc Productions\" \/>\n<meta property=\"article:publisher\" content=\"https:\/\/www.facebook.com\/jungledocprod\/\" \/>\n<meta property=\"article:modified_time\" content=\"2026-01-12T07:22:01+00:00\" \/>\n<meta name=\"twitter:card\" content=\"summary_large_image\" \/>\n<meta name=\"twitter:label1\" content=\"Tiempo de lectura\" \/>\n\t<meta name=\"twitter:data1\" content=\"2 minutos\" \/>\n<script type=\"application\/ld+json\" class=\"yoast-schema-graph\">{\"@context\":\"https:\\\/\\\/schema.org\",\"@graph\":[{\"@type\":\"WebPage\",\"@id\":\"https:\\\/\\\/jungledoc.com\\\/es\\\/aviso-legal\\\/\",\"url\":\"https:\\\/\\\/jungledoc.com\\\/es\\\/aviso-legal\\\/\",\"name\":\"Aviso legal - Jungle Doc Productions\",\"isPartOf\":{\"@id\":\"https:\\\/\\\/jungledoc.com\\\/es\\\/#website\"},\"datePublished\":\"2025-09-08T08:06:46+00:00\",\"dateModified\":\"2026-01-12T07:22:01+00:00\",\"breadcrumb\":{\"@id\":\"https:\\\/\\\/jungledoc.com\\\/es\\\/aviso-legal\\\/#breadcrumb\"},\"inLanguage\":\"es\",\"potentialAction\":[{\"@type\":\"ReadAction\",\"target\":[\"https:\\\/\\\/jungledoc.com\\\/es\\\/aviso-legal\\\/\"]}]},{\"@type\":\"BreadcrumbList\",\"@id\":\"https:\\\/\\\/jungledoc.com\\\/es\\\/aviso-legal\\\/#breadcrumb\",\"itemListElement\":[{\"@type\":\"ListItem\",\"position\":1,\"name\":\"Accueil\",\"item\":\"https:\\\/\\\/jungledoc.com\\\/es\\\/portada\\\/\"},{\"@type\":\"ListItem\",\"position\":2,\"name\":\"Aviso legal\"}]},{\"@type\":\"WebSite\",\"@id\":\"https:\\\/\\\/jungledoc.com\\\/es\\\/#website\",\"url\":\"https:\\\/\\\/jungledoc.com\\\/es\\\/\",\"name\":\"Jungle Doc Productions\",\"description\":\"\",\"publisher\":{\"@id\":\"https:\\\/\\\/jungledoc.com\\\/es\\\/#organization\"},\"potentialAction\":[{\"@type\":\"SearchAction\",\"target\":{\"@type\":\"EntryPoint\",\"urlTemplate\":\"https:\\\/\\\/jungledoc.com\\\/es\\\/?s={search_term_string}\"},\"query-input\":{\"@type\":\"PropertyValueSpecification\",\"valueRequired\":true,\"valueName\":\"search_term_string\"}}],\"inLanguage\":\"es\"},{\"@type\":\"Organization\",\"@id\":\"https:\\\/\\\/jungledoc.com\\\/es\\\/#organization\",\"name\":\"Jungle Doc Productions\",\"url\":\"https:\\\/\\\/jungledoc.com\\\/es\\\/\",\"logo\":{\"@type\":\"ImageObject\",\"inLanguage\":\"es\",\"@id\":\"https:\\\/\\\/jungledoc.com\\\/es\\\/#\\\/schema\\\/logo\\\/image\\\/\",\"url\":\"https:\\\/\\\/jungledoc.com\\\/wp-content\\\/uploads\\\/2025\\\/09\\\/logo_jungle_doc-200px.png\",\"contentUrl\":\"https:\\\/\\\/jungledoc.com\\\/wp-content\\\/uploads\\\/2025\\\/09\\\/logo_jungle_doc-200px.png\",\"width\":200,\"height\":99,\"caption\":\"Jungle Doc Productions\"},\"image\":{\"@id\":\"https:\\\/\\\/jungledoc.com\\\/es\\\/#\\\/schema\\\/logo\\\/image\\\/\"},\"sameAs\":[\"https:\\\/\\\/www.facebook.com\\\/jungledocprod\\\/\"]}]}<\/script>\n<!-- \/ Yoast SEO plugin. -->","yoast_head_json":{"title":"Aviso legal - Jungle Doc Productions","robots":{"index":"noindex","follow":"nofollow"},"og_locale":"es_ES","og_type":"article","og_title":"Aviso legal - Jungle Doc Productions","og_description":"Aviso legal Usted tiene derecho a acceder, modificar, rectificar y eliminar los datos que le conciernen (art. 34 de la ley \u00abInform\u00e1tica y Libertades\u00bb). Para ejercerlo, dir\u00edjase a JUNGLE DOC PRODUCTIONS, 28C rue Joseph d'Olivier, 31600 MURET, o env\u00edenos un mensaje a trav\u00e9s de nuestro formulario de contacto. JUNGLE DOC PRODUCTIONS, 28C rue Joseph d\u2019Olivier [&hellip;]","og_url":"https:\/\/jungledoc.com\/es\/aviso-legal\/","og_site_name":"Jungle Doc Productions","article_publisher":"https:\/\/www.facebook.com\/jungledocprod\/","article_modified_time":"2026-01-12T07:22:01+00:00","twitter_card":"summary_large_image","twitter_misc":{"Tiempo de lectura":"2 minutos"},"schema":{"@context":"https:\/\/schema.org","@graph":[{"@type":"WebPage","@id":"https:\/\/jungledoc.com\/es\/aviso-legal\/","url":"https:\/\/jungledoc.com\/es\/aviso-legal\/","name":"Aviso legal - Jungle Doc Productions","isPartOf":{"@id":"https:\/\/jungledoc.com\/es\/#website"},"datePublished":"2025-09-08T08:06:46+00:00","dateModified":"2026-01-12T07:22:01+00:00","breadcrumb":{"@id":"https:\/\/jungledoc.com\/es\/aviso-legal\/#breadcrumb"},"inLanguage":"es","potentialAction":[{"@type":"ReadAction","target":["https:\/\/jungledoc.com\/es\/aviso-legal\/"]}]},{"@type":"BreadcrumbList","@id":"https:\/\/jungledoc.com\/es\/aviso-legal\/#breadcrumb","itemListElement":[{"@type":"ListItem","position":1,"name":"Accueil","item":"https:\/\/jungledoc.com\/es\/portada\/"},{"@type":"ListItem","position":2,"name":"Aviso legal"}]},{"@type":"WebSite","@id":"https:\/\/jungledoc.com\/es\/#website","url":"https:\/\/jungledoc.com\/es\/","name":"Jungle Doc Productions","description":"","publisher":{"@id":"https:\/\/jungledoc.com\/es\/#organization"},"potentialAction":[{"@type":"SearchAction","target":{"@type":"EntryPoint","urlTemplate":"https:\/\/jungledoc.com\/es\/?s={search_term_string}"},"query-input":{"@type":"PropertyValueSpecification","valueRequired":true,"valueName":"search_term_string"}}],"inLanguage":"es"},{"@type":"Organization","@id":"https:\/\/jungledoc.com\/es\/#organization","name":"Jungle Doc Productions","url":"https:\/\/jungledoc.com\/es\/","logo":{"@type":"ImageObject","inLanguage":"es","@id":"https:\/\/jungledoc.com\/es\/#\/schema\/logo\/image\/","url":"https:\/\/jungledoc.com\/wp-content\/uploads\/2025\/09\/logo_jungle_doc-200px.png","contentUrl":"https:\/\/jungledoc.com\/wp-content\/uploads\/2025\/09\/logo_jungle_doc-200px.png","width":200,"height":99,"caption":"Jungle Doc Productions"},"image":{"@id":"https:\/\/jungledoc.com\/es\/#\/schema\/logo\/image\/"},"sameAs":["https:\/\/www.facebook.com\/jungledocprod\/"]}]}},"_links":{"self":[{"href":"https:\/\/jungledoc.com\/es\/wp-json\/wp\/v2\/pages\/952","targetHints":{"allow":["GET"]}}],"collection":[{"href":"https:\/\/jungledoc.com\/es\/wp-json\/wp\/v2\/pages"}],"about":[{"href":"https:\/\/jungledoc.com\/es\/wp-json\/wp\/v2\/types\/page"}],"author":[{"embeddable":true,"href":"https:\/\/jungledoc.com\/es\/wp-json\/wp\/v2\/users\/1"}],"replies":[{"embeddable":true,"href":"https:\/\/jungledoc.com\/es\/wp-json\/wp\/v2\/comments?post=952"}],"version-history":[{"count":0,"href":"https:\/\/jungledoc.com\/es\/wp-json\/wp\/v2\/pages\/952\/revisions"}],"wp:attachment":[{"href":"https:\/\/jungledoc.com\/es\/wp-json\/wp\/v2\/media?parent=952"}],"curies":[{"name":"wp","href":"https:\/\/api.w.org\/{rel}","templated":true}]}}