{"id":959,"date":"2025-09-08T10:50:06","date_gmt":"2025-09-08T08:50:06","guid":{"rendered":"https:\/\/jungledoc.com\/politica-de-cookies-ue\/"},"modified":"2025-09-09T18:24:25","modified_gmt":"2025-09-09T16:24:25","slug":"politica-de-cookies-ue","status":"publish","type":"page","link":"https:\/\/jungledoc.com\/es\/politica-de-cookies-ue\/","title":{"rendered":"Pol\u00edtica de cookies (UE)"},"content":{"rendered":"<p>[et_pb_section fb_built=\u00bb1&#8243; _builder_version=\u00bb4.27.4&#8243; _module_preset=\u00bbdefault\u00bb background_color=\u00bb#000000&#8243; global_colors_info=\u00bb{}\u00bb custom_padding=\u00bb||2px|||\u00bb][et_pb_row _builder_version=\u00bb4.27.4&#8243; _module_preset=\u00bbdefault\u00bb global_colors_info=\u00bb{}\u00bb][et_pb_column type=\u00bb4_4&#8243; _builder_version=\u00bb4.27.4&#8243; _module_preset=\u00bbdefault\u00bb global_colors_info=\u00bb{}\u00bb][et_pb_text _builder_version=\u00bb4.27.4&#8243; _module_preset=\u00bbdefault\u00bb hover_enabled=\u00bb0&#8243; global_colors_info=\u00bb{}\u00bb sticky_enabled=\u00bb0&#8243;]<\/p>\n<h1>Pol\u00edtica de cookies<\/h1>\n<p>[cmplz-document type=\u00bbcookie-statement\u00bb region=\u00bbeu\u00bb]<\/p>\n<p>[\/et_pb_text][\/et_pb_column][\/et_pb_row][\/et_pb_section][et_pb_section fb_built=\u00bb1&#8243; _builder_version=\u00bb4.27.4&#8243; _module_preset=\u00bbdefault\u00bb background_color=\u00bb#2d2d2d\u00bb custom_padding=\u00bb6px||4px|||\u00bb saved_tabs=\u00bball\u00bb global_colors_info=\u00bb{}\u00bb global_module=\u00bb74&#8243; theme_builder_area=\u00bbpost_content\u00bb][et_pb_row column_structure=\u00bb1_4,1_4,1_2&#8243; _builder_version=\u00bb4.27.4&#8243; _module_preset=\u00bbdefault\u00bb global_colors_info=\u00bb{}\u00bb theme_builder_area=\u00bbpost_content\u00bb][et_pb_column type=\u00bb1_4&#8243; _builder_version=\u00bb4.27.4&#8243; _module_preset=\u00bbdefault\u00bb global_colors_info=\u00bb{}\u00bb theme_builder_area=\u00bbpost_content\u00bb][et_pb_text _builder_version=\u00bb4.27.4&#8243; _module_preset=\u00bbdefault\u00bb global_colors_info=\u00bb{}\u00bb theme_builder_area=\u00bbpost_content\u00bb]<\/p>\n<h3>Nuestros socios<\/h3>\n<p>[\/et_pb_text][et_pb_image src=\u00bbhttps:\/\/jungledoc.com\/wp-content\/uploads\/2025\/09\/logo-square-white-Nurea-1.png\u00bb alt=\u00bbNurea TV\u00bb title_text=\u00bbNurea TV\u00bb url=\u00bbhttps:\/\/nurea.tv\/\u00bb url_new_window=\u00bbon\u00bb align=\u00bbcenter\u00bb _builder_version=\u00bb4.27.4&#8243; _module_preset=\u00bbdefault\u00bb animation_style=\u00bbslide\u00bb global_colors_info=\u00bb{}\u00bb theme_builder_area=\u00bbpost_content\u00bb][\/et_pb_image][\/et_pb_column][et_pb_column type=\u00bb1_4&#8243; _builder_version=\u00bb4.27.4&#8243; _module_preset=\u00bbdefault\u00bb global_colors_info=\u00bb{}\u00bb theme_builder_area=\u00bbpost_content\u00bb][et_pb_text _builder_version=\u00bb4.27.4&#8243; _module_preset=\u00bbdefault\u00bb header_3_text_color=\u00bbrgba(0,0,0,0.85)\u00bb global_colors_info=\u00bb{}\u00bb theme_builder_area=\u00bbpost_content\u00bb]&nbsp;[\/et_pb_text][et_pb_image src=\u00bbhttps:\/\/jungledoc.com\/wp-content\/uploads\/2025\/09\/Ikaris-titre-et-logo-ailes-1.png\u00bb alt=\u00bbRevista Ikaris\u00bb title_text=\u00bbRevista Ikaris\u00bb url=\u00bbhttps:\/\/www.ikaris.fr\/fr\/\u00bb url_new_window=\u00bbon\u00bb align=\u00bbcenter\u00bb _builder_version=\u00bb4.27.4&#8243; _module_preset=\u00bbdefault\u00bb animation_style=\u00bbslide\u00bb animation_delay=\u00bb250ms\u00bb global_colors_info=\u00bb{}\u00bb theme_builder_area=\u00bbpost_content\u00bb][\/et_pb_image][\/et_pb_column][et_pb_column type=\u00bb1_2&#8243; _builder_version=\u00bb4.27.4&#8243; _module_preset=\u00bbdefault\u00bb global_colors_info=\u00bb{}\u00bb theme_builder_area=\u00bbpost_content\u00bb][et_pb_text _builder_version=\u00bb4.27.4&#8243; _module_preset=\u00bbdefault\u00bb global_colors_info=\u00bb{}\u00bb theme_builder_area=\u00bbpost_content\u00bb]<\/p>\n<h3>Cont\u00e1ctenos<\/h3>\n<p>Jungle Doc Productions en tu smartphone escaneando el c\u00f3digo QR que aparece a continuaci\u00f3n.<\/p>\n<p>[\/et_pb_text][et_pb_image src=\u00bbhttps:\/\/jungledoc.com\/wp-content\/uploads\/2025\/09\/QRCode-300&#215;300-1.png\u00bb title_text=\u00bbQRCode-300&#215;300-1&#8243; align=\u00bbcenter\u00bb _builder_version=\u00bb4.27.4&#8243; _module_preset=\u00bbdefault\u00bb width=\u00bb33%\u00bb animation_style=\u00bbslide\u00bb animation_direction=\u00bbright\u00bb animation_delay=\u00bb500ms\u00bb global_colors_info=\u00bb{}\u00bb theme_builder_area=\u00bbpost_content\u00bb][\/et_pb_image][et_pb_button button_url=\u00bbhttps:\/\/jungledoc.com\/es\/contacto\/\u00bb button_text=\u00bbEnv\u00edenos un mensaje\u00bb button_alignment=\u00bbcenter\u00bb _builder_version=\u00bb4.27.4&#8243; _module_preset=\u00bbdefault\u00bb animation_style=\u00bbslide\u00bb animation_direction=\u00bbright\u00bb animation_delay=\u00bb750ms\u00bb global_colors_info=\u00bb{}\u00bb theme_builder_area=\u00bbpost_content\u00bb][\/et_pb_button][\/et_pb_column][\/et_pb_row][\/et_pb_section]<\/p>\n","protected":false},"excerpt":{"rendered":"<p>Pol\u00edtica de cookies [cmplz-document type=\u00bbcookie-statement\u00bb region=\u00bbeu\u00bb]Nuestros socios&nbsp;Cont\u00e1ctenos Jungle Doc Productions en tu smartphone escaneando el c\u00f3digo QR que aparece a continuaci\u00f3n.<\/p>\n","protected":false},"author":1,"featured_media":0,"parent":0,"menu_order":0,"comment_status":"closed","ping_status":"closed","template":"","meta":{"_et_pb_use_builder":"on","_et_pb_old_content":"","_et_gb_content_width":"","footnotes":""},"class_list":["post-959","page","type-page","status-publish","hentry"],"yoast_head":"<!-- This site is optimized with the Yoast SEO plugin v27.3 - https:\/\/yoast.com\/product\/yoast-seo-wordpress\/ -->\n<title>Pol\u00edtica de cookies (UE) - Jungle Doc Productions<\/title>\n<meta name=\"robots\" content=\"noindex, nofollow\" \/>\n<meta property=\"og:locale\" content=\"es_ES\" \/>\n<meta property=\"og:type\" content=\"article\" \/>\n<meta property=\"og:title\" content=\"Pol\u00edtica de cookies (UE) - Jungle Doc Productions\" \/>\n<meta property=\"og:description\" content=\"Pol\u00edtica de cookies [cmplz-document type=&quot;cookie-statement&quot; region=&quot;eu&quot;]Nuestros socios&nbsp;Cont\u00e1ctenos Jungle Doc Productions en tu smartphone escaneando el c\u00f3digo QR que aparece a continuaci\u00f3n.\" \/>\n<meta property=\"og:url\" content=\"https:\/\/jungledoc.com\/es\/politica-de-cookies-ue\/\" \/>\n<meta property=\"og:site_name\" content=\"Jungle Doc Productions\" \/>\n<meta property=\"article:publisher\" content=\"https:\/\/www.facebook.com\/jungledocprod\/\" \/>\n<meta property=\"article:modified_time\" content=\"2025-09-09T16:24:25+00:00\" \/>\n<meta name=\"twitter:card\" content=\"summary_large_image\" \/>\n<meta name=\"twitter:label1\" content=\"Tiempo de lectura\" \/>\n\t<meta name=\"twitter:data1\" content=\"2 minutos\" \/>\n<script type=\"application\/ld+json\" class=\"yoast-schema-graph\">{\"@context\":\"https:\\\/\\\/schema.org\",\"@graph\":[{\"@type\":\"WebPage\",\"@id\":\"https:\\\/\\\/jungledoc.com\\\/es\\\/politica-de-cookies-ue\\\/\",\"url\":\"https:\\\/\\\/jungledoc.com\\\/es\\\/politica-de-cookies-ue\\\/\",\"name\":\"Pol\u00edtica de cookies (UE) - Jungle Doc Productions\",\"isPartOf\":{\"@id\":\"https:\\\/\\\/jungledoc.com\\\/es\\\/#website\"},\"datePublished\":\"2025-09-08T08:50:06+00:00\",\"dateModified\":\"2025-09-09T16:24:25+00:00\",\"breadcrumb\":{\"@id\":\"https:\\\/\\\/jungledoc.com\\\/es\\\/politica-de-cookies-ue\\\/#breadcrumb\"},\"inLanguage\":\"es\",\"potentialAction\":[{\"@type\":\"ReadAction\",\"target\":[\"https:\\\/\\\/jungledoc.com\\\/es\\\/politica-de-cookies-ue\\\/\"]}]},{\"@type\":\"BreadcrumbList\",\"@id\":\"https:\\\/\\\/jungledoc.com\\\/es\\\/politica-de-cookies-ue\\\/#breadcrumb\",\"itemListElement\":[{\"@type\":\"ListItem\",\"position\":1,\"name\":\"Accueil\",\"item\":\"https:\\\/\\\/jungledoc.com\\\/es\\\/portada\\\/\"},{\"@type\":\"ListItem\",\"position\":2,\"name\":\"Pol\u00edtica de cookies (UE)\"}]},{\"@type\":\"WebSite\",\"@id\":\"https:\\\/\\\/jungledoc.com\\\/es\\\/#website\",\"url\":\"https:\\\/\\\/jungledoc.com\\\/es\\\/\",\"name\":\"Jungle Doc Productions\",\"description\":\"\",\"publisher\":{\"@id\":\"https:\\\/\\\/jungledoc.com\\\/es\\\/#organization\"},\"potentialAction\":[{\"@type\":\"SearchAction\",\"target\":{\"@type\":\"EntryPoint\",\"urlTemplate\":\"https:\\\/\\\/jungledoc.com\\\/es\\\/?s={search_term_string}\"},\"query-input\":{\"@type\":\"PropertyValueSpecification\",\"valueRequired\":true,\"valueName\":\"search_term_string\"}}],\"inLanguage\":\"es\"},{\"@type\":\"Organization\",\"@id\":\"https:\\\/\\\/jungledoc.com\\\/es\\\/#organization\",\"name\":\"Jungle Doc Productions\",\"url\":\"https:\\\/\\\/jungledoc.com\\\/es\\\/\",\"logo\":{\"@type\":\"ImageObject\",\"inLanguage\":\"es\",\"@id\":\"https:\\\/\\\/jungledoc.com\\\/es\\\/#\\\/schema\\\/logo\\\/image\\\/\",\"url\":\"https:\\\/\\\/jungledoc.com\\\/wp-content\\\/uploads\\\/2025\\\/09\\\/logo_jungle_doc-200px.png\",\"contentUrl\":\"https:\\\/\\\/jungledoc.com\\\/wp-content\\\/uploads\\\/2025\\\/09\\\/logo_jungle_doc-200px.png\",\"width\":200,\"height\":99,\"caption\":\"Jungle Doc Productions\"},\"image\":{\"@id\":\"https:\\\/\\\/jungledoc.com\\\/es\\\/#\\\/schema\\\/logo\\\/image\\\/\"},\"sameAs\":[\"https:\\\/\\\/www.facebook.com\\\/jungledocprod\\\/\"]}]}<\/script>\n<!-- \/ Yoast SEO plugin. -->","yoast_head_json":{"title":"Pol\u00edtica de cookies (UE) - Jungle Doc Productions","robots":{"index":"noindex","follow":"nofollow"},"og_locale":"es_ES","og_type":"article","og_title":"Pol\u00edtica de cookies (UE) - Jungle Doc Productions","og_description":"Pol\u00edtica de cookies [cmplz-document type=\"cookie-statement\" region=\"eu\"]Nuestros socios&nbsp;Cont\u00e1ctenos Jungle Doc Productions en tu smartphone escaneando el c\u00f3digo QR que aparece a continuaci\u00f3n.","og_url":"https:\/\/jungledoc.com\/es\/politica-de-cookies-ue\/","og_site_name":"Jungle Doc Productions","article_publisher":"https:\/\/www.facebook.com\/jungledocprod\/","article_modified_time":"2025-09-09T16:24:25+00:00","twitter_card":"summary_large_image","twitter_misc":{"Tiempo de lectura":"2 minutos"},"schema":{"@context":"https:\/\/schema.org","@graph":[{"@type":"WebPage","@id":"https:\/\/jungledoc.com\/es\/politica-de-cookies-ue\/","url":"https:\/\/jungledoc.com\/es\/politica-de-cookies-ue\/","name":"Pol\u00edtica de cookies (UE) - Jungle Doc Productions","isPartOf":{"@id":"https:\/\/jungledoc.com\/es\/#website"},"datePublished":"2025-09-08T08:50:06+00:00","dateModified":"2025-09-09T16:24:25+00:00","breadcrumb":{"@id":"https:\/\/jungledoc.com\/es\/politica-de-cookies-ue\/#breadcrumb"},"inLanguage":"es","potentialAction":[{"@type":"ReadAction","target":["https:\/\/jungledoc.com\/es\/politica-de-cookies-ue\/"]}]},{"@type":"BreadcrumbList","@id":"https:\/\/jungledoc.com\/es\/politica-de-cookies-ue\/#breadcrumb","itemListElement":[{"@type":"ListItem","position":1,"name":"Accueil","item":"https:\/\/jungledoc.com\/es\/portada\/"},{"@type":"ListItem","position":2,"name":"Pol\u00edtica de cookies (UE)"}]},{"@type":"WebSite","@id":"https:\/\/jungledoc.com\/es\/#website","url":"https:\/\/jungledoc.com\/es\/","name":"Jungle Doc Productions","description":"","publisher":{"@id":"https:\/\/jungledoc.com\/es\/#organization"},"potentialAction":[{"@type":"SearchAction","target":{"@type":"EntryPoint","urlTemplate":"https:\/\/jungledoc.com\/es\/?s={search_term_string}"},"query-input":{"@type":"PropertyValueSpecification","valueRequired":true,"valueName":"search_term_string"}}],"inLanguage":"es"},{"@type":"Organization","@id":"https:\/\/jungledoc.com\/es\/#organization","name":"Jungle Doc Productions","url":"https:\/\/jungledoc.com\/es\/","logo":{"@type":"ImageObject","inLanguage":"es","@id":"https:\/\/jungledoc.com\/es\/#\/schema\/logo\/image\/","url":"https:\/\/jungledoc.com\/wp-content\/uploads\/2025\/09\/logo_jungle_doc-200px.png","contentUrl":"https:\/\/jungledoc.com\/wp-content\/uploads\/2025\/09\/logo_jungle_doc-200px.png","width":200,"height":99,"caption":"Jungle Doc Productions"},"image":{"@id":"https:\/\/jungledoc.com\/es\/#\/schema\/logo\/image\/"},"sameAs":["https:\/\/www.facebook.com\/jungledocprod\/"]}]}},"_links":{"self":[{"href":"https:\/\/jungledoc.com\/es\/wp-json\/wp\/v2\/pages\/959","targetHints":{"allow":["GET"]}}],"collection":[{"href":"https:\/\/jungledoc.com\/es\/wp-json\/wp\/v2\/pages"}],"about":[{"href":"https:\/\/jungledoc.com\/es\/wp-json\/wp\/v2\/types\/page"}],"author":[{"embeddable":true,"href":"https:\/\/jungledoc.com\/es\/wp-json\/wp\/v2\/users\/1"}],"replies":[{"embeddable":true,"href":"https:\/\/jungledoc.com\/es\/wp-json\/wp\/v2\/comments?post=959"}],"version-history":[{"count":0,"href":"https:\/\/jungledoc.com\/es\/wp-json\/wp\/v2\/pages\/959\/revisions"}],"wp:attachment":[{"href":"https:\/\/jungledoc.com\/es\/wp-json\/wp\/v2\/media?parent=959"}],"curies":[{"name":"wp","href":"https:\/\/api.w.org\/{rel}","templated":true}]}}