{"id":966,"date":"2025-09-08T10:03:58","date_gmt":"2025-09-08T08:03:58","guid":{"rendered":"https:\/\/jungledoc.com\/politica-de-privacidad\/"},"modified":"2026-01-12T08:35:03","modified_gmt":"2026-01-12T07:35:03","slug":"politica-de-privacidad","status":"publish","type":"page","link":"https:\/\/jungledoc.com\/es\/politica-de-privacidad\/","title":{"rendered":"Pol\u00edtica de privacidad"},"content":{"rendered":"<p>[et_pb_section fb_built=\u00bb1&#8243; _builder_version=\u00bb4.27.4&#8243; _module_preset=\u00bbdefault\u00bb background_color=\u00bb#000000&#8243; custom_padding=\u00bb||0px|||\u00bb global_colors_info=\u00bb{}\u00bb][et_pb_row _builder_version=\u00bb4.27.4&#8243; _module_preset=\u00bbdefault\u00bb global_colors_info=\u00bb{}\u00bb][et_pb_column type=\u00bb4_4&#8243; _builder_version=\u00bb4.27.4&#8243; _module_preset=\u00bbdefault\u00bb global_colors_info=\u00bb{}\u00bb][et_pb_text _builder_version=\u00bb4.27.5&#8243; _module_preset=\u00bbdefault\u00bb global_colors_info=\u00bb{}\u00bb]<\/p>\n<h1>Pol\u00edtica de privacidad y cookies<\/h1>\n<p>&nbsp;<\/p>\n<h2>Datos personales recopilados<\/h2>\n<p>Los datos personales son recopilados por Jungle Doc Productions, SARL inscrita en el Registro Mercantil de Toulouse con el n\u00famero 518 272 273. La sede social se encuentra en: 28C rue Joseph d\u2019Olivier 31600 Muret. <\/p>\n<p>La seguridad y la confidencialidad son aspectos que se tienen en cuenta en el sitio web de Jungle Doc Productions. Se han implementado medidas t\u00e9cnicas y organizativas para respetar sus derechos en materia de protecci\u00f3n de datos personales. <\/p>\n<p>Se trata de datos personales (informaci\u00f3n que permite identificar a una persona f\u00edsica) utilizados en el marco de los servicios ofrecidos por este sitio web: uso del formulario de contacto, compra de productos en la tienda online de este sitio web.<\/p>\n<p>Al utilizar estos servicios o rellenar un formulario de contacto en este sitio web, usted acepta y consiente que Jungle Doc Productions recopile estos datos (tratamiento, apellidos, nombre, direcci\u00f3n de correo electr\u00f3nico, direcci\u00f3n postal, ciudad, pa\u00eds, tel\u00e9fono). Estos datos no ser\u00e1n objeto de ning\u00fan tratamiento y en ning\u00fan caso se ceder\u00e1n a terceros. Se utilizar\u00e1n exclusivamente dentro de Jungle Doc Productions en el marco del servicio ofrecido o para responder a sus solicitudes.  <\/p>\n<p>Usted conserva el derecho de rectificaci\u00f3n, el derecho al olvido y\/o el derecho a la supresi\u00f3n de sus datos personales. Para ello, dir\u00edjase a Jungle Doc Productions, 28C rue Joseph d&#8217;Olivier, 31600 MURET &#8211; FRANCIA, o env\u00edenos un mensaje a trav\u00e9s de nuestro <a href=\"https:\/\/jungledoc.com\/es\/contacto\/\" target=\"_blank\" rel=\"noopener\">formulario de contacto<\/a>. <\/p>\n<h2>Cookies<\/h2>\n<p>El sitio web de Jungle Doc Productions utiliza cookies para ofrecer un servicio \u00f3ptimo a los usuarios.<\/p>\n<p>Las cookies son archivos que se almacenan en el disco duro de su ordenador cuando navega por Internet y, en particular, por este sitio web. Las cookies no se utilizan para recopilar datos personales sin su conocimiento, sino que permiten almacenar informaci\u00f3n sobre su navegaci\u00f3n por este sitio web. Jungle Doc Productions podr\u00e1 leerlas durante sus pr\u00f3ximas visitas y consultas en este sitio web.   Entre ellos se pueden citar: la elecci\u00f3n del idioma, la cesta de la compra o incluso su cuenta de cliente.<\/p>\n<p>El sistema de medici\u00f3n de audiencia instalado en este sitio web no instala cookies en su ordenador. Todos los datos son an\u00f3nimos y se almacenan en nuestros servidores, ubicados en Francia. No se transfieren datos fuera de la Uni\u00f3n Europea.  <\/p>\n<p>Estas cookies no requieren su consentimiento previo. (Consulte el sitio web de la <a href=\"https:\/\/www.cnil.fr\/fr\/cookies-et-autres-traceurs\/que-dit-la-loi\" target=\"_blank\" rel=\"noopener\">CNIL<\/a>). <\/p>\n<h2>Conservaci\u00f3n y almacenamiento de datos<\/h2>\n<p>Los datos recopilados en este sitio web, principalmente a trav\u00e9s del formulario de contacto o al crear la cuenta de cliente, no son objeto de ning\u00fan tratamiento inform\u00e1tico. En otras palabras, no se crea ninguna base de datos a partir de los datos personales recopilados en este sitio web. Solo se conservan durante el tiempo que dura la tramitaci\u00f3n de la solicitud y\/o la relaci\u00f3n comercial establecida entre Jungle Doc Productions y usted.  <\/p>\n<p>Los datos se utilizan estrictamente en el marco de la solicitud: solicitud de informaci\u00f3n, solicitud tras un pedido, pedido de un producto.<\/p>\n<p>[\/et_pb_text][\/et_pb_column][\/et_pb_row][\/et_pb_section]<\/p>\n","protected":false},"excerpt":{"rendered":"<p>Pol\u00edtica de privacidad y cookies &nbsp; Datos personales recopilados Los datos personales son recopilados por Jungle Doc Productions, SARL inscrita en el Registro Mercantil de Toulouse con el n\u00famero 518 272 273. La sede social se encuentra en: 28C rue Joseph d\u2019Olivier 31600 Muret. La seguridad y la confidencialidad son aspectos que se tienen en [&hellip;]<\/p>\n","protected":false},"author":1,"featured_media":0,"parent":0,"menu_order":0,"comment_status":"closed","ping_status":"closed","template":"","meta":{"_et_pb_use_builder":"on","_et_pb_old_content":"","_et_gb_content_width":"","footnotes":""},"class_list":["post-966","page","type-page","status-publish","hentry"],"yoast_head":"<!-- This site is optimized with the Yoast SEO plugin v27.3 - https:\/\/yoast.com\/product\/yoast-seo-wordpress\/ -->\n<title>Pol\u00edtica de privacidad - Jungle Doc Productions<\/title>\n<meta name=\"robots\" content=\"noindex, nofollow\" \/>\n<meta property=\"og:locale\" content=\"es_ES\" \/>\n<meta property=\"og:type\" content=\"article\" \/>\n<meta property=\"og:title\" content=\"Pol\u00edtica de privacidad - Jungle Doc Productions\" \/>\n<meta property=\"og:description\" content=\"Pol\u00edtica de privacidad y cookies &nbsp; Datos personales recopilados Los datos personales son recopilados por Jungle Doc Productions, SARL inscrita en el Registro Mercantil de Toulouse con el n\u00famero 518 272 273. La sede social se encuentra en: 28C rue Joseph d\u2019Olivier 31600 Muret. La seguridad y la confidencialidad son aspectos que se tienen en [&hellip;]\" \/>\n<meta property=\"og:url\" content=\"https:\/\/jungledoc.com\/es\/politica-de-privacidad\/\" \/>\n<meta property=\"og:site_name\" content=\"Jungle Doc Productions\" \/>\n<meta property=\"article:publisher\" content=\"https:\/\/www.facebook.com\/jungledocprod\/\" \/>\n<meta property=\"article:modified_time\" content=\"2026-01-12T07:35:03+00:00\" \/>\n<meta name=\"twitter:card\" content=\"summary_large_image\" \/>\n<meta name=\"twitter:label1\" content=\"Tiempo de lectura\" \/>\n\t<meta name=\"twitter:data1\" content=\"3 minutos\" \/>\n<script type=\"application\/ld+json\" class=\"yoast-schema-graph\">{\"@context\":\"https:\\\/\\\/schema.org\",\"@graph\":[{\"@type\":\"WebPage\",\"@id\":\"https:\\\/\\\/jungledoc.com\\\/es\\\/politica-de-privacidad\\\/\",\"url\":\"https:\\\/\\\/jungledoc.com\\\/es\\\/politica-de-privacidad\\\/\",\"name\":\"Pol\u00edtica de privacidad - Jungle Doc Productions\",\"isPartOf\":{\"@id\":\"https:\\\/\\\/jungledoc.com\\\/es\\\/#website\"},\"datePublished\":\"2025-09-08T08:03:58+00:00\",\"dateModified\":\"2026-01-12T07:35:03+00:00\",\"breadcrumb\":{\"@id\":\"https:\\\/\\\/jungledoc.com\\\/es\\\/politica-de-privacidad\\\/#breadcrumb\"},\"inLanguage\":\"es\",\"potentialAction\":[{\"@type\":\"ReadAction\",\"target\":[\"https:\\\/\\\/jungledoc.com\\\/es\\\/politica-de-privacidad\\\/\"]}]},{\"@type\":\"BreadcrumbList\",\"@id\":\"https:\\\/\\\/jungledoc.com\\\/es\\\/politica-de-privacidad\\\/#breadcrumb\",\"itemListElement\":[{\"@type\":\"ListItem\",\"position\":1,\"name\":\"Accueil\",\"item\":\"https:\\\/\\\/jungledoc.com\\\/es\\\/portada\\\/\"},{\"@type\":\"ListItem\",\"position\":2,\"name\":\"Pol\u00edtica de privacidad\"}]},{\"@type\":\"WebSite\",\"@id\":\"https:\\\/\\\/jungledoc.com\\\/es\\\/#website\",\"url\":\"https:\\\/\\\/jungledoc.com\\\/es\\\/\",\"name\":\"Jungle Doc Productions\",\"description\":\"\",\"publisher\":{\"@id\":\"https:\\\/\\\/jungledoc.com\\\/es\\\/#organization\"},\"potentialAction\":[{\"@type\":\"SearchAction\",\"target\":{\"@type\":\"EntryPoint\",\"urlTemplate\":\"https:\\\/\\\/jungledoc.com\\\/es\\\/?s={search_term_string}\"},\"query-input\":{\"@type\":\"PropertyValueSpecification\",\"valueRequired\":true,\"valueName\":\"search_term_string\"}}],\"inLanguage\":\"es\"},{\"@type\":\"Organization\",\"@id\":\"https:\\\/\\\/jungledoc.com\\\/es\\\/#organization\",\"name\":\"Jungle Doc Productions\",\"url\":\"https:\\\/\\\/jungledoc.com\\\/es\\\/\",\"logo\":{\"@type\":\"ImageObject\",\"inLanguage\":\"es\",\"@id\":\"https:\\\/\\\/jungledoc.com\\\/es\\\/#\\\/schema\\\/logo\\\/image\\\/\",\"url\":\"https:\\\/\\\/jungledoc.com\\\/wp-content\\\/uploads\\\/2025\\\/09\\\/logo_jungle_doc-200px.png\",\"contentUrl\":\"https:\\\/\\\/jungledoc.com\\\/wp-content\\\/uploads\\\/2025\\\/09\\\/logo_jungle_doc-200px.png\",\"width\":200,\"height\":99,\"caption\":\"Jungle Doc Productions\"},\"image\":{\"@id\":\"https:\\\/\\\/jungledoc.com\\\/es\\\/#\\\/schema\\\/logo\\\/image\\\/\"},\"sameAs\":[\"https:\\\/\\\/www.facebook.com\\\/jungledocprod\\\/\"]}]}<\/script>\n<!-- \/ Yoast SEO plugin. -->","yoast_head_json":{"title":"Pol\u00edtica de privacidad - Jungle Doc Productions","robots":{"index":"noindex","follow":"nofollow"},"og_locale":"es_ES","og_type":"article","og_title":"Pol\u00edtica de privacidad - Jungle Doc Productions","og_description":"Pol\u00edtica de privacidad y cookies &nbsp; Datos personales recopilados Los datos personales son recopilados por Jungle Doc Productions, SARL inscrita en el Registro Mercantil de Toulouse con el n\u00famero 518 272 273. La sede social se encuentra en: 28C rue Joseph d\u2019Olivier 31600 Muret. La seguridad y la confidencialidad son aspectos que se tienen en [&hellip;]","og_url":"https:\/\/jungledoc.com\/es\/politica-de-privacidad\/","og_site_name":"Jungle Doc Productions","article_publisher":"https:\/\/www.facebook.com\/jungledocprod\/","article_modified_time":"2026-01-12T07:35:03+00:00","twitter_card":"summary_large_image","twitter_misc":{"Tiempo de lectura":"3 minutos"},"schema":{"@context":"https:\/\/schema.org","@graph":[{"@type":"WebPage","@id":"https:\/\/jungledoc.com\/es\/politica-de-privacidad\/","url":"https:\/\/jungledoc.com\/es\/politica-de-privacidad\/","name":"Pol\u00edtica de privacidad - Jungle Doc Productions","isPartOf":{"@id":"https:\/\/jungledoc.com\/es\/#website"},"datePublished":"2025-09-08T08:03:58+00:00","dateModified":"2026-01-12T07:35:03+00:00","breadcrumb":{"@id":"https:\/\/jungledoc.com\/es\/politica-de-privacidad\/#breadcrumb"},"inLanguage":"es","potentialAction":[{"@type":"ReadAction","target":["https:\/\/jungledoc.com\/es\/politica-de-privacidad\/"]}]},{"@type":"BreadcrumbList","@id":"https:\/\/jungledoc.com\/es\/politica-de-privacidad\/#breadcrumb","itemListElement":[{"@type":"ListItem","position":1,"name":"Accueil","item":"https:\/\/jungledoc.com\/es\/portada\/"},{"@type":"ListItem","position":2,"name":"Pol\u00edtica de privacidad"}]},{"@type":"WebSite","@id":"https:\/\/jungledoc.com\/es\/#website","url":"https:\/\/jungledoc.com\/es\/","name":"Jungle Doc Productions","description":"","publisher":{"@id":"https:\/\/jungledoc.com\/es\/#organization"},"potentialAction":[{"@type":"SearchAction","target":{"@type":"EntryPoint","urlTemplate":"https:\/\/jungledoc.com\/es\/?s={search_term_string}"},"query-input":{"@type":"PropertyValueSpecification","valueRequired":true,"valueName":"search_term_string"}}],"inLanguage":"es"},{"@type":"Organization","@id":"https:\/\/jungledoc.com\/es\/#organization","name":"Jungle Doc Productions","url":"https:\/\/jungledoc.com\/es\/","logo":{"@type":"ImageObject","inLanguage":"es","@id":"https:\/\/jungledoc.com\/es\/#\/schema\/logo\/image\/","url":"https:\/\/jungledoc.com\/wp-content\/uploads\/2025\/09\/logo_jungle_doc-200px.png","contentUrl":"https:\/\/jungledoc.com\/wp-content\/uploads\/2025\/09\/logo_jungle_doc-200px.png","width":200,"height":99,"caption":"Jungle Doc Productions"},"image":{"@id":"https:\/\/jungledoc.com\/es\/#\/schema\/logo\/image\/"},"sameAs":["https:\/\/www.facebook.com\/jungledocprod\/"]}]}},"_links":{"self":[{"href":"https:\/\/jungledoc.com\/es\/wp-json\/wp\/v2\/pages\/966","targetHints":{"allow":["GET"]}}],"collection":[{"href":"https:\/\/jungledoc.com\/es\/wp-json\/wp\/v2\/pages"}],"about":[{"href":"https:\/\/jungledoc.com\/es\/wp-json\/wp\/v2\/types\/page"}],"author":[{"embeddable":true,"href":"https:\/\/jungledoc.com\/es\/wp-json\/wp\/v2\/users\/1"}],"replies":[{"embeddable":true,"href":"https:\/\/jungledoc.com\/es\/wp-json\/wp\/v2\/comments?post=966"}],"version-history":[{"count":0,"href":"https:\/\/jungledoc.com\/es\/wp-json\/wp\/v2\/pages\/966\/revisions"}],"wp:attachment":[{"href":"https:\/\/jungledoc.com\/es\/wp-json\/wp\/v2\/media?parent=966"}],"curies":[{"name":"wp","href":"https:\/\/api.w.org\/{rel}","templated":true}]}}