{"id":2220,"date":"2026-02-16T09:11:18","date_gmt":"2026-02-16T08:11:18","guid":{"rendered":"https:\/\/jungledoc.com\/produit\/tridactyls-la-verdad-frente-a-nosotros-2\/"},"modified":"2026-04-03T14:36:56","modified_gmt":"2026-04-03T12:36:56","slug":"tridactyls-la-verdad-frente-a-nosotros-2","status":"publish","type":"product","link":"https:\/\/jungledoc.com\/es\/produit\/tridactyls-la-verdad-frente-a-nosotros-2\/","title":{"rendered":"TRIDACTYLS \u2013 La verdad frente a nosotros"},"content":{"rendered":"<p>[et_pb_section fb_built=\u00bb1&#8243; _builder_version=\u00bb4.27.5&#8243; background_color=\u00bb#000000&#8243; custom_padding=\u00bb0px||||false|false\u00bb global_colors_info=\u00bb{}\u00bb][et_pb_row disabled_on=\u00bbon|on|on\u00bb _builder_version=\u00bb4.16&#8243; background_size=\u00bbinitial\u00bb background_position=\u00bbtop_left\u00bb background_repeat=\u00bbrepeat\u00bb width=\u00bb100%\u00bb custom_padding=\u00bb0px||0px||false|false\u00bb disabled=\u00bbon\u00bb global_colors_info=\u00bb{}\u00bb][et_pb_column type=\u00bb4_4&#8243; _builder_version=\u00bb4.16&#8243; custom_padding=\u00bb|||\u00bb global_colors_info=\u00bb{}\u00bb custom_padding__hover=\u00bb|||\u00bb][et_pb_wc_breadcrumb _builder_version=\u00bb4.16&#8243; global_colors_info=\u00bb{}\u00bb][\/et_pb_wc_breadcrumb][et_pb_wc_cart_notice _builder_version=\u00bb4.16&#8243; global_colors_info=\u00bb{}\u00bb][\/et_pb_wc_cart_notice][\/et_pb_column][\/et_pb_row][et_pb_row column_structure=\u00bb1_2,1_2&#8243; _builder_version=\u00bb4.16&#8243; background_size=\u00bbinitial\u00bb background_position=\u00bbtop_left\u00bb background_repeat=\u00bbrepeat\u00bb width=\u00bb100%\u00bb custom_padding=\u00bb0px||||false|false\u00bb global_colors_info=\u00bb{}\u00bb][et_pb_column type=\u00bb1_2&#8243; _builder_version=\u00bb4.16&#8243; custom_padding=\u00bb|||\u00bb global_colors_info=\u00bb{}\u00bb custom_padding__hover=\u00bb|||\u00bb][et_pb_wc_images _builder_version=\u00bb4.16&#8243; global_colors_info=\u00bb{}\u00bb][\/et_pb_wc_images][\/et_pb_column][et_pb_column type=\u00bb1_2&#8243; _builder_version=\u00bb4.16&#8243; custom_padding=\u00bb|||\u00bb global_colors_info=\u00bb{}\u00bb custom_padding__hover=\u00bb|||\u00bb][et_pb_wc_title _builder_version=\u00bb4.16&#8243; global_colors_info=\u00bb{}\u00bb][\/et_pb_wc_title][et_pb_wc_rating disabled_on=\u00bbon|on|on\u00bb _builder_version=\u00bb4.16&#8243; global_colors_info=\u00bb{}\u00bb][\/et_pb_wc_rating][et_pb_wc_price _builder_version=\u00bb4.16&#8243; global_colors_info=\u00bb{}\u00bb][\/et_pb_wc_price][et_pb_wc_description _builder_version=\u00bb4.16&#8243; global_colors_info=\u00bb{}\u00bb][\/et_pb_wc_description][et_pb_wc_add_to_cart _builder_version=\u00bb4.16&#8243; global_colors_info=\u00bb{}\u00bb][\/et_pb_wc_add_to_cart][et_pb_wc_meta disabled_on=\u00bbon|on|on\u00bb _builder_version=\u00bb4.16&#8243; global_colors_info=\u00bb{}\u00bb][\/et_pb_wc_meta][\/et_pb_column][\/et_pb_row][et_pb_row disabled_on=\u00bbon|on|on\u00bb _builder_version=\u00bb4.16&#8243; background_size=\u00bbinitial\u00bb background_position=\u00bbtop_left\u00bb background_repeat=\u00bbrepeat\u00bb width=\u00bb100%\u00bb disabled=\u00bbon\u00bb global_colors_info=\u00bb{}\u00bb][et_pb_column type=\u00bb4_4&#8243; _builder_version=\u00bb4.16&#8243; custom_padding=\u00bb|||\u00bb global_colors_info=\u00bb{}\u00bb custom_padding__hover=\u00bb|||\u00bb][et_pb_wc_tabs _builder_version=\u00bb4.16&#8243; global_colors_info=\u00bb{}\u00bb]\t\t\t\t\t[\/et_pb_wc_tabs][et_pb_wc_upsells _builder_version=\u00bb4.16&#8243; global_colors_info=\u00bb{}\u00bb][\/et_pb_wc_upsells][et_pb_wc_related_products _builder_version=\u00bb4.16&#8243; global_colors_info=\u00bb{}\u00bb][\/et_pb_wc_related_products][\/et_pb_column][\/et_pb_row][et_pb_row _builder_version=\u00bb4.27.5&#8243; _module_preset=\u00bbdefault\u00bb global_colors_info=\u00bb{}\u00bb][et_pb_column type=\u00bb4_4&#8243; _builder_version=\u00bb4.27.5&#8243; _module_preset=\u00bbdefault\u00bb global_colors_info=\u00bb{}\u00bb][et_pb_text _builder_version=\u00bb4.27.5&#8243; _module_preset=\u00bbdefault\u00bb global_colors_info=\u00bb{}\u00bb]<\/p>\n<p><strong>Extracto de la introducci\u00f3n de Thierry Jamin:<\/strong><br \/>\u00ab Junto con mi amigo Alain Bonnet, director de la empresa Jungle Doc Productions, y mis compa\u00f1eros del Instituto Inkarri, hemos querido elaborar un panorama general de gran parte de los restos momificados descubiertos por \u201cMario\u201d entre 2015 y 2026. Estos siguen siendo objeto de investigaciones avanzadas por parte de equipos de investigadores procedentes de varias universidades de renombre mundial. Llegar\u00e1 el momento de hacer p\u00fablicas sus conclusiones definitivas.<br \/>El caso de las momias no humanas de Nasca podr\u00eda ser un primer paso hacia futuras revelaciones a\u00fan m\u00e1s extraordinarias. \u00bfEstamos preparados para ello? El futuro lo dir\u00e1\u2026 \u00bb    <\/p>\n<p>\u00a1Y la temporada 2 de <a href=\"https:\/\/jungledoc.com\/es\/tridactyls-temporada-2\/\">TRIDACTYLS sigue disponible en VOD!<\/a><\/p>\n<p>[\/et_pb_text][\/et_pb_column][\/et_pb_row][\/et_pb_section]<\/p>\n","protected":false},"excerpt":{"rendered":"<p><strong>\u00a1Descubra el misterio de las momias trid\u00e1ctilas de Nazca!<\/strong><\/p>\n<p>Sum\u00e9rjase en el coraz\u00f3n de un enigma arqueol\u00f3gico que desaf\u00eda a la ciencia y a la historia. Este exclusivo folleto, fruto de diez a\u00f1os de investigaciones llevadas a cabo por el Instituto Inkarri, desvela el misterio de las momias no humanas descubiertas en el desierto peruano. Manos con tres dedos, implantes met\u00e1licos inexplicables, huevos misteriosos y an\u00e1lisis de ADN inquietantes: cada p\u00e1gina revela pruebas que podr\u00edan reescribir la historia de la humanidad.<\/p>\n<p>Con testimonios de expertos, im\u00e1genes in\u00e9ditas y an\u00e1lisis cient\u00edficos, este folleto es una invitaci\u00f3n a explorar lo desconocido. La verdad est\u00e1 ante nosotros&#8230; Atr\u00e9vete a descubrirla.<\/p>\n<p>Libro biling\u00fce de 48 p\u00e1ginas + cubierta.<br \/>\nFormato: 210 x 297 mm.<br \/>\nM\u00e1s de 250 fotograf\u00edas.<\/p>\n<p>Pr\u00f3logo de Edward Valenzuela Gil.<br \/>\nDise\u00f1ado por Thierry Jamin y Alain Bonnet.<\/p>\n<p><span style=\"color: #ff6600;\"><strong>El libro est\u00e1 disponible en dos versiones:<\/strong><\/span><\/p>\n<ul>\n<li><span style=\"color: #ff6600;\"><strong>franc\u00e8s \/ ingl\u00e9s<\/strong><\/span><\/li>\n<li><span style=\"color: #ff6600;\"><strong>espa\u00f1ol \/ ingl\u00e9s.<\/strong><\/span><\/li>\n<\/ul>\n","protected":false},"featured_media":2168,"template":"","meta":{"_et_pb_use_builder":"on","_et_pb_old_content":"","_et_gb_content_width":""},"product_brand":[],"product_cat":[43],"product_tag":[63,56,57,55],"class_list":{"0":"post-2220","1":"product","2":"type-product","3":"status-publish","4":"has-post-thumbnail","6":"product_cat-libros","7":"product_tag-alien-project","8":"product_tag-momias","9":"product_tag-nazca","10":"product_tag-tridactyls","12":"first","13":"instock","14":"taxable","15":"shipping-taxable","16":"purchasable","17":"product-type-variable"},"yoast_head":"<!-- This site is optimized with the Yoast SEO plugin v27.4 - https:\/\/yoast.com\/product\/yoast-seo-wordpress\/ -->\n<title>TRIDACTYLS \u2013 La verdad frente a nosotros<\/title>\n<meta name=\"description\" content=\"TRIDACTYLS, la verdad ante nosotros es un folleto exclusivo que desvela el misterio de las momias no humanas descubiertas en el desierto peruano.\" \/>\n<meta name=\"robots\" content=\"index, follow, max-snippet:-1, max-image-preview:large, max-video-preview:-1\" \/>\n<link rel=\"canonical\" href=\"https:\/\/jungledoc.com\/es\/produit\/tridactyls-la-verdad-frente-a-nosotros-2\/\" \/>\n<meta property=\"og:locale\" content=\"es_ES\" \/>\n<meta property=\"og:type\" content=\"article\" \/>\n<meta property=\"og:title\" content=\"TRIDACTYLS \u2013 La verdad frente a nosotros\" \/>\n<meta property=\"og:description\" content=\"TRIDACTYLS, la verdad ante nosotros es un folleto exclusivo que desvela el misterio de las momias no humanas descubiertas en el desierto peruano.\" \/>\n<meta property=\"og:url\" content=\"https:\/\/jungledoc.com\/es\/produit\/tridactyls-la-verdad-frente-a-nosotros-2\/\" \/>\n<meta property=\"og:site_name\" content=\"Jungle Doc Productions\" \/>\n<meta property=\"article:publisher\" content=\"https:\/\/www.facebook.com\/jungledocprod\/\" \/>\n<meta property=\"article:modified_time\" content=\"2026-04-03T12:36:56+00:00\" \/>\n<meta property=\"og:image\" content=\"https:\/\/jungledoc.com\/wp-content\/uploads\/2026\/02\/01-TRIDACTYLS-Couverture-210x300.jpg\" \/>\n<meta name=\"twitter:card\" content=\"summary_large_image\" \/>\n<meta name=\"twitter:title\" content=\"TRIDACTYLS \u2013 La verdad frente a nosotros\" \/>\n<meta name=\"twitter:description\" content=\"TRIDACTYLS, la verdad ante nosotros es un folleto exclusivo que desvela el misterio de las momias no humanas descubiertas en el desierto peruano.\" \/>\n<meta name=\"twitter:image\" content=\"https:\/\/jungledoc.com\/wp-content\/uploads\/2026\/02\/01-TRIDACTYLS-Couverture-716x1024.jpg\" \/>\n<meta name=\"twitter:label1\" content=\"Tiempo de lectura\" \/>\n\t<meta name=\"twitter:data1\" content=\"3 minutos\" \/>\n<script type=\"application\/ld+json\" class=\"yoast-schema-graph\">{\"@context\":\"https:\\\/\\\/schema.org\",\"@graph\":[{\"@type\":\"WebPage\",\"@id\":\"https:\\\/\\\/jungledoc.com\\\/es\\\/produit\\\/tridactyls-la-verdad-frente-a-nosotros-2\\\/\",\"url\":\"https:\\\/\\\/jungledoc.com\\\/es\\\/produit\\\/tridactyls-la-verdad-frente-a-nosotros-2\\\/\",\"name\":\"TRIDACTYLS \u2013 La verdad frente a nosotros\",\"isPartOf\":{\"@id\":\"https:\\\/\\\/jungledoc.com\\\/es\\\/#website\"},\"primaryImageOfPage\":{\"@id\":\"https:\\\/\\\/jungledoc.com\\\/es\\\/produit\\\/tridactyls-la-verdad-frente-a-nosotros-2\\\/#primaryimage\"},\"image\":{\"@id\":\"https:\\\/\\\/jungledoc.com\\\/es\\\/produit\\\/tridactyls-la-verdad-frente-a-nosotros-2\\\/#primaryimage\"},\"thumbnailUrl\":\"https:\\\/\\\/jungledoc.com\\\/wp-content\\\/uploads\\\/2026\\\/02\\\/01-TRIDACTYLS-Couverture-e1771136028229.jpg\",\"datePublished\":\"2026-02-16T08:11:18+00:00\",\"dateModified\":\"2026-04-03T12:36:56+00:00\",\"description\":\"TRIDACTYLS, la verdad ante nosotros es un folleto exclusivo que desvela el misterio de las momias no humanas descubiertas en el desierto peruano.\",\"breadcrumb\":{\"@id\":\"https:\\\/\\\/jungledoc.com\\\/es\\\/produit\\\/tridactyls-la-verdad-frente-a-nosotros-2\\\/#breadcrumb\"},\"inLanguage\":\"es\",\"potentialAction\":[{\"@type\":\"ReadAction\",\"target\":[\"https:\\\/\\\/jungledoc.com\\\/es\\\/produit\\\/tridactyls-la-verdad-frente-a-nosotros-2\\\/\"]}]},{\"@type\":\"ImageObject\",\"inLanguage\":\"es\",\"@id\":\"https:\\\/\\\/jungledoc.com\\\/es\\\/produit\\\/tridactyls-la-verdad-frente-a-nosotros-2\\\/#primaryimage\",\"url\":\"https:\\\/\\\/jungledoc.com\\\/wp-content\\\/uploads\\\/2026\\\/02\\\/01-TRIDACTYLS-Couverture-e1771136028229.jpg\",\"contentUrl\":\"https:\\\/\\\/jungledoc.com\\\/wp-content\\\/uploads\\\/2026\\\/02\\\/01-TRIDACTYLS-Couverture-e1771136028229.jpg\",\"width\":1049,\"height\":1500,\"caption\":\"Portada del folleto: TRIDACTYLS - La verdad frente a nosotros\"},{\"@type\":\"BreadcrumbList\",\"@id\":\"https:\\\/\\\/jungledoc.com\\\/es\\\/produit\\\/tridactyls-la-verdad-frente-a-nosotros-2\\\/#breadcrumb\",\"itemListElement\":[{\"@type\":\"ListItem\",\"position\":1,\"name\":\"Accueil\",\"item\":\"https:\\\/\\\/jungledoc.com\\\/es\\\/\"},{\"@type\":\"ListItem\",\"position\":2,\"name\":\"Tienda\",\"item\":\"https:\\\/\\\/jungledoc.com\\\/es\\\/tienda-2\\\/\"},{\"@type\":\"ListItem\",\"position\":3,\"name\":\"TRIDACTYLS \u2013 La verdad frente a nosotros\"}]},{\"@type\":\"WebSite\",\"@id\":\"https:\\\/\\\/jungledoc.com\\\/es\\\/#website\",\"url\":\"https:\\\/\\\/jungledoc.com\\\/es\\\/\",\"name\":\"Jungle Doc Productions\",\"description\":\"\",\"publisher\":{\"@id\":\"https:\\\/\\\/jungledoc.com\\\/es\\\/#organization\"},\"potentialAction\":[{\"@type\":\"SearchAction\",\"target\":{\"@type\":\"EntryPoint\",\"urlTemplate\":\"https:\\\/\\\/jungledoc.com\\\/es\\\/?s={search_term_string}\"},\"query-input\":{\"@type\":\"PropertyValueSpecification\",\"valueRequired\":true,\"valueName\":\"search_term_string\"}}],\"inLanguage\":\"es\"},{\"@type\":\"Organization\",\"@id\":\"https:\\\/\\\/jungledoc.com\\\/es\\\/#organization\",\"name\":\"Jungle Doc Productions\",\"url\":\"https:\\\/\\\/jungledoc.com\\\/es\\\/\",\"logo\":{\"@type\":\"ImageObject\",\"inLanguage\":\"es\",\"@id\":\"https:\\\/\\\/jungledoc.com\\\/es\\\/#\\\/schema\\\/logo\\\/image\\\/\",\"url\":\"https:\\\/\\\/jungledoc.com\\\/wp-content\\\/uploads\\\/2025\\\/09\\\/logo_jungle_doc-200px.png\",\"contentUrl\":\"https:\\\/\\\/jungledoc.com\\\/wp-content\\\/uploads\\\/2025\\\/09\\\/logo_jungle_doc-200px.png\",\"width\":200,\"height\":99,\"caption\":\"Jungle Doc Productions\"},\"image\":{\"@id\":\"https:\\\/\\\/jungledoc.com\\\/es\\\/#\\\/schema\\\/logo\\\/image\\\/\"},\"sameAs\":[\"https:\\\/\\\/www.facebook.com\\\/jungledocprod\\\/\"]}]}<\/script>\n<!-- \/ Yoast SEO plugin. -->","yoast_head_json":{"title":"TRIDACTYLS \u2013 La verdad frente a nosotros","description":"TRIDACTYLS, la verdad ante nosotros es un folleto exclusivo que desvela el misterio de las momias no humanas descubiertas en el desierto peruano.","robots":{"index":"index","follow":"follow","max-snippet":"max-snippet:-1","max-image-preview":"max-image-preview:large","max-video-preview":"max-video-preview:-1"},"canonical":"https:\/\/jungledoc.com\/es\/produit\/tridactyls-la-verdad-frente-a-nosotros-2\/","og_locale":"es_ES","og_type":"article","og_title":"TRIDACTYLS \u2013 La verdad frente a nosotros","og_description":"TRIDACTYLS, la verdad ante nosotros es un folleto exclusivo que desvela el misterio de las momias no humanas descubiertas en el desierto peruano.","og_url":"https:\/\/jungledoc.com\/es\/produit\/tridactyls-la-verdad-frente-a-nosotros-2\/","og_site_name":"Jungle Doc Productions","article_publisher":"https:\/\/www.facebook.com\/jungledocprod\/","article_modified_time":"2026-04-03T12:36:56+00:00","og_image":[{"url":"https:\/\/jungledoc.com\/wp-content\/uploads\/2026\/02\/01-TRIDACTYLS-Couverture-210x300.jpg","type":"","width":"","height":""}],"twitter_card":"summary_large_image","twitter_title":"TRIDACTYLS \u2013 La verdad frente a nosotros","twitter_description":"TRIDACTYLS, la verdad ante nosotros es un folleto exclusivo que desvela el misterio de las momias no humanas descubiertas en el desierto peruano.","twitter_image":"https:\/\/jungledoc.com\/wp-content\/uploads\/2026\/02\/01-TRIDACTYLS-Couverture-716x1024.jpg","twitter_misc":{"Tiempo de lectura":"3 minutos"},"schema":{"@context":"https:\/\/schema.org","@graph":[{"@type":"WebPage","@id":"https:\/\/jungledoc.com\/es\/produit\/tridactyls-la-verdad-frente-a-nosotros-2\/","url":"https:\/\/jungledoc.com\/es\/produit\/tridactyls-la-verdad-frente-a-nosotros-2\/","name":"TRIDACTYLS \u2013 La verdad frente a nosotros","isPartOf":{"@id":"https:\/\/jungledoc.com\/es\/#website"},"primaryImageOfPage":{"@id":"https:\/\/jungledoc.com\/es\/produit\/tridactyls-la-verdad-frente-a-nosotros-2\/#primaryimage"},"image":{"@id":"https:\/\/jungledoc.com\/es\/produit\/tridactyls-la-verdad-frente-a-nosotros-2\/#primaryimage"},"thumbnailUrl":"https:\/\/jungledoc.com\/wp-content\/uploads\/2026\/02\/01-TRIDACTYLS-Couverture-e1771136028229.jpg","datePublished":"2026-02-16T08:11:18+00:00","dateModified":"2026-04-03T12:36:56+00:00","description":"TRIDACTYLS, la verdad ante nosotros es un folleto exclusivo que desvela el misterio de las momias no humanas descubiertas en el desierto peruano.","breadcrumb":{"@id":"https:\/\/jungledoc.com\/es\/produit\/tridactyls-la-verdad-frente-a-nosotros-2\/#breadcrumb"},"inLanguage":"es","potentialAction":[{"@type":"ReadAction","target":["https:\/\/jungledoc.com\/es\/produit\/tridactyls-la-verdad-frente-a-nosotros-2\/"]}]},{"@type":"ImageObject","inLanguage":"es","@id":"https:\/\/jungledoc.com\/es\/produit\/tridactyls-la-verdad-frente-a-nosotros-2\/#primaryimage","url":"https:\/\/jungledoc.com\/wp-content\/uploads\/2026\/02\/01-TRIDACTYLS-Couverture-e1771136028229.jpg","contentUrl":"https:\/\/jungledoc.com\/wp-content\/uploads\/2026\/02\/01-TRIDACTYLS-Couverture-e1771136028229.jpg","width":1049,"height":1500,"caption":"Portada del folleto: TRIDACTYLS - La verdad frente a nosotros"},{"@type":"BreadcrumbList","@id":"https:\/\/jungledoc.com\/es\/produit\/tridactyls-la-verdad-frente-a-nosotros-2\/#breadcrumb","itemListElement":[{"@type":"ListItem","position":1,"name":"Accueil","item":"https:\/\/jungledoc.com\/es\/"},{"@type":"ListItem","position":2,"name":"Tienda","item":"https:\/\/jungledoc.com\/es\/tienda-2\/"},{"@type":"ListItem","position":3,"name":"TRIDACTYLS \u2013 La verdad frente a nosotros"}]},{"@type":"WebSite","@id":"https:\/\/jungledoc.com\/es\/#website","url":"https:\/\/jungledoc.com\/es\/","name":"Jungle Doc Productions","description":"","publisher":{"@id":"https:\/\/jungledoc.com\/es\/#organization"},"potentialAction":[{"@type":"SearchAction","target":{"@type":"EntryPoint","urlTemplate":"https:\/\/jungledoc.com\/es\/?s={search_term_string}"},"query-input":{"@type":"PropertyValueSpecification","valueRequired":true,"valueName":"search_term_string"}}],"inLanguage":"es"},{"@type":"Organization","@id":"https:\/\/jungledoc.com\/es\/#organization","name":"Jungle Doc Productions","url":"https:\/\/jungledoc.com\/es\/","logo":{"@type":"ImageObject","inLanguage":"es","@id":"https:\/\/jungledoc.com\/es\/#\/schema\/logo\/image\/","url":"https:\/\/jungledoc.com\/wp-content\/uploads\/2025\/09\/logo_jungle_doc-200px.png","contentUrl":"https:\/\/jungledoc.com\/wp-content\/uploads\/2025\/09\/logo_jungle_doc-200px.png","width":200,"height":99,"caption":"Jungle Doc Productions"},"image":{"@id":"https:\/\/jungledoc.com\/es\/#\/schema\/logo\/image\/"},"sameAs":["https:\/\/www.facebook.com\/jungledocprod\/"]}]}},"_links":{"self":[{"href":"https:\/\/jungledoc.com\/es\/wp-json\/wp\/v2\/product\/2220","targetHints":{"allow":["GET"]}}],"collection":[{"href":"https:\/\/jungledoc.com\/es\/wp-json\/wp\/v2\/product"}],"about":[{"href":"https:\/\/jungledoc.com\/es\/wp-json\/wp\/v2\/types\/product"}],"wp:featuredmedia":[{"embeddable":true,"href":"https:\/\/jungledoc.com\/es\/wp-json\/wp\/v2\/media\/2168"}],"wp:attachment":[{"href":"https:\/\/jungledoc.com\/es\/wp-json\/wp\/v2\/media?parent=2220"}],"wp:term":[{"taxonomy":"product_brand","embeddable":true,"href":"https:\/\/jungledoc.com\/es\/wp-json\/wp\/v2\/product_brand?post=2220"},{"taxonomy":"product_cat","embeddable":true,"href":"https:\/\/jungledoc.com\/es\/wp-json\/wp\/v2\/product_cat?post=2220"},{"taxonomy":"product_tag","embeddable":true,"href":"https:\/\/jungledoc.com\/es\/wp-json\/wp\/v2\/product_tag?post=2220"}],"curies":[{"name":"wp","href":"https:\/\/api.w.org\/{rel}","templated":true}]}}