{"id":842,"date":"2025-09-09T06:03:48","date_gmt":"2025-09-09T04:03:48","guid":{"rendered":"https:\/\/jungledoc.com\/produit\/pusharo-la-memoria-recobrada-de-los-incas\/"},"modified":"2025-09-09T13:48:37","modified_gmt":"2025-09-09T11:48:37","slug":"pusharo-la-memoria-recobrada-de-los-incas","status":"publish","type":"product","link":"https:\/\/jungledoc.com\/es\/produit\/pusharo-la-memoria-recobrada-de-los-incas\/","title":{"rendered":"Pusharo, la memoria recobrada de los Incas"},"content":{"rendered":"<p>[et_pb_section fb_built=\u00bb1&#8243; _builder_version=\u00bb4.27.4&#8243; background_color=\u00bb#000000&#8243; custom_padding=\u00bb0px||0px||false|false\u00bb global_colors_info=\u00bb{}\u00bb][et_pb_row disabled_on=\u00bbon|on|on\u00bb _builder_version=\u00bb4.16&#8243; background_size=\u00bbinitial\u00bb background_position=\u00bbtop_left\u00bb background_repeat=\u00bbrepeat\u00bb width=\u00bb100%\u00bb custom_padding=\u00bb0px||0px||false|false\u00bb disabled=\u00bbon\u00bb global_colors_info=\u00bb{}\u00bb][et_pb_column type=\u00bb4_4&#8243; _builder_version=\u00bb4.16&#8243; custom_padding=\u00bb|||\u00bb global_colors_info=\u00bb{}\u00bb custom_padding__hover=\u00bb|||\u00bb][et_pb_wc_breadcrumb _builder_version=\u00bb4.16&#8243; global_colors_info=\u00bb{}\u00bb][\/et_pb_wc_breadcrumb][et_pb_wc_cart_notice _builder_version=\u00bb4.16&#8243; global_colors_info=\u00bb{}\u00bb][\/et_pb_wc_cart_notice][\/et_pb_column][\/et_pb_row][et_pb_row column_structure=\u00bb1_2,1_2&#8243; _builder_version=\u00bb4.16&#8243; background_size=\u00bbinitial\u00bb background_position=\u00bbtop_left\u00bb background_repeat=\u00bbrepeat\u00bb width=\u00bb100%\u00bb custom_padding=\u00bb0px||||false|false\u00bb global_colors_info=\u00bb{}\u00bb][et_pb_column type=\u00bb1_2&#8243; _builder_version=\u00bb4.16&#8243; custom_padding=\u00bb|||\u00bb global_colors_info=\u00bb{}\u00bb custom_padding__hover=\u00bb|||\u00bb][et_pb_wc_images _builder_version=\u00bb4.16&#8243; global_colors_info=\u00bb{}\u00bb][\/et_pb_wc_images][\/et_pb_column][et_pb_column type=\u00bb1_2&#8243; _builder_version=\u00bb4.16&#8243; custom_padding=\u00bb|||\u00bb global_colors_info=\u00bb{}\u00bb custom_padding__hover=\u00bb|||\u00bb][et_pb_wc_title _builder_version=\u00bb4.16&#8243; global_colors_info=\u00bb{}\u00bb][\/et_pb_wc_title][et_pb_wc_rating disabled_on=\u00bbon|on|on\u00bb _builder_version=\u00bb4.16&#8243; disabled global_colors_info=\u00bb{}\u00bb][\/et_pb_wc_rating][et_pb_wc_price _builder_version=\u00bb4.16&#8243; global_colors_info=\u00bb{}\u00bb][\/et_pb_wc_price][et_pb_wc_description _builder_version=\u00bb4.16&#8243; global_colors_info=\u00bb{}\u00bb][\/et_pb_wc_description][et_pb_wc_add_to_cart _builder_version=\u00bb4.16&#8243; global_colors_info=\u00bb{}\u00bb][\/et_pb_wc_add_to_cart][et_pb_wc_meta disabled_on=\u00bbon|on|on\u00bb _builder_version=\u00bb4.16&#8243; disabled global_colors_info=\u00bb{}\u00bb][\/et_pb_wc_meta][\/et_pb_column][\/et_pb_row][et_pb_row _builder_version=\u00bb4.16&#8243; background_size=\u00bbinitial\u00bb background_position=\u00bbtop_left\u00bb background_repeat=\u00bbrepeat\u00bb width=\u00bb100%\u00bb global_colors_info=\u00bb{}\u00bb custom_padding=\u00bb0px||0px|||\u00bb][et_pb_column type=\u00bb4_4&#8243; _builder_version=\u00bb4.16&#8243; custom_padding=\u00bb|||\u00bb global_colors_info=\u00bb{}\u00bb custom_padding__hover=\u00bb|||\u00bb][et_pb_wc_tabs disabled_on=\u00bbon|on|on\u00bb _builder_version=\u00bb4.16&#8243; disabled global_colors_info=\u00bb{}\u00bb]\t\t\t\t\t[\/et_pb_wc_tabs][et_pb_wc_upsells disabled_on=\u00bbon|on|on\u00bb _builder_version=\u00bb4.16&#8243; disabled global_colors_info=\u00bb{}\u00bb][\/et_pb_wc_upsells][et_pb_wc_related_products _builder_version=\u00bb4.16&#8243; global_colors_info=\u00bb{}\u00bb][\/et_pb_wc_related_products][\/et_pb_column][\/et_pb_row][\/et_pb_section][et_pb_section fb_built=\u00bb1&#8243; _builder_version=\u00bb4.27.4&#8243; _module_preset=\u00bbdefault\u00bb background_color=\u00bb#2d2d2d\u00bb custom_padding=\u00bb6px||4px|||\u00bb global_module=\u00bb74&#8243; saved_tabs=\u00bball\u00bb global_colors_info=\u00bb{}\u00bb][et_pb_row column_structure=\u00bb1_4,1_4,1_2&#8243; _builder_version=\u00bb4.27.4&#8243; _module_preset=\u00bbdefault\u00bb global_colors_info=\u00bb{}\u00bb][et_pb_column type=\u00bb1_4&#8243; _builder_version=\u00bb4.27.4&#8243; _module_preset=\u00bbdefault\u00bb global_colors_info=\u00bb{}\u00bb][et_pb_text _builder_version=\u00bb4.27.4&#8243; _module_preset=\u00bbdefault\u00bb global_colors_info=\u00bb{}\u00bb]<\/p>\n<h3>Nuestros socios<\/h3>\n<p>[\/et_pb_text][et_pb_image src=\u00bbhttps:\/\/jungledoc.com\/wp-content\/uploads\/2025\/09\/logo-square-white-Nurea-1.png\u00bb alt=\u00bbNurea TV\u00bb title_text=\u00bbNurea TV\u00bb url=\u00bbhttps:\/\/nurea.tv\/\u00bb url_new_window=\u00bbon\u00bb align=\u00bbcenter\u00bb _builder_version=\u00bb4.27.4&#8243; _module_preset=\u00bbdefault\u00bb animation_style=\u00bbslide\u00bb global_colors_info=\u00bb{}\u00bb][\/et_pb_image][\/et_pb_column][et_pb_column type=\u00bb1_4&#8243; _builder_version=\u00bb4.27.4&#8243; _module_preset=\u00bbdefault\u00bb global_colors_info=\u00bb{}\u00bb][et_pb_text _builder_version=\u00bb4.27.4&#8243; _module_preset=\u00bbdefault\u00bb header_3_text_color=\u00bbrgba(0,0,0,0.85)\u00bb global_colors_info=\u00bb{}\u00bb]&nbsp;[\/et_pb_text][et_pb_image src=\u00bbhttps:\/\/jungledoc.com\/wp-content\/uploads\/2025\/09\/Ikaris-titre-et-logo-ailes-1.png\u00bb alt=\u00bbRevista Ikaris\u00bb title_text=\u00bbRevista Ikaris\u00bb url=\u00bbhttps:\/\/www.ikaris.fr\/fr\/\u00bb url_new_window=\u00bbon\u00bb align=\u00bbcenter\u00bb _builder_version=\u00bb4.27.4&#8243; _module_preset=\u00bbdefault\u00bb animation_style=\u00bbslide\u00bb animation_delay=\u00bb250ms\u00bb global_colors_info=\u00bb{}\u00bb][\/et_pb_image][\/et_pb_column][et_pb_column type=\u00bb1_2&#8243; _builder_version=\u00bb4.27.4&#8243; _module_preset=\u00bbdefault\u00bb global_colors_info=\u00bb{}\u00bb][et_pb_text _builder_version=\u00bb4.27.4&#8243; _module_preset=\u00bbdefault\u00bb global_colors_info=\u00bb{}\u00bb]<\/p>\n<h3>Cont\u00e1ctenos<\/h3>\n<p>Jungle Doc Productions en tu smartphone escaneando el c\u00f3digo QR que aparece a continuaci\u00f3n.<\/p>\n<p>[\/et_pb_text][et_pb_image src=\u00bbhttps:\/\/jungledoc.com\/wp-content\/uploads\/2025\/09\/QRCode-300&#215;300-1.png\u00bb title_text=\u00bbQRCode-300&#215;300-1&#8243; align=\u00bbcenter\u00bb _builder_version=\u00bb4.27.4&#8243; _module_preset=\u00bbdefault\u00bb width=\u00bb33%\u00bb animation_style=\u00bbslide\u00bb animation_direction=\u00bbright\u00bb animation_delay=\u00bb500ms\u00bb global_colors_info=\u00bb{}\u00bb][\/et_pb_image][et_pb_button button_url=\u00bbhttps:\/\/jungledoc.com\/es\/contacto\/\u00bb button_text=\u00bbEnv\u00edenos un mensaje\u00bb button_alignment=\u00bbcenter\u00bb _builder_version=\u00bb4.27.4&#8243; _module_preset=\u00bbdefault\u00bb animation_style=\u00bbslide\u00bb animation_direction=\u00bbright\u00bb animation_delay=\u00bb750ms\u00bb global_colors_info=\u00bb{}\u00bb][\/et_pb_button][\/et_pb_column][\/et_pb_row][\/et_pb_section]<\/p>\n","protected":false},"excerpt":{"rendered":"<p>El estudio m\u00e1s completo jam\u00e1s realizado sobre los petroglifos de Pusharo:<\/p>\n<ul>\n<li>un recuento completo de la pared conocida,<\/li>\n<li>el descubrimiento de petroglifos nunca antes descritos en la parte superior de la roca,<\/li>\n<li>el descubrimiento de geoglifos.<\/li>\n<\/ul>\n<p>Libro de 258 p\u00e1ginas + cubierta.<br \/>\n56 fotograf\u00edas en color + numerosos dibujos.<br \/>\n<span style=\"color: #ff6600;\">Editado <strong>\u00daNICAMENTE<\/strong> en espa\u00f1ol.<\/span><\/p>\n","protected":false},"featured_media":843,"template":"","meta":{"_et_pb_use_builder":"on","_et_pb_old_content":"Este libro en espa\u00f1ol fue escrito por Thierry Jamin tras sus trabajos sobre los petroglifos de Pusharo, en la regi\u00f3n de Madre de Dios, en Per\u00fa. Desde hace muchos a\u00f1os, este enigm\u00e1tico yacimiento arqueol\u00f3gico acapara toda su atenci\u00f3n. Un estudio sistem\u00e1tico y riguroso de todos estos grabados en la roca llevar\u00e1 a Thierry Jamin a una hip\u00f3tesis sorprendente. \u00bfSer\u00edan la clave para llegar a Paititi, la reina de las ciudades perdidas?   \n\nM\u00e1s informaci\u00f3n sobre las investigaciones de Thierry Jamin y su equipo: <a href=\"https:\/\/www.thierryjamin.com\" target=\"_blank\" rel=\"noopener\">www.thierryjamin.com<\/a>","_et_gb_content_width":""},"product_brand":[],"product_cat":[43],"product_tag":[],"class_list":{"0":"post-842","1":"product","2":"type-product","3":"status-publish","4":"has-post-thumbnail","6":"product_cat-libros","8":"first","9":"instock","10":"taxable","11":"shipping-taxable","12":"purchasable","13":"product-type-simple"},"yoast_head":"<!-- This site is optimized with the Yoast SEO plugin v27.4 - https:\/\/yoast.com\/product\/yoast-seo-wordpress\/ -->\n<title>Pusharo, la memoria recobrada de los Incas<\/title>\n<meta name=\"description\" content=\"El estudio m\u00e1s completo jam\u00e1s realizado sobre los petroglifos de Pusharo: un recuento exhaustivo de la pared conocida, el descubrimiento de nuevos petroglifos...\" \/>\n<meta name=\"robots\" content=\"index, follow, max-snippet:-1, max-image-preview:large, max-video-preview:-1\" \/>\n<link rel=\"canonical\" href=\"https:\/\/jungledoc.com\/es\/produit\/pusharo-la-memoria-recobrada-de-los-incas\/\" \/>\n<meta property=\"og:locale\" content=\"es_ES\" \/>\n<meta property=\"og:type\" content=\"article\" \/>\n<meta property=\"og:title\" content=\"Pusharo, la memoria recobrada de los Incas\" \/>\n<meta property=\"og:description\" content=\"El estudio m\u00e1s completo jam\u00e1s realizado sobre los petroglifos de Pusharo: un recuento exhaustivo de la pared conocida, el descubrimiento de nuevos petroglifos...\" \/>\n<meta property=\"og:url\" content=\"https:\/\/jungledoc.com\/es\/produit\/pusharo-la-memoria-recobrada-de-los-incas\/\" \/>\n<meta property=\"og:site_name\" content=\"Jungle Doc Productions\" \/>\n<meta property=\"article:publisher\" content=\"https:\/\/www.facebook.com\/jungledocprod\/\" \/>\n<meta property=\"article:modified_time\" content=\"2025-09-09T11:48:37+00:00\" \/>\n<meta property=\"og:image\" content=\"https:\/\/jungledoc.com\/wp-content\/uploads\/2025\/09\/pusharo-1-215x300.jpg\" \/>\n<meta name=\"twitter:card\" content=\"summary_large_image\" \/>\n<meta name=\"twitter:title\" content=\"Pusharo, la memoria recobrada de los Incas\" \/>\n<meta name=\"twitter:description\" content=\"El estudio m\u00e1s completo jam\u00e1s realizado sobre los petroglifos de Pusharo: un recuento exhaustivo de la pared conocida, el descubrimiento de nuevos petroglifos...\" \/>\n<meta name=\"twitter:image\" content=\"https:\/\/jungledoc.com\/wp-content\/uploads\/2025\/09\/pusharo-1-735x1024.jpg\" \/>\n<meta name=\"twitter:label1\" content=\"Tiempo de lectura\" \/>\n\t<meta name=\"twitter:data1\" content=\"3 minutos\" \/>\n<script type=\"application\/ld+json\" class=\"yoast-schema-graph\">{\"@context\":\"https:\\\/\\\/schema.org\",\"@graph\":[{\"@type\":\"WebPage\",\"@id\":\"https:\\\/\\\/jungledoc.com\\\/es\\\/produit\\\/pusharo-la-memoria-recobrada-de-los-incas\\\/\",\"url\":\"https:\\\/\\\/jungledoc.com\\\/es\\\/produit\\\/pusharo-la-memoria-recobrada-de-los-incas\\\/\",\"name\":\"Pusharo, la memoria recobrada de los Incas\",\"isPartOf\":{\"@id\":\"https:\\\/\\\/jungledoc.com\\\/es\\\/#website\"},\"primaryImageOfPage\":{\"@id\":\"https:\\\/\\\/jungledoc.com\\\/es\\\/produit\\\/pusharo-la-memoria-recobrada-de-los-incas\\\/#primaryimage\"},\"image\":{\"@id\":\"https:\\\/\\\/jungledoc.com\\\/es\\\/produit\\\/pusharo-la-memoria-recobrada-de-los-incas\\\/#primaryimage\"},\"thumbnailUrl\":\"https:\\\/\\\/jungledoc.com\\\/wp-content\\\/uploads\\\/2025\\\/09\\\/pusharo-1.jpg\",\"datePublished\":\"2025-09-09T04:03:48+00:00\",\"dateModified\":\"2025-09-09T11:48:37+00:00\",\"description\":\"El estudio m\u00e1s completo jam\u00e1s realizado sobre los petroglifos de Pusharo: un recuento exhaustivo de la pared conocida, el descubrimiento de nuevos petroglifos...\",\"breadcrumb\":{\"@id\":\"https:\\\/\\\/jungledoc.com\\\/es\\\/produit\\\/pusharo-la-memoria-recobrada-de-los-incas\\\/#breadcrumb\"},\"inLanguage\":\"es\",\"potentialAction\":[{\"@type\":\"ReadAction\",\"target\":[\"https:\\\/\\\/jungledoc.com\\\/es\\\/produit\\\/pusharo-la-memoria-recobrada-de-los-incas\\\/\"]}]},{\"@type\":\"ImageObject\",\"inLanguage\":\"es\",\"@id\":\"https:\\\/\\\/jungledoc.com\\\/es\\\/produit\\\/pusharo-la-memoria-recobrada-de-los-incas\\\/#primaryimage\",\"url\":\"https:\\\/\\\/jungledoc.com\\\/wp-content\\\/uploads\\\/2025\\\/09\\\/pusharo-1.jpg\",\"contentUrl\":\"https:\\\/\\\/jungledoc.com\\\/wp-content\\\/uploads\\\/2025\\\/09\\\/pusharo-1.jpg\",\"width\":861,\"height\":1200,\"caption\":\"Pusharo\"},{\"@type\":\"BreadcrumbList\",\"@id\":\"https:\\\/\\\/jungledoc.com\\\/es\\\/produit\\\/pusharo-la-memoria-recobrada-de-los-incas\\\/#breadcrumb\",\"itemListElement\":[{\"@type\":\"ListItem\",\"position\":1,\"name\":\"Accueil\",\"item\":\"https:\\\/\\\/jungledoc.com\\\/es\\\/\"},{\"@type\":\"ListItem\",\"position\":2,\"name\":\"Tienda\",\"item\":\"https:\\\/\\\/jungledoc.com\\\/es\\\/tienda-2\\\/\"},{\"@type\":\"ListItem\",\"position\":3,\"name\":\"Pusharo, la memoria recobrada de los Incas\"}]},{\"@type\":\"WebSite\",\"@id\":\"https:\\\/\\\/jungledoc.com\\\/es\\\/#website\",\"url\":\"https:\\\/\\\/jungledoc.com\\\/es\\\/\",\"name\":\"Jungle Doc Productions\",\"description\":\"\",\"publisher\":{\"@id\":\"https:\\\/\\\/jungledoc.com\\\/es\\\/#organization\"},\"potentialAction\":[{\"@type\":\"SearchAction\",\"target\":{\"@type\":\"EntryPoint\",\"urlTemplate\":\"https:\\\/\\\/jungledoc.com\\\/es\\\/?s={search_term_string}\"},\"query-input\":{\"@type\":\"PropertyValueSpecification\",\"valueRequired\":true,\"valueName\":\"search_term_string\"}}],\"inLanguage\":\"es\"},{\"@type\":\"Organization\",\"@id\":\"https:\\\/\\\/jungledoc.com\\\/es\\\/#organization\",\"name\":\"Jungle Doc Productions\",\"url\":\"https:\\\/\\\/jungledoc.com\\\/es\\\/\",\"logo\":{\"@type\":\"ImageObject\",\"inLanguage\":\"es\",\"@id\":\"https:\\\/\\\/jungledoc.com\\\/es\\\/#\\\/schema\\\/logo\\\/image\\\/\",\"url\":\"https:\\\/\\\/jungledoc.com\\\/wp-content\\\/uploads\\\/2025\\\/09\\\/logo_jungle_doc-200px.png\",\"contentUrl\":\"https:\\\/\\\/jungledoc.com\\\/wp-content\\\/uploads\\\/2025\\\/09\\\/logo_jungle_doc-200px.png\",\"width\":200,\"height\":99,\"caption\":\"Jungle Doc Productions\"},\"image\":{\"@id\":\"https:\\\/\\\/jungledoc.com\\\/es\\\/#\\\/schema\\\/logo\\\/image\\\/\"},\"sameAs\":[\"https:\\\/\\\/www.facebook.com\\\/jungledocprod\\\/\"]}]}<\/script>\n<!-- \/ Yoast SEO plugin. -->","yoast_head_json":{"title":"Pusharo, la memoria recobrada de los Incas","description":"El estudio m\u00e1s completo jam\u00e1s realizado sobre los petroglifos de Pusharo: un recuento exhaustivo de la pared conocida, el descubrimiento de nuevos petroglifos...","robots":{"index":"index","follow":"follow","max-snippet":"max-snippet:-1","max-image-preview":"max-image-preview:large","max-video-preview":"max-video-preview:-1"},"canonical":"https:\/\/jungledoc.com\/es\/produit\/pusharo-la-memoria-recobrada-de-los-incas\/","og_locale":"es_ES","og_type":"article","og_title":"Pusharo, la memoria recobrada de los Incas","og_description":"El estudio m\u00e1s completo jam\u00e1s realizado sobre los petroglifos de Pusharo: un recuento exhaustivo de la pared conocida, el descubrimiento de nuevos petroglifos...","og_url":"https:\/\/jungledoc.com\/es\/produit\/pusharo-la-memoria-recobrada-de-los-incas\/","og_site_name":"Jungle Doc Productions","article_publisher":"https:\/\/www.facebook.com\/jungledocprod\/","article_modified_time":"2025-09-09T11:48:37+00:00","og_image":[{"url":"https:\/\/jungledoc.com\/wp-content\/uploads\/2025\/09\/pusharo-1-215x300.jpg","type":"","width":"","height":""}],"twitter_card":"summary_large_image","twitter_title":"Pusharo, la memoria recobrada de los Incas","twitter_description":"El estudio m\u00e1s completo jam\u00e1s realizado sobre los petroglifos de Pusharo: un recuento exhaustivo de la pared conocida, el descubrimiento de nuevos petroglifos...","twitter_image":"https:\/\/jungledoc.com\/wp-content\/uploads\/2025\/09\/pusharo-1-735x1024.jpg","twitter_misc":{"Tiempo de lectura":"3 minutos"},"schema":{"@context":"https:\/\/schema.org","@graph":[{"@type":"WebPage","@id":"https:\/\/jungledoc.com\/es\/produit\/pusharo-la-memoria-recobrada-de-los-incas\/","url":"https:\/\/jungledoc.com\/es\/produit\/pusharo-la-memoria-recobrada-de-los-incas\/","name":"Pusharo, la memoria recobrada de los Incas","isPartOf":{"@id":"https:\/\/jungledoc.com\/es\/#website"},"primaryImageOfPage":{"@id":"https:\/\/jungledoc.com\/es\/produit\/pusharo-la-memoria-recobrada-de-los-incas\/#primaryimage"},"image":{"@id":"https:\/\/jungledoc.com\/es\/produit\/pusharo-la-memoria-recobrada-de-los-incas\/#primaryimage"},"thumbnailUrl":"https:\/\/jungledoc.com\/wp-content\/uploads\/2025\/09\/pusharo-1.jpg","datePublished":"2025-09-09T04:03:48+00:00","dateModified":"2025-09-09T11:48:37+00:00","description":"El estudio m\u00e1s completo jam\u00e1s realizado sobre los petroglifos de Pusharo: un recuento exhaustivo de la pared conocida, el descubrimiento de nuevos petroglifos...","breadcrumb":{"@id":"https:\/\/jungledoc.com\/es\/produit\/pusharo-la-memoria-recobrada-de-los-incas\/#breadcrumb"},"inLanguage":"es","potentialAction":[{"@type":"ReadAction","target":["https:\/\/jungledoc.com\/es\/produit\/pusharo-la-memoria-recobrada-de-los-incas\/"]}]},{"@type":"ImageObject","inLanguage":"es","@id":"https:\/\/jungledoc.com\/es\/produit\/pusharo-la-memoria-recobrada-de-los-incas\/#primaryimage","url":"https:\/\/jungledoc.com\/wp-content\/uploads\/2025\/09\/pusharo-1.jpg","contentUrl":"https:\/\/jungledoc.com\/wp-content\/uploads\/2025\/09\/pusharo-1.jpg","width":861,"height":1200,"caption":"Pusharo"},{"@type":"BreadcrumbList","@id":"https:\/\/jungledoc.com\/es\/produit\/pusharo-la-memoria-recobrada-de-los-incas\/#breadcrumb","itemListElement":[{"@type":"ListItem","position":1,"name":"Accueil","item":"https:\/\/jungledoc.com\/es\/"},{"@type":"ListItem","position":2,"name":"Tienda","item":"https:\/\/jungledoc.com\/es\/tienda-2\/"},{"@type":"ListItem","position":3,"name":"Pusharo, la memoria recobrada de los Incas"}]},{"@type":"WebSite","@id":"https:\/\/jungledoc.com\/es\/#website","url":"https:\/\/jungledoc.com\/es\/","name":"Jungle Doc Productions","description":"","publisher":{"@id":"https:\/\/jungledoc.com\/es\/#organization"},"potentialAction":[{"@type":"SearchAction","target":{"@type":"EntryPoint","urlTemplate":"https:\/\/jungledoc.com\/es\/?s={search_term_string}"},"query-input":{"@type":"PropertyValueSpecification","valueRequired":true,"valueName":"search_term_string"}}],"inLanguage":"es"},{"@type":"Organization","@id":"https:\/\/jungledoc.com\/es\/#organization","name":"Jungle Doc Productions","url":"https:\/\/jungledoc.com\/es\/","logo":{"@type":"ImageObject","inLanguage":"es","@id":"https:\/\/jungledoc.com\/es\/#\/schema\/logo\/image\/","url":"https:\/\/jungledoc.com\/wp-content\/uploads\/2025\/09\/logo_jungle_doc-200px.png","contentUrl":"https:\/\/jungledoc.com\/wp-content\/uploads\/2025\/09\/logo_jungle_doc-200px.png","width":200,"height":99,"caption":"Jungle Doc Productions"},"image":{"@id":"https:\/\/jungledoc.com\/es\/#\/schema\/logo\/image\/"},"sameAs":["https:\/\/www.facebook.com\/jungledocprod\/"]}]}},"_links":{"self":[{"href":"https:\/\/jungledoc.com\/es\/wp-json\/wp\/v2\/product\/842","targetHints":{"allow":["GET"]}}],"collection":[{"href":"https:\/\/jungledoc.com\/es\/wp-json\/wp\/v2\/product"}],"about":[{"href":"https:\/\/jungledoc.com\/es\/wp-json\/wp\/v2\/types\/product"}],"wp:featuredmedia":[{"embeddable":true,"href":"https:\/\/jungledoc.com\/es\/wp-json\/wp\/v2\/media\/843"}],"wp:attachment":[{"href":"https:\/\/jungledoc.com\/es\/wp-json\/wp\/v2\/media?parent=842"}],"wp:term":[{"taxonomy":"product_brand","embeddable":true,"href":"https:\/\/jungledoc.com\/es\/wp-json\/wp\/v2\/product_brand?post=842"},{"taxonomy":"product_cat","embeddable":true,"href":"https:\/\/jungledoc.com\/es\/wp-json\/wp\/v2\/product_cat?post=842"},{"taxonomy":"product_tag","embeddable":true,"href":"https:\/\/jungledoc.com\/es\/wp-json\/wp\/v2\/product_tag?post=842"}],"curies":[{"name":"wp","href":"https:\/\/api.w.org\/{rel}","templated":true}]}}