{"id":848,"date":"2025-09-08T15:33:51","date_gmt":"2025-09-08T13:33:51","guid":{"rendered":"https:\/\/jungledoc.com\/produit\/dvd-tridactyls-temporada-1-en-francais\/"},"modified":"2025-09-09T14:13:01","modified_gmt":"2025-09-09T12:13:01","slug":"dvd-tridactyls-temporada-1","status":"publish","type":"product","link":"https:\/\/jungledoc.com\/es\/produit\/dvd-tridactyls-temporada-1\/","title":{"rendered":"DVD TRIDACTYLS Temporada 1 (en franc\u00e9s)"},"content":{"rendered":"<p>[et_pb_section fb_built=\u00bb1&#8243; _builder_version=\u00bb4.27.4&#8243; background_color=\u00bb#000000&#8243; custom_padding=\u00bb0px||5px||false|false\u00bb global_colors_info=\u00bb{}\u00bb][et_pb_row disabled_on=\u00bbon|on|on\u00bb _builder_version=\u00bb4.16&#8243; background_size=\u00bbinitial\u00bb background_position=\u00bbtop_left\u00bb background_repeat=\u00bbrepeat\u00bb width=\u00bb100%\u00bb custom_padding=\u00bb0px||0px||false|false\u00bb disabled=\u00bbon\u00bb global_colors_info=\u00bb{}\u00bb][et_pb_column type=\u00bb4_4&#8243; _builder_version=\u00bb4.16&#8243; custom_padding=\u00bb|||\u00bb global_colors_info=\u00bb{}\u00bb custom_padding__hover=\u00bb|||\u00bb][et_pb_wc_breadcrumb _builder_version=\u00bb4.16&#8243; global_colors_info=\u00bb{}\u00bb][\/et_pb_wc_breadcrumb][et_pb_wc_cart_notice _builder_version=\u00bb4.16&#8243; global_colors_info=\u00bb{}\u00bb][\/et_pb_wc_cart_notice][\/et_pb_column][\/et_pb_row][et_pb_row column_structure=\u00bb1_2,1_2&#8243; _builder_version=\u00bb4.16&#8243; background_size=\u00bbinitial\u00bb background_position=\u00bbtop_left\u00bb background_repeat=\u00bbrepeat\u00bb width=\u00bb100%\u00bb custom_padding=\u00bb0px||0px||false|false\u00bb global_colors_info=\u00bb{}\u00bb][et_pb_column type=\u00bb1_2&#8243; _builder_version=\u00bb4.16&#8243; custom_padding=\u00bb|||\u00bb global_colors_info=\u00bb{}\u00bb custom_padding__hover=\u00bb|||\u00bb][et_pb_wc_images _builder_version=\u00bb4.16&#8243; global_colors_info=\u00bb{}\u00bb][\/et_pb_wc_images][\/et_pb_column][et_pb_column type=\u00bb1_2&#8243; _builder_version=\u00bb4.16&#8243; custom_padding=\u00bb|||\u00bb global_colors_info=\u00bb{}\u00bb custom_padding__hover=\u00bb|||\u00bb][et_pb_wc_title _builder_version=\u00bb4.16&#8243; global_colors_info=\u00bb{}\u00bb][\/et_pb_wc_title][et_pb_wc_rating disabled_on=\u00bbon|on|on\u00bb _builder_version=\u00bb4.16&#8243; global_colors_info=\u00bb{}\u00bb][\/et_pb_wc_rating][et_pb_wc_price _builder_version=\u00bb4.16&#8243; global_colors_info=\u00bb{}\u00bb][\/et_pb_wc_price][et_pb_wc_description _builder_version=\u00bb4.16&#8243; global_colors_info=\u00bb{}\u00bb][\/et_pb_wc_description][et_pb_wc_add_to_cart _builder_version=\u00bb4.16&#8243; global_colors_info=\u00bb{}\u00bb][\/et_pb_wc_add_to_cart][et_pb_wc_meta disabled_on=\u00bbon|on|on\u00bb _builder_version=\u00bb4.16&#8243; global_colors_info=\u00bb{}\u00bb][\/et_pb_wc_meta][\/et_pb_column][\/et_pb_row][et_pb_row _builder_version=\u00bb4.16&#8243; background_size=\u00bbinitial\u00bb background_position=\u00bbtop_left\u00bb background_repeat=\u00bbrepeat\u00bb width=\u00bb100%\u00bb global_colors_info=\u00bb{}\u00bb][et_pb_column type=\u00bb4_4&#8243; _builder_version=\u00bb4.16&#8243; custom_padding=\u00bb|||\u00bb global_colors_info=\u00bb{}\u00bb custom_padding__hover=\u00bb|||\u00bb][et_pb_wc_tabs disabled_on=\u00bbon|on|on\u00bb _builder_version=\u00bb4.16&#8243; custom_margin=\u00bb-24px|||||\u00bb global_colors_info=\u00bb{}\u00bb]\t\t\t\t\t[\/et_pb_wc_tabs][et_pb_wc_upsells disabled_on=\u00bbon|on|on\u00bb _builder_version=\u00bb4.16&#8243; global_colors_info=\u00bb{}\u00bb][\/et_pb_wc_upsells][et_pb_wc_related_products _builder_version=\u00bb4.16&#8243; custom_margin=\u00bb-30px|||||\u00bb global_colors_info=\u00bb{}\u00bb][\/et_pb_wc_related_products][\/et_pb_column][\/et_pb_row][\/et_pb_section][et_pb_section fb_built=\u00bb1&#8243; _builder_version=\u00bb4.27.4&#8243; _module_preset=\u00bbdefault\u00bb background_color=\u00bb#2d2d2d\u00bb custom_padding=\u00bb6px||4px|||\u00bb saved_tabs=\u00bball\u00bb global_colors_info=\u00bb{}\u00bb][et_pb_row column_structure=\u00bb1_4,1_4,1_2&#8243; _builder_version=\u00bb4.27.4&#8243; _module_preset=\u00bbdefault\u00bb global_colors_info=\u00bb{}\u00bb][et_pb_column type=\u00bb1_4&#8243; _builder_version=\u00bb4.27.4&#8243; _module_preset=\u00bbdefault\u00bb global_colors_info=\u00bb{}\u00bb][et_pb_text _builder_version=\u00bb4.27.4&#8243; _module_preset=\u00bbdefault\u00bb global_colors_info=\u00bb{}\u00bb]<\/p>\n<h3>Nuestros socios<\/h3>\n<p>[\/et_pb_text][et_pb_image src=\u00bbhttps:\/\/jungledoc.com\/wp-content\/uploads\/2025\/09\/logo-square-white-Nurea-1.png\u00bb alt=\u00bbNurea TV\u00bb title_text=\u00bbNurea TV\u00bb url=\u00bbhttps:\/\/nurea.tv\/\u00bb url_new_window=\u00bbon\u00bb align=\u00bbcenter\u00bb _builder_version=\u00bb4.27.4&#8243; _module_preset=\u00bbdefault\u00bb animation_style=\u00bbslide\u00bb global_colors_info=\u00bb{}\u00bb][\/et_pb_image][\/et_pb_column][et_pb_column type=\u00bb1_4&#8243; _builder_version=\u00bb4.27.4&#8243; _module_preset=\u00bbdefault\u00bb global_colors_info=\u00bb{}\u00bb][et_pb_text _builder_version=\u00bb4.27.4&#8243; _module_preset=\u00bbdefault\u00bb header_3_text_color=\u00bbrgba(0,0,0,0.85)\u00bb global_colors_info=\u00bb{}\u00bb]&nbsp;[\/et_pb_text][et_pb_image src=\u00bbhttps:\/\/jungledoc.com\/wp-content\/uploads\/2025\/09\/Ikaris-titre-et-logo-ailes-1.png\u00bb alt=\u00bbRevista Ikaris\u00bb title_text=\u00bbRevista Ikaris\u00bb url=\u00bbhttps:\/\/www.ikaris.fr\/fr\/\u00bb url_new_window=\u00bbon\u00bb align=\u00bbcenter\u00bb _builder_version=\u00bb4.27.4&#8243; _module_preset=\u00bbdefault\u00bb animation_style=\u00bbslide\u00bb animation_delay=\u00bb250ms\u00bb global_colors_info=\u00bb{}\u00bb][\/et_pb_image][\/et_pb_column][et_pb_column type=\u00bb1_2&#8243; _builder_version=\u00bb4.27.4&#8243; _module_preset=\u00bbdefault\u00bb global_colors_info=\u00bb{}\u00bb][et_pb_text _builder_version=\u00bb4.27.4&#8243; _module_preset=\u00bbdefault\u00bb global_colors_info=\u00bb{}\u00bb]<\/p>\n<h3>Cont\u00e1ctenos<\/h3>\n<p>Jungle Doc Productions en tu smartphone escaneando el c\u00f3digo QR que aparece a continuaci\u00f3n.<\/p>\n<p>[\/et_pb_text][et_pb_image src=\u00bbhttps:\/\/jungledoc.com\/wp-content\/uploads\/2025\/09\/QRCode-300&#215;300-1.png\u00bb title_text=\u00bbQRCode-300&#215;300-1&#8243; align=\u00bbcenter\u00bb _builder_version=\u00bb4.27.4&#8243; _module_preset=\u00bbdefault\u00bb width=\u00bb33%\u00bb animation_style=\u00bbslide\u00bb animation_direction=\u00bbright\u00bb animation_delay=\u00bb500ms\u00bb global_colors_info=\u00bb{}\u00bb][\/et_pb_image][et_pb_button button_url=\u00bbhttps:\/\/jungledoc.com\/es\/contacto\/\u00bb button_text=\u00bbEnv\u00edenos un mensaje\u00bb button_alignment=\u00bbcenter\u00bb _builder_version=\u00bb4.27.4&#8243; _module_preset=\u00bbdefault\u00bb animation_style=\u00bbslide\u00bb animation_direction=\u00bbright\u00bb animation_delay=\u00bb750ms\u00bb global_colors_info=\u00bb{}\u00bb][\/et_pb_button][\/et_pb_column][\/et_pb_row][\/et_pb_section]<\/p>\n","protected":false},"excerpt":{"rendered":"<p>Digipack con 2 DVD que contiene:<\/p>\n<ul>\n<li>Una pel\u00edcula (solo en franc\u00e9s) de Thierry Jamin en seis episodios de 52 minutos sobre el caso de las momias no humanas de Nasca (producida por el Instituto Inkarri Cusco).<\/li>\n<li>una pel\u00edcula de 5 minutos que re\u00fane las mejores representaciones en 3D de las diferentes entidades a partir de los archivos DICOM.<\/li>\n<li>Un extracto de 33 minutos del primer episodio de una nueva colecci\u00f3n de documentales: \u00abLos archivos OVNI del Per\u00fa\u00bb.<\/li>\n<\/ul>\n<p><strong>DVD9 (doble capa) &#8211; Sonido est\u00e9reo &#8211; Pantalla 16\/9 &#8211; Color PAL<\/strong><\/p>\n","protected":false},"featured_media":852,"template":"","meta":{"_et_pb_use_builder":"on","_et_pb_old_content":"Realizado por testigos directos de los hechos, el DVD TRIDACTYLS (digipack con 2 discos) narra, en seis episodios de 52 minutos, la historia de este sorprendente descubrimiento con implicaciones universales. Los amantes de Indiana Jones y de la serie Expediente X no quedar\u00e1n decepcionados. Excepto que aqu\u00ed los hechos relatados son 100 % reales.\r\n\r\nEsta inquietante pel\u00edcula plantea preguntas reales y desaf\u00eda al espectador. \u00bfY si fuera cierto? Thierry Jamin y sus compa\u00f1eros del Instituto Inkarri Cusco est\u00e1n en el centro de la acci\u00f3n...\r\n\r\nLa historia real, vivida desde dentro por los protagonistas del caso.\r\n\r\nEn octubre de 2016, Thierry Jamin, investigador y explorador franc\u00e9s, fue contactado por unos saqueadores de tumbas, o huaqueros, de la costa sur de Per\u00fa. Estos le revelaron el descubrimiento de unos extra\u00f1os restos momificados que, seg\u00fan ellos, se encontraban en un lugar secreto del desierto de Nazca. \u00a1A continuaci\u00f3n, le contaron una historia inveros\u00edmil!\r\n\r\nExtra\u00f1as momias humanoides, con cabezas alargadas y manos de tres dedos, van a ser noticia y revolucionar el mundo, no tan tranquilo, de la arqueolog\u00eda peruana y la ufolog\u00eda mundial.\r\n\r\nPara algunos, \u00abTRIDACTYLS\u00bb es el \u00abcaso Roswell\u00bb de la arqueolog\u00eda moderna, mientras que para otros no es m\u00e1s que una simple estafa urdida por traficantes de tesoros precolombinos o por el propio Thierry Jamin.","_et_gb_content_width":""},"product_brand":[],"product_cat":[41],"product_tag":[],"class_list":{"0":"post-848","1":"product","2":"type-product","3":"status-publish","4":"has-post-thumbnail","6":"product_cat-dvd","8":"first","9":"instock","10":"sale","11":"taxable","12":"shipping-taxable","13":"purchasable","14":"product-type-simple"},"yoast_head":"<!-- This site is optimized with the Yoast SEO plugin v27.3 - https:\/\/yoast.com\/product\/yoast-seo-wordpress\/ -->\n<title>DVD TRIDACTYLS - Digipack 2 DVD<\/title>\n<meta name=\"description\" content=\"El DVD TRIDACTYLS, narrado en seis episodios de 52 minutos por testigos directos de los hechos, cuenta la historia de las momias no humanas de Nazca.\" \/>\n<meta name=\"robots\" content=\"index, follow, max-snippet:-1, max-image-preview:large, max-video-preview:-1\" \/>\n<link rel=\"canonical\" href=\"https:\/\/jungledoc.com\/es\/produit\/dvd-tridactyls-temporada-1\/\" \/>\n<meta property=\"og:locale\" content=\"es_ES\" \/>\n<meta property=\"og:type\" content=\"article\" \/>\n<meta property=\"og:title\" content=\"DVD TRIDACTYLS - Digipack 2 DVD\" \/>\n<meta property=\"og:description\" content=\"El DVD TRIDACTYLS, narrado en seis episodios de 52 minutos por testigos directos de los hechos, cuenta la historia de las momias no humanas de Nazca.\" \/>\n<meta property=\"og:url\" content=\"https:\/\/jungledoc.com\/es\/produit\/dvd-tridactyls-temporada-1\/\" \/>\n<meta property=\"og:site_name\" content=\"Jungle Doc Productions\" \/>\n<meta property=\"article:publisher\" content=\"https:\/\/www.facebook.com\/jungledocprod\/\" \/>\n<meta property=\"article:modified_time\" content=\"2025-09-09T12:13:01+00:00\" \/>\n<meta property=\"og:image\" content=\"https:\/\/jungledoc.com\/wp-content\/uploads\/2025\/09\/TRIDAC-affiche-02-FR-HOR-1024x753.jpg\" \/>\n<meta name=\"twitter:card\" content=\"summary_large_image\" \/>\n<meta name=\"twitter:title\" content=\"DVD TRIDACTYLS - Digipack 2 DVD\" \/>\n<meta name=\"twitter:description\" content=\"El DVD TRIDACTYLS, narrado en seis episodios de 52 minutos por testigos directos de los hechos, cuenta la historia de las momias no humanas de Nazca.\" \/>\n<meta name=\"twitter:image\" content=\"https:\/\/jungledoc.com\/wp-content\/uploads\/2025\/09\/TRIDAC-affiche-02-FR-HOR-1024x753.jpg\" \/>\n<meta name=\"twitter:label1\" content=\"Tiempo de lectura\" \/>\n\t<meta name=\"twitter:data1\" content=\"2 minutos\" \/>\n<script type=\"application\/ld+json\" class=\"yoast-schema-graph\">{\"@context\":\"https:\\\/\\\/schema.org\",\"@graph\":[{\"@type\":\"WebPage\",\"@id\":\"https:\\\/\\\/jungledoc.com\\\/es\\\/produit\\\/dvd-tridactyls-temporada-1\\\/\",\"url\":\"https:\\\/\\\/jungledoc.com\\\/es\\\/produit\\\/dvd-tridactyls-temporada-1\\\/\",\"name\":\"DVD TRIDACTYLS - Digipack 2 DVD\",\"isPartOf\":{\"@id\":\"https:\\\/\\\/jungledoc.com\\\/es\\\/#website\"},\"primaryImageOfPage\":{\"@id\":\"https:\\\/\\\/jungledoc.com\\\/es\\\/produit\\\/dvd-tridactyls-temporada-1\\\/#primaryimage\"},\"image\":{\"@id\":\"https:\\\/\\\/jungledoc.com\\\/es\\\/produit\\\/dvd-tridactyls-temporada-1\\\/#primaryimage\"},\"thumbnailUrl\":\"https:\\\/\\\/jungledoc.com\\\/wp-content\\\/uploads\\\/2025\\\/09\\\/TRIDACTYLS-Saison-1-DIGIPACK.jpg\",\"datePublished\":\"2025-09-08T13:33:51+00:00\",\"dateModified\":\"2025-09-09T12:13:01+00:00\",\"description\":\"El DVD TRIDACTYLS, narrado en seis episodios de 52 minutos por testigos directos de los hechos, cuenta la historia de las momias no humanas de Nazca.\",\"breadcrumb\":{\"@id\":\"https:\\\/\\\/jungledoc.com\\\/es\\\/produit\\\/dvd-tridactyls-temporada-1\\\/#breadcrumb\"},\"inLanguage\":\"es\",\"potentialAction\":[{\"@type\":\"ReadAction\",\"target\":[\"https:\\\/\\\/jungledoc.com\\\/es\\\/produit\\\/dvd-tridactyls-temporada-1\\\/\"]}]},{\"@type\":\"ImageObject\",\"inLanguage\":\"es\",\"@id\":\"https:\\\/\\\/jungledoc.com\\\/es\\\/produit\\\/dvd-tridactyls-temporada-1\\\/#primaryimage\",\"url\":\"https:\\\/\\\/jungledoc.com\\\/wp-content\\\/uploads\\\/2025\\\/09\\\/TRIDACTYLS-Saison-1-DIGIPACK.jpg\",\"contentUrl\":\"https:\\\/\\\/jungledoc.com\\\/wp-content\\\/uploads\\\/2025\\\/09\\\/TRIDACTYLS-Saison-1-DIGIPACK.jpg\",\"width\":860,\"height\":1200,\"caption\":\"TRIDACTYLS - Temporada 1 DIGIPACK\"},{\"@type\":\"BreadcrumbList\",\"@id\":\"https:\\\/\\\/jungledoc.com\\\/es\\\/produit\\\/dvd-tridactyls-temporada-1\\\/#breadcrumb\",\"itemListElement\":[{\"@type\":\"ListItem\",\"position\":1,\"name\":\"Accueil\",\"item\":\"https:\\\/\\\/jungledoc.com\\\/es\\\/portada\\\/\"},{\"@type\":\"ListItem\",\"position\":2,\"name\":\"Tienda\",\"item\":\"https:\\\/\\\/jungledoc.com\\\/es\\\/tienda-2\\\/\"},{\"@type\":\"ListItem\",\"position\":3,\"name\":\"DVD TRIDACTYLS Temporada 1 (en franc\u00e9s)\"}]},{\"@type\":\"WebSite\",\"@id\":\"https:\\\/\\\/jungledoc.com\\\/es\\\/#website\",\"url\":\"https:\\\/\\\/jungledoc.com\\\/es\\\/\",\"name\":\"Jungle Doc Productions\",\"description\":\"\",\"publisher\":{\"@id\":\"https:\\\/\\\/jungledoc.com\\\/es\\\/#organization\"},\"potentialAction\":[{\"@type\":\"SearchAction\",\"target\":{\"@type\":\"EntryPoint\",\"urlTemplate\":\"https:\\\/\\\/jungledoc.com\\\/es\\\/?s={search_term_string}\"},\"query-input\":{\"@type\":\"PropertyValueSpecification\",\"valueRequired\":true,\"valueName\":\"search_term_string\"}}],\"inLanguage\":\"es\"},{\"@type\":\"Organization\",\"@id\":\"https:\\\/\\\/jungledoc.com\\\/es\\\/#organization\",\"name\":\"Jungle Doc Productions\",\"url\":\"https:\\\/\\\/jungledoc.com\\\/es\\\/\",\"logo\":{\"@type\":\"ImageObject\",\"inLanguage\":\"es\",\"@id\":\"https:\\\/\\\/jungledoc.com\\\/es\\\/#\\\/schema\\\/logo\\\/image\\\/\",\"url\":\"https:\\\/\\\/jungledoc.com\\\/wp-content\\\/uploads\\\/2025\\\/09\\\/logo_jungle_doc-200px.png\",\"contentUrl\":\"https:\\\/\\\/jungledoc.com\\\/wp-content\\\/uploads\\\/2025\\\/09\\\/logo_jungle_doc-200px.png\",\"width\":200,\"height\":99,\"caption\":\"Jungle Doc Productions\"},\"image\":{\"@id\":\"https:\\\/\\\/jungledoc.com\\\/es\\\/#\\\/schema\\\/logo\\\/image\\\/\"},\"sameAs\":[\"https:\\\/\\\/www.facebook.com\\\/jungledocprod\\\/\"]}]}<\/script>\n<!-- \/ Yoast SEO plugin. -->","yoast_head_json":{"title":"DVD TRIDACTYLS - Digipack 2 DVD","description":"El DVD TRIDACTYLS, narrado en seis episodios de 52 minutos por testigos directos de los hechos, cuenta la historia de las momias no humanas de Nazca.","robots":{"index":"index","follow":"follow","max-snippet":"max-snippet:-1","max-image-preview":"max-image-preview:large","max-video-preview":"max-video-preview:-1"},"canonical":"https:\/\/jungledoc.com\/es\/produit\/dvd-tridactyls-temporada-1\/","og_locale":"es_ES","og_type":"article","og_title":"DVD TRIDACTYLS - Digipack 2 DVD","og_description":"El DVD TRIDACTYLS, narrado en seis episodios de 52 minutos por testigos directos de los hechos, cuenta la historia de las momias no humanas de Nazca.","og_url":"https:\/\/jungledoc.com\/es\/produit\/dvd-tridactyls-temporada-1\/","og_site_name":"Jungle Doc Productions","article_publisher":"https:\/\/www.facebook.com\/jungledocprod\/","article_modified_time":"2025-09-09T12:13:01+00:00","og_image":[{"url":"https:\/\/jungledoc.com\/wp-content\/uploads\/2025\/09\/TRIDAC-affiche-02-FR-HOR-1024x753.jpg","type":"","width":"","height":""}],"twitter_card":"summary_large_image","twitter_title":"DVD TRIDACTYLS - Digipack 2 DVD","twitter_description":"El DVD TRIDACTYLS, narrado en seis episodios de 52 minutos por testigos directos de los hechos, cuenta la historia de las momias no humanas de Nazca.","twitter_image":"https:\/\/jungledoc.com\/wp-content\/uploads\/2025\/09\/TRIDAC-affiche-02-FR-HOR-1024x753.jpg","twitter_misc":{"Tiempo de lectura":"2 minutos"},"schema":{"@context":"https:\/\/schema.org","@graph":[{"@type":"WebPage","@id":"https:\/\/jungledoc.com\/es\/produit\/dvd-tridactyls-temporada-1\/","url":"https:\/\/jungledoc.com\/es\/produit\/dvd-tridactyls-temporada-1\/","name":"DVD TRIDACTYLS - Digipack 2 DVD","isPartOf":{"@id":"https:\/\/jungledoc.com\/es\/#website"},"primaryImageOfPage":{"@id":"https:\/\/jungledoc.com\/es\/produit\/dvd-tridactyls-temporada-1\/#primaryimage"},"image":{"@id":"https:\/\/jungledoc.com\/es\/produit\/dvd-tridactyls-temporada-1\/#primaryimage"},"thumbnailUrl":"https:\/\/jungledoc.com\/wp-content\/uploads\/2025\/09\/TRIDACTYLS-Saison-1-DIGIPACK.jpg","datePublished":"2025-09-08T13:33:51+00:00","dateModified":"2025-09-09T12:13:01+00:00","description":"El DVD TRIDACTYLS, narrado en seis episodios de 52 minutos por testigos directos de los hechos, cuenta la historia de las momias no humanas de Nazca.","breadcrumb":{"@id":"https:\/\/jungledoc.com\/es\/produit\/dvd-tridactyls-temporada-1\/#breadcrumb"},"inLanguage":"es","potentialAction":[{"@type":"ReadAction","target":["https:\/\/jungledoc.com\/es\/produit\/dvd-tridactyls-temporada-1\/"]}]},{"@type":"ImageObject","inLanguage":"es","@id":"https:\/\/jungledoc.com\/es\/produit\/dvd-tridactyls-temporada-1\/#primaryimage","url":"https:\/\/jungledoc.com\/wp-content\/uploads\/2025\/09\/TRIDACTYLS-Saison-1-DIGIPACK.jpg","contentUrl":"https:\/\/jungledoc.com\/wp-content\/uploads\/2025\/09\/TRIDACTYLS-Saison-1-DIGIPACK.jpg","width":860,"height":1200,"caption":"TRIDACTYLS - Temporada 1 DIGIPACK"},{"@type":"BreadcrumbList","@id":"https:\/\/jungledoc.com\/es\/produit\/dvd-tridactyls-temporada-1\/#breadcrumb","itemListElement":[{"@type":"ListItem","position":1,"name":"Accueil","item":"https:\/\/jungledoc.com\/es\/portada\/"},{"@type":"ListItem","position":2,"name":"Tienda","item":"https:\/\/jungledoc.com\/es\/tienda-2\/"},{"@type":"ListItem","position":3,"name":"DVD TRIDACTYLS Temporada 1 (en franc\u00e9s)"}]},{"@type":"WebSite","@id":"https:\/\/jungledoc.com\/es\/#website","url":"https:\/\/jungledoc.com\/es\/","name":"Jungle Doc Productions","description":"","publisher":{"@id":"https:\/\/jungledoc.com\/es\/#organization"},"potentialAction":[{"@type":"SearchAction","target":{"@type":"EntryPoint","urlTemplate":"https:\/\/jungledoc.com\/es\/?s={search_term_string}"},"query-input":{"@type":"PropertyValueSpecification","valueRequired":true,"valueName":"search_term_string"}}],"inLanguage":"es"},{"@type":"Organization","@id":"https:\/\/jungledoc.com\/es\/#organization","name":"Jungle Doc Productions","url":"https:\/\/jungledoc.com\/es\/","logo":{"@type":"ImageObject","inLanguage":"es","@id":"https:\/\/jungledoc.com\/es\/#\/schema\/logo\/image\/","url":"https:\/\/jungledoc.com\/wp-content\/uploads\/2025\/09\/logo_jungle_doc-200px.png","contentUrl":"https:\/\/jungledoc.com\/wp-content\/uploads\/2025\/09\/logo_jungle_doc-200px.png","width":200,"height":99,"caption":"Jungle Doc Productions"},"image":{"@id":"https:\/\/jungledoc.com\/es\/#\/schema\/logo\/image\/"},"sameAs":["https:\/\/www.facebook.com\/jungledocprod\/"]}]}},"_links":{"self":[{"href":"https:\/\/jungledoc.com\/es\/wp-json\/wp\/v2\/product\/848","targetHints":{"allow":["GET"]}}],"collection":[{"href":"https:\/\/jungledoc.com\/es\/wp-json\/wp\/v2\/product"}],"about":[{"href":"https:\/\/jungledoc.com\/es\/wp-json\/wp\/v2\/types\/product"}],"wp:featuredmedia":[{"embeddable":true,"href":"https:\/\/jungledoc.com\/es\/wp-json\/wp\/v2\/media\/852"}],"wp:attachment":[{"href":"https:\/\/jungledoc.com\/es\/wp-json\/wp\/v2\/media?parent=848"}],"wp:term":[{"taxonomy":"product_brand","embeddable":true,"href":"https:\/\/jungledoc.com\/es\/wp-json\/wp\/v2\/product_brand?post=848"},{"taxonomy":"product_cat","embeddable":true,"href":"https:\/\/jungledoc.com\/es\/wp-json\/wp\/v2\/product_cat?post=848"},{"taxonomy":"product_tag","embeddable":true,"href":"https:\/\/jungledoc.com\/es\/wp-json\/wp\/v2\/product_tag?post=848"}],"curies":[{"name":"wp","href":"https:\/\/api.w.org\/{rel}","templated":true}]}}